{"id":200711,"date":"2021-07-15T13:21:21","date_gmt":"2021-07-15T12:21:21","guid":{"rendered":"https:\/\/www.moskito.cz\/?post_type=product&#038;p=200711"},"modified":"2025-06-20T14:45:55","modified_gmt":"2025-06-20T13:45:55","slug":"pevny-nuz-extrema-ratio-adra-special-edition-17-stormo","status":"publish","type":"product","link":"https:\/\/www.moskito.cz\/es\/produkt\/pevny-nuz-extrema-ratio-adra-special-edition-17-stormo\/","title":{"rendered":"Pevn\u00fd N\u016f\u017e Extrema Ratio ADRA SPECIAL EDITION 17\u00b0 STORMO"},"content":{"rendered":"<p>Pevn\u00fd N\u016f\u017e <strong>Extrema Ratio<\/strong> ADRA SPECIAL EDITION 17\u00b0 STORMO.<\/p>\n<p>\u201eArditi Distruttori della Regia Aeronautica\u201c (rozsv\u00edcen\u00fd state\u010dn\u00fd torp\u00e9doborec kr\u00e1lovsk\u00e9ho letectva) byl italsk\u00fd prapor slou\u017e\u00edc\u00ed v severoafrick\u00e9m theateru b\u011bhem druh\u00e9 sv\u011btov\u00e9 v\u00e1lky a z\u00edskal dv\u011b st\u0159\u00edbrn\u00e9 medaile cti. M\u011bli za \u00fakol slo\u017eit\u00e9 sabot\u00e1\u017en\u00ed operace proti nep\u0159\u00e1telsk\u00fdm leti\u0161t\u00edm, kter\u00fdch dos\u00e1hli pomoc\u00ed bezprecedentn\u00ed partyz\u00e1nsk\u00e9 taktice. Nyn\u00ed 17 \u00b0 Stormo Incursori (17. k\u0159\u00eddlo lupi\u010d\u016f) italsk\u00e9ho letectva navazuje na jejich slavn\u00e9 d\u011bdictv\u00ed jako speci\u00e1ln\u00ed jednotky. Jako hmatateln\u00fd znak kontinuity se \u010dlenov\u00e9 17. \u0159ady se\u0159adili a p\u0159edv\u00e1d\u011bli bojov\u00e9 d\u00fdky za opasky, jak je nosili Arditi. Tato d\u00fdka ADRA, se sv\u00fdm klasick\u00fdm evropsk\u00fdm tvarem, byla navr\u017eena pro a se siln\u00fdm p\u0159isp\u011bn\u00edm velitel\u016f a agent\u016f 17. let. Tak za\u010d\u00edn\u00e1 jeho cesta cti a povinnosti. ADRA SPECIAL EDITION 17 \u00b0 STORMO je \u010d\u00edslovan\u00e1, neomezen\u00e1 edice, se satinovanou \u010depel\u00ed a detaily a 17. logem Stormo. Dod\u00e1v\u00e1 se v d\u0159ev\u011bn\u00e9m pouzd\u0159e, v\u010detn\u011b pouzdra na p\u0159ehl\u00eddkov\u00fd p\u00e1s.<br \/>\nTECHNICK\u00dd LIST<br \/>\nHmotnost g .: 331<br \/>\nD\u00e9lka \u010depele (mm): 178<br \/>\nCelkov\u00e1 d\u00e9lka (mm): 311<br \/>\nCelkov\u00e1 d\u00e9lka (v): 12,2<br \/>\nTlou\u0161\u0165ka \u010depele (mm): 6,3<br \/>\nMateri\u00e1l \u010depele: B\u00f6HLER N690 STEEL (58HRC)<br \/>\nDokon\u010den\u00ed \u010depele: SAT\u00c9N<\/p>\n<p>Zoubkov\u00e1n\u00ed (v): 1,6<br \/>\nOzuben\u00ed (mm): 40<br \/>\nMateri\u00e1l rukojeti: NYLON<\/p>\n","protected":false},"excerpt":{"rendered":"<p>Spole\u010dnost\u00a0<strong>Extrema Ratio<\/strong>\u00a0se s\u00eddlem v italsk\u00e9m Pratu navrhuje a vyr\u00e1b\u00ed vysoce v\u00fdkonn\u00e9 bojov\u00e9, vojensk\u00e9, kuchy\u0148sk\u00e9, loveck\u00e9 a taktick\u00e9 no\u017ee od roku 1997 a m\u00e1 pov\u011bst vynikaj\u00edc\u00ed kvality, kter\u00e1 je v oboru vojensk\u00fdch a taktick\u00fdch no\u017e\u016f nep\u0159ekonateln\u00e1.\u00a0<strong>Doprava zdarma.<\/strong><\/p>\n","protected":false},"featured_media":200712,"comment_status":"open","ping_status":"closed","template":"","meta":[],"pwb-brand":[267],"product_brand":[],"product_cat":[23,17],"product_tag":[3667],"class_list":{"0":"post-200711","1":"product","2":"type-product","3":"status-publish","4":"has-post-thumbnail","6":"pwb-brand-extrema-ratio","7":"product_cat-pevne-noze","8":"product_cat-noze","9":"product_tag-b2b","11":"first","12":"instock","13":"taxable","14":"shipping-taxable","15":"purchasable","16":"product-type-simple"},"brands":[{"id":267,"name":"Extrema Ratio","slug":"extrema-ratio"}],"_links":{"self":[{"href":"https:\/\/www.moskito.cz\/es\/wp-json\/wp\/v2\/product\/200711","targetHints":{"allow":["GET"]}}],"collection":[{"href":"https:\/\/www.moskito.cz\/es\/wp-json\/wp\/v2\/product"}],"about":[{"href":"https:\/\/www.moskito.cz\/es\/wp-json\/wp\/v2\/types\/product"}],"replies":[{"embeddable":true,"href":"https:\/\/www.moskito.cz\/es\/wp-json\/wp\/v2\/comments?post=200711"}],"wp:featuredmedia":[{"embeddable":true,"href":"https:\/\/www.moskito.cz\/es\/wp-json\/wp\/v2\/media\/200712"}],"wp:attachment":[{"href":"https:\/\/www.moskito.cz\/es\/wp-json\/wp\/v2\/media?parent=200711"}],"wp:term":[{"taxonomy":"pwb-brand","embeddable":true,"href":"https:\/\/www.moskito.cz\/es\/wp-json\/wp\/v2\/pwb-brand?post=200711"},{"taxonomy":"product_brand","embeddable":true,"href":"https:\/\/www.moskito.cz\/es\/wp-json\/wp\/v2\/product_brand?post=200711"},{"taxonomy":"product_cat","embeddable":true,"href":"https:\/\/www.moskito.cz\/es\/wp-json\/wp\/v2\/product_cat?post=200711"},{"taxonomy":"product_tag","embeddable":true,"href":"https:\/\/www.moskito.cz\/es\/wp-json\/wp\/v2\/product_tag?post=200711"}],"curies":[{"name":"wp","href":"https:\/\/api.w.org\/{rel}","templated":true}]}}