{"id":201434,"date":"2021-07-29T22:28:23","date_gmt":"2021-07-29T21:28:23","guid":{"rendered":"https:\/\/www.moskito.cz\/?post_type=product&#038;p=201434"},"modified":"2025-05-07T10:35:10","modified_gmt":"2025-05-07T09:35:10","slug":"sekera-crkt-woods-chogan-t-hawk","status":"publish","type":"product","link":"https:\/\/www.moskito.cz\/es\/produkt\/sekera-crkt-woods-chogan-t-hawk\/","title":{"rendered":"Sekera CRKT WOODS CHOGAN T-HAWK 2730KS"},"content":{"rendered":"<h3><strong>Sekera CRKT WOODS CHOGAN T-HAWK 2730KS<\/strong><\/h3>\n<p><strong>Navrhl:<\/strong> Ryan Johnson (RMJ Tactical)<br \/>\n<strong>Styl:<\/strong> Tomahawk s obouru\u010dn\u00ed rukojet\u00ed<\/p>\n<p><strong>CRKT Woods Chogan\u2122 T-Hawk<\/strong> je <strong>profesion\u00e1ln\u00ed t\u00e1borov\u00e1 sekera<\/strong> navr\u017een\u00e1 pro <strong>nekompromisn\u00ed v\u00fdkon<\/strong> v p\u0159\u00edrodn\u00edch podm\u00ednk\u00e1ch. A\u0165 u\u017e stav\u00edte ohe\u0148, srub nebo pot\u0159ebujete univerz\u00e1ln\u00ed n\u00e1stroj pro n\u00e1ro\u010dn\u00e9 outdoorov\u00e9 aktivity, tato sekera spl\u0148uje v\u0161echny po\u017eadavky na <strong>odolnost<\/strong>, <strong>s\u00edlu<\/strong> a <strong>funk\u010dnost<\/strong>.<\/p>\n<h3><strong>Hlavn\u00ed vlastnosti a v\u00fdhody:<\/strong><\/h3>\n<h4>1. <strong>Kovan\u00e1 \u010depel z uhl\u00edkov\u00e9 oceli 1055:<\/strong><\/h4>\n<ul>\n<li><strong>Za tepla kovan\u00e1 \u010depel z uhl\u00edkov\u00e9 oceli 1055<\/strong> je zn\u00e1m\u00e1 svou <strong>vysokou odolnost\u00ed<\/strong> a <strong>skv\u011bl\u00fdmi \u0159ezn\u00fdmi vlastnostmi<\/strong>, co\u017e z n\u00ed \u010din\u00ed ide\u00e1ln\u00ed materi\u00e1l pro outdoorov\u00e9 n\u00e1stroje, jako je T-Hawk. Tato \u010depel je <strong>siln\u00e1, hou\u017eevnat\u00e1<\/strong> a p\u0159ipraven\u00e1 na t\u011b\u017ekou pr\u00e1ci, a\u0165 u\u017e jde o se\u010den\u00ed d\u0159eva nebo stavbu p\u0159\u00edst\u0159e\u0161\u00ed.<\/li>\n<\/ul>\n<h4>2. <strong>Sekera s kladivem:<\/strong><\/h4>\n<ul>\n<li><strong>Sekera s kladivem<\/strong> je nejen ide\u00e1ln\u00ed pro rozsek\u00e1v\u00e1n\u00ed a \u0161t\u00edp\u00e1n\u00ed d\u0159eva, ale tak\u00e9 pro <strong>kov\u00e1n\u00ed<\/strong> nebo <strong>pr\u00e1ci s jin\u00fdmi materi\u00e1ly<\/strong>, kter\u00e9 vy\u017eaduj\u00ed tvrd\u0161\u00ed \u00fadery. Tato multifunk\u010dnost p\u0159id\u00e1v\u00e1 na hodnot\u011b a univerz\u00e1lnosti tohoto n\u00e1stroje.<\/li>\n<\/ul>\n<h4>3. <strong>Rukoje\u0165 z Tennessee Hickory:<\/strong><\/h4>\n<ul>\n<li><strong>Tennessee Hickory<\/strong> je zn\u00e1m\u00fd svou <strong>vysokou pevnost\u00ed<\/strong> a <strong>vydr\u017e\u00ed i t\u011b\u017ek\u00e9 n\u00e1razy<\/strong>, co\u017e \u010din\u00ed tuto rukoje\u0165 ide\u00e1ln\u00ed pro n\u00e1stroje, kter\u00e9 maj\u00ed b\u00fdt pou\u017e\u00edv\u00e1ny v n\u00e1ro\u010dn\u00fdch podm\u00ednk\u00e1ch. V kombinaci s klasick\u00fdm <strong>designem obouru\u010dn\u00ed rukojeti<\/strong> v\u00e1m poskytne maxim\u00e1ln\u00ed kontrolu a komfort p\u0159i pr\u00e1ci.<\/li>\n<\/ul>\n<h4>4. <strong>Design a proveden\u00ed:<\/strong><\/h4>\n<ul>\n<li>Tento tomahawk m\u00e1 <strong>klasick\u00fd vzhled<\/strong> s <strong>modern\u00edmi technologiemi<\/strong>, co\u017e je Ryan Johnson, designer z RMJ Tactical, p\u0159ivedl k dokonalosti. Je navr\u017een tak, aby byl <strong>lehce ovladateln\u00fd<\/strong>, a p\u0159itom dostate\u010dn\u011b siln\u00fd pro pr\u00e1ci v ter\u00e9nu.<\/li>\n<li><strong>Jasn\u00fd lak<\/strong> na \u010depeli poskytuje dodate\u010dnou ochranu proti korozi a zaji\u0161\u0165uje dlouhou \u017eivotnost n\u00e1stroje.<\/li>\n<\/ul>\n<h4>5. <strong>Univerz\u00e1lnost pro venkovn\u00ed pou\u017eit\u00ed:<\/strong><\/h4>\n<ul>\n<li><strong>CRKT Woods Chogan\u2122 T-Hawk<\/strong> je ide\u00e1ln\u00ed pro \u0161irokou \u0161k\u00e1lu venkovn\u00edch aktivit, jako je <strong>kempov\u00e1n\u00ed, t\u00e1bo\u0159en\u00ed, stavba p\u0159\u00edst\u0159e\u0161\u00ed<\/strong>, nebo dokonce pro <strong>obrann\u00e9 \u00fa\u010dely<\/strong>. Je to <strong>v\u00fdkonn\u00fd n\u00e1stroj<\/strong>, kter\u00fd v\u00e1m pom\u016f\u017ee p\u0159e\u017e\u00edt a prosperovat v p\u0159\u00edrod\u011b.<\/li>\n<\/ul>\n<h3><strong>Specifikace:<\/strong><\/h3>\n<ul>\n<li><strong>D\u00e9lka \u010depele:<\/strong> 3,50&#8243; (88,90 mm)<\/li>\n<li><strong>Blade Edge:<\/strong> Sekera s kladivem<\/li>\n<li><strong>\u010cepel ocel:<\/strong> Uhl\u00edkov\u00e1 ocel 1055<\/li>\n<li><strong>Dokon\u010den\u00ed \u010depele:<\/strong> Jasn\u00fd lak<\/li>\n<li><strong>Tlou\u0161\u0165ka \u010depele:<\/strong> 0,52&#8243; (13,21 mm)<\/li>\n<li><strong>Celkov\u00e1 d\u00e9lka:<\/strong> 19,00&#8243; (482,60 mm)<\/li>\n<li><strong>Hmotnost:<\/strong> 0,99 kg<\/li>\n<li><strong>Rukoje\u0165:<\/strong> Tennessee Hickory<\/li>\n<li><strong>Styl:<\/strong> Tomahawk<\/li>\n<\/ul>\n<h3><strong>Vyu\u017eit\u00ed:<\/strong><\/h3>\n<ul>\n<li><strong>T\u011b\u017ek\u00e1 pr\u00e1ce:<\/strong> Se\u010den\u00ed, \u0161t\u00edp\u00e1n\u00ed a p\u0159\u00edprava d\u0159eva pro t\u00e1borov\u00fd ohe\u0148 nebo stavbu p\u0159\u00edst\u0159e\u0161\u00ed.<\/li>\n<li><strong>Venkovn\u00ed dobrodru\u017estv\u00ed:<\/strong> Skv\u00e9l\u00e9 pro kempov\u00e1n\u00ed, loveck\u00e9 v\u00fdpravy nebo survival situace.<\/li>\n<li><strong>Konstruk\u010dn\u00ed pr\u00e1ce:<\/strong> M\u016f\u017ee se hodit i p\u0159i stavb\u011b p\u0159\u00edst\u0159e\u0161\u00ed, k\u00e1cen\u00ed strom\u016f nebo na jin\u00e9 t\u011b\u017ek\u00e9 \u00fakoly v p\u0159\u00edrod\u011b.<\/li>\n<\/ul>\n<h3><strong>Z\u00e1v\u011br:<\/strong><\/h3>\n<p><strong>CRKT Woods Chogan\u2122 T-Hawk<\/strong> je ide\u00e1ln\u00edm n\u00e1strojem pro ka\u017ed\u00e9ho, kdo pot\u0159ebuje <strong>vysokov\u00fdkonnou<\/strong> sekera s <strong>klasick\u00fdm designem<\/strong> a <strong>neuv\u011b\u0159itelnou silou<\/strong> pro pr\u00e1ci v p\u0159\u00edrod\u011b. D\u00edky kombinaci <strong>kovan\u00e9 \u010depele z uhl\u00edkov\u00e9 oceli<\/strong> a <strong>Tennessee hickory rukojeti<\/strong> v\u00e1m tento tomahawk poskytne v\u0161echny pot\u0159ebn\u00e9 n\u00e1stroje pro p\u0159e\u017eit\u00ed a pr\u00e1ci v ter\u00e9nu. A\u0165 u\u017e stav\u00edte t\u00e1borov\u00fd ohe\u0148, srub nebo jen hled\u00e1te univerz\u00e1ln\u00ed n\u00e1stroj na p\u0159e\u017eit\u00ed, CRKT Woods Chogan\u2122 T-Hawk v\u00e1m bude v\u011brn\u00fdm a siln\u00fdm pomocn\u00edkem.<\/p>\n<div class=\"additional-attributes-wrapper table-wrapper\"><\/div>\n<p><iframe title=\"CRKT Exclusive | Black Woods Chogan T-Hawk\" width=\"800\" height=\"450\" src=\"https:\/\/www.youtube.com\/embed\/dzYsa4H7Gpw?feature=oembed\" frameborder=\"0\" allow=\"accelerometer; autoplay; clipboard-write; encrypted-media; gyroscope; picture-in-picture; web-share\" referrerpolicy=\"strict-origin-when-cross-origin\" allowfullscreen><\/iframe><\/p>\n<p>&nbsp;<\/p>\n","protected":false},"excerpt":{"rendered":"<p><strong>CRKT Woods Chogan\u2122 T-Hawk je ide\u00e1ln\u00edm n\u00e1strojem pro ka\u017ed\u00e9ho, kdo pot\u0159ebuje vysokov\u00fdkonnou sekera s klasick\u00fdm designem a neuv\u011b\u0159itelnou silou pro pr\u00e1ci v p\u0159\u00edrod\u011b. D\u00edky kombinaci kovan\u00e9 \u010depele z uhl\u00edkov\u00e9 oceli a Tennessee hickory rukojeti v\u00e1m tento tomahawk poskytne v\u0161echny pot\u0159ebn\u00e9 n\u00e1stroje pro p\u0159e\u017eit\u00ed a pr\u00e1ci v ter\u00e9nu. A\u0165 u\u017e stav\u00edte t\u00e1borov\u00fd ohe\u0148, srub nebo jen hled\u00e1te univerz\u00e1ln\u00ed n\u00e1stroj na p\u0159e\u017eit\u00ed, CRKT Woods Chogan\u2122 T-Hawk v\u00e1m bude v\u011brn\u00fdm a siln\u00fdm pomocn\u00edkem.<\/strong><\/p>\n<div class=\"additional-attributes-wrapper table-wrapper\"><\/div>\n","protected":false},"featured_media":201438,"comment_status":"open","ping_status":"closed","template":"","meta":[],"pwb-brand":[209],"product_brand":[],"product_cat":[32],"product_tag":[3667],"class_list":{"0":"post-201434","1":"product","2":"type-product","3":"status-publish","4":"has-post-thumbnail","6":"pwb-brand-crkt","7":"product_cat-sekery","8":"product_tag-b2b","10":"first","11":"outofstock","12":"taxable","13":"shipping-taxable","14":"purchasable","15":"product-type-simple"},"brands":[{"id":209,"name":"CRKT","slug":"crkt"}],"_links":{"self":[{"href":"https:\/\/www.moskito.cz\/es\/wp-json\/wp\/v2\/product\/201434","targetHints":{"allow":["GET"]}}],"collection":[{"href":"https:\/\/www.moskito.cz\/es\/wp-json\/wp\/v2\/product"}],"about":[{"href":"https:\/\/www.moskito.cz\/es\/wp-json\/wp\/v2\/types\/product"}],"replies":[{"embeddable":true,"href":"https:\/\/www.moskito.cz\/es\/wp-json\/wp\/v2\/comments?post=201434"}],"wp:featuredmedia":[{"embeddable":true,"href":"https:\/\/www.moskito.cz\/es\/wp-json\/wp\/v2\/media\/201438"}],"wp:attachment":[{"href":"https:\/\/www.moskito.cz\/es\/wp-json\/wp\/v2\/media?parent=201434"}],"wp:term":[{"taxonomy":"pwb-brand","embeddable":true,"href":"https:\/\/www.moskito.cz\/es\/wp-json\/wp\/v2\/pwb-brand?post=201434"},{"taxonomy":"product_brand","embeddable":true,"href":"https:\/\/www.moskito.cz\/es\/wp-json\/wp\/v2\/product_brand?post=201434"},{"taxonomy":"product_cat","embeddable":true,"href":"https:\/\/www.moskito.cz\/es\/wp-json\/wp\/v2\/product_cat?post=201434"},{"taxonomy":"product_tag","embeddable":true,"href":"https:\/\/www.moskito.cz\/es\/wp-json\/wp\/v2\/product_tag?post=201434"}],"curies":[{"name":"wp","href":"https:\/\/api.w.org\/{rel}","templated":true}]}}