{"id":201901,"date":"2021-08-03T20:43:11","date_gmt":"2021-08-03T19:43:11","guid":{"rendered":"https:\/\/www.moskito.cz\/?post_type=product&#038;p=201901"},"modified":"2025-05-07T10:35:17","modified_gmt":"2025-05-07T09:35:17","slug":"zaviraci-nuz-united-cutlery-ronin-bushido","status":"publish","type":"product","link":"https:\/\/www.moskito.cz\/es\/produkt\/zaviraci-nuz-united-cutlery-ronin-bushido\/","title":{"rendered":"Zav\u00edrac\u00ed N\u016f\u017e United Cutlery Ronin Bushido"},"content":{"rendered":"<p>Zav\u00edrac\u00ed N\u016f\u017e <strong>United Cutlery<\/strong> Ronin Bushido.<\/p>\n<p>Detail produktu:<\/p>\n<p>\u00b7 D\u00e9lka zav\u0159en\u00e9ho no\u017ee: 120,65 mm<\/p>\n<p>\u00b7 D\u00e9lka \u010depele: 82,55 mm<\/p>\n<p>\u00b7 Ocel: stainless<\/p>\n<p>\u00b7 Materi\u00e1l st\u0159enky: plastic with TPR insert<\/p>\n<p>\u00b7 Klip<\/p>\n","protected":false},"excerpt":{"rendered":"<p>Zav\u00edrac\u00ed n\u016f\u017e s pojistkou a klipem na no\u0161en\u00ed.<\/p>\n","protected":false},"featured_media":201903,"comment_status":"open","ping_status":"closed","template":"","meta":[],"pwb-brand":[657],"product_brand":[],"product_cat":[22,17],"product_tag":[],"class_list":{"0":"post-201901","1":"product","2":"type-product","3":"status-publish","4":"has-post-thumbnail","6":"pwb-brand-united-cutlery","7":"product_cat-zaviraci-noze","8":"product_cat-noze","10":"first","11":"instock","12":"taxable","13":"shipping-taxable","14":"purchasable","15":"product-type-simple"},"brands":[{"id":657,"name":"United Cutlery","slug":"united-cutlery"}],"_links":{"self":[{"href":"https:\/\/www.moskito.cz\/es\/wp-json\/wp\/v2\/product\/201901","targetHints":{"allow":["GET"]}}],"collection":[{"href":"https:\/\/www.moskito.cz\/es\/wp-json\/wp\/v2\/product"}],"about":[{"href":"https:\/\/www.moskito.cz\/es\/wp-json\/wp\/v2\/types\/product"}],"replies":[{"embeddable":true,"href":"https:\/\/www.moskito.cz\/es\/wp-json\/wp\/v2\/comments?post=201901"}],"wp:featuredmedia":[{"embeddable":true,"href":"https:\/\/www.moskito.cz\/es\/wp-json\/wp\/v2\/media\/201903"}],"wp:attachment":[{"href":"https:\/\/www.moskito.cz\/es\/wp-json\/wp\/v2\/media?parent=201901"}],"wp:term":[{"taxonomy":"pwb-brand","embeddable":true,"href":"https:\/\/www.moskito.cz\/es\/wp-json\/wp\/v2\/pwb-brand?post=201901"},{"taxonomy":"product_brand","embeddable":true,"href":"https:\/\/www.moskito.cz\/es\/wp-json\/wp\/v2\/product_brand?post=201901"},{"taxonomy":"product_cat","embeddable":true,"href":"https:\/\/www.moskito.cz\/es\/wp-json\/wp\/v2\/product_cat?post=201901"},{"taxonomy":"product_tag","embeddable":true,"href":"https:\/\/www.moskito.cz\/es\/wp-json\/wp\/v2\/product_tag?post=201901"}],"curies":[{"name":"wp","href":"https:\/\/api.w.org\/{rel}","templated":true}]}}