{"id":201937,"date":"2021-08-03T21:27:14","date_gmt":"2021-08-03T20:27:14","guid":{"rendered":"https:\/\/www.moskito.cz\/?post_type=product&#038;p=201937"},"modified":"2025-05-07T10:35:18","modified_gmt":"2025-05-07T09:35:18","slug":"stojan-na-katany-united-cutlery-shikoto-lonquan","status":"publish","type":"product","link":"https:\/\/www.moskito.cz\/es\/produkt\/stojan-na-katany-united-cutlery-shikoto-lonquan\/","title":{"rendered":"Stojan na katany United Cutlery Shikoto Lonquan"},"content":{"rendered":"<p>Stojan na katany <strong>United Cutlery<\/strong> Shikoto Lonquan.<\/p>\n<p>D\u0159ev\u011bn\u00e1 konstrukce v matn\u00e9m \u010dern\u00e9m proveden\u00ed. Udr\u017e\u00ed t\u0159i me\u010de ve vodorovn\u00e9 poloze.<\/p>\n","protected":false},"excerpt":{"rendered":"<p>Stojan na 3 katany.<\/p>\n","protected":false},"featured_media":201939,"comment_status":"open","ping_status":"closed","template":"","meta":[],"pwb-brand":[657],"product_brand":[],"product_cat":[24,1942],"product_tag":[],"class_list":{"0":"post-201937","1":"product","2":"type-product","3":"status-publish","4":"has-post-thumbnail","6":"pwb-brand-united-cutlery","7":"product_cat-katany-a-mece","8":"product_cat-mece-dyky-repliky","10":"first","11":"instock","12":"taxable","13":"shipping-taxable","14":"purchasable","15":"product-type-simple"},"brands":[{"id":657,"name":"United Cutlery","slug":"united-cutlery"}],"_links":{"self":[{"href":"https:\/\/www.moskito.cz\/es\/wp-json\/wp\/v2\/product\/201937","targetHints":{"allow":["GET"]}}],"collection":[{"href":"https:\/\/www.moskito.cz\/es\/wp-json\/wp\/v2\/product"}],"about":[{"href":"https:\/\/www.moskito.cz\/es\/wp-json\/wp\/v2\/types\/product"}],"replies":[{"embeddable":true,"href":"https:\/\/www.moskito.cz\/es\/wp-json\/wp\/v2\/comments?post=201937"}],"wp:featuredmedia":[{"embeddable":true,"href":"https:\/\/www.moskito.cz\/es\/wp-json\/wp\/v2\/media\/201939"}],"wp:attachment":[{"href":"https:\/\/www.moskito.cz\/es\/wp-json\/wp\/v2\/media?parent=201937"}],"wp:term":[{"taxonomy":"pwb-brand","embeddable":true,"href":"https:\/\/www.moskito.cz\/es\/wp-json\/wp\/v2\/pwb-brand?post=201937"},{"taxonomy":"product_brand","embeddable":true,"href":"https:\/\/www.moskito.cz\/es\/wp-json\/wp\/v2\/product_brand?post=201937"},{"taxonomy":"product_cat","embeddable":true,"href":"https:\/\/www.moskito.cz\/es\/wp-json\/wp\/v2\/product_cat?post=201937"},{"taxonomy":"product_tag","embeddable":true,"href":"https:\/\/www.moskito.cz\/es\/wp-json\/wp\/v2\/product_tag?post=201937"}],"curies":[{"name":"wp","href":"https:\/\/api.w.org\/{rel}","templated":true}]}}