{"id":201950,"date":"2021-08-03T21:46:35","date_gmt":"2021-08-03T20:46:35","guid":{"rendered":"https:\/\/www.moskito.cz\/?post_type=product&#038;p=201950"},"modified":"2025-05-07T10:35:18","modified_gmt":"2025-05-07T09:35:18","slug":"pevny-nuz-united-cutlery-usmc-kukri","status":"publish","type":"product","link":"https:\/\/www.moskito.cz\/es\/produkt\/pevny-nuz-united-cutlery-usmc-kukri\/","title":{"rendered":"Pevn\u00fd N\u016f\u017e United Cutlery USMC Kukri"},"content":{"rendered":"<p>Pevn\u00fd N\u016f\u017e <strong>United Cutlery<\/strong> USMC Kukri.<\/p>\n<p>Celkov\u00e1 d\u00e9lka no\u017ee je 41 cm. Sat\u00e9nov\u00e1 \u010depel z nerezov\u00e9 kukri 420J2 je dlouh\u00e1 26 cm. Mosazn\u00fd kryt a hlavice. Hn\u011bd\u00e9 ko\u017een\u00e9 pouzdro na opasek je sou\u010d\u00e1st\u00ed.<\/p>\n<p>&nbsp;<\/p>\n<p>&nbsp;<\/p>\n<p>&nbsp;<\/p>\n","protected":false},"excerpt":{"rendered":"<p>Pevn\u00fd n\u016f\u017e s pouzdrem.<\/p>\n","protected":false},"featured_media":201951,"comment_status":"open","ping_status":"closed","template":"","meta":[],"pwb-brand":[657],"product_brand":[],"product_cat":[23,17],"product_tag":[],"class_list":{"0":"post-201950","1":"product","2":"type-product","3":"status-publish","4":"has-post-thumbnail","6":"pwb-brand-united-cutlery","7":"product_cat-pevne-noze","8":"product_cat-noze","10":"first","11":"instock","12":"taxable","13":"shipping-taxable","14":"purchasable","15":"product-type-simple"},"brands":[{"id":657,"name":"United Cutlery","slug":"united-cutlery"}],"_links":{"self":[{"href":"https:\/\/www.moskito.cz\/es\/wp-json\/wp\/v2\/product\/201950","targetHints":{"allow":["GET"]}}],"collection":[{"href":"https:\/\/www.moskito.cz\/es\/wp-json\/wp\/v2\/product"}],"about":[{"href":"https:\/\/www.moskito.cz\/es\/wp-json\/wp\/v2\/types\/product"}],"replies":[{"embeddable":true,"href":"https:\/\/www.moskito.cz\/es\/wp-json\/wp\/v2\/comments?post=201950"}],"wp:featuredmedia":[{"embeddable":true,"href":"https:\/\/www.moskito.cz\/es\/wp-json\/wp\/v2\/media\/201951"}],"wp:attachment":[{"href":"https:\/\/www.moskito.cz\/es\/wp-json\/wp\/v2\/media?parent=201950"}],"wp:term":[{"taxonomy":"pwb-brand","embeddable":true,"href":"https:\/\/www.moskito.cz\/es\/wp-json\/wp\/v2\/pwb-brand?post=201950"},{"taxonomy":"product_brand","embeddable":true,"href":"https:\/\/www.moskito.cz\/es\/wp-json\/wp\/v2\/product_brand?post=201950"},{"taxonomy":"product_cat","embeddable":true,"href":"https:\/\/www.moskito.cz\/es\/wp-json\/wp\/v2\/product_cat?post=201950"},{"taxonomy":"product_tag","embeddable":true,"href":"https:\/\/www.moskito.cz\/es\/wp-json\/wp\/v2\/product_tag?post=201950"}],"curies":[{"name":"wp","href":"https:\/\/api.w.org\/{rel}","templated":true}]}}