{"id":202216,"date":"2021-08-07T08:58:57","date_gmt":"2021-08-07T07:58:57","guid":{"rendered":"https:\/\/www.moskito.cz\/?post_type=product&#038;p=202216"},"modified":"2025-07-24T13:57:14","modified_gmt":"2025-07-24T12:57:14","slug":"pevny-lovecky-nuz-joker-teckel","status":"publish","type":"product","link":"https:\/\/www.moskito.cz\/es\/produkt\/pevny-lovecky-nuz-joker-teckel\/","title":{"rendered":"Pevn\u00fd Loveck\u00fd N\u016f\u017e Joker TECKEL"},"content":{"rendered":"<p>Pevn\u00fd Loveck\u00fd N\u016f\u017e <strong>Joker<\/strong> TECKEL.<\/p>\n<p>\u00b7 D\u00e9lka \u010depele: 95 mm<\/p>\n<p>\u00b7 Ocel: Molibdeno Vanadio<\/p>\n<p>\u00b7 Materi\u00e1l st\u0159enky: paroh<\/p>\n<p>\u00b7 Pouzdro: ko\u017een\u00e9<\/p>\n<p><strong>Joker<\/strong> \u2013 Jsme sv\u011btov\u011b proslul\u00e1 \u0161pan\u011blsk\u00e1 spole\u010dnost poch\u00e1zej\u00edc\u00ed z m\u011bsta Albacete, uzn\u00e1van\u00e1 po cel\u00e9m sv\u011bt\u011b pro sv\u00e9 dobr\u00e9 \u0159emesln\u00edky a mistrovsk\u00e9 no\u017ee.<\/p>\n<p>Joker pe\u010dliv\u011b vyr\u00e1b\u00ed ka\u017ed\u00fd sv\u016fj kousek ru\u010dn\u011b.<\/p>\n<p>Od sv\u00e9ho zalo\u017een\u00ed v roce 1987 se Joker v\u017edy sna\u017eil spojit tradi\u010dn\u00ed \u0159emeslo s nejmodern\u011bj\u0161\u00edmi technologiemi v ka\u017ed\u00e9m ze sv\u00fdch produkt\u016f.<\/p>\n<p>Spole\u010dnost Joker pokra\u010duje v hrd\u00e9 tradici \u0161pan\u011blsk\u00fdch v\u00fdrobc\u016f mo\u017e\u016f, p\u0159i\u010dem\u017e nab\u00edz\u00ed n\u011bkter\u00e9 z nejlep\u0161\u00edch ost\u0159\u00ed a m\u00e1 jeden z nejv\u011bt\u0161\u00edch sortiment\u016f\u00e9 na planet\u011b.<\/p>\n","protected":false},"excerpt":{"rendered":"<p>No\u017ee Joker poch\u00e1zej\u00ed ze \u0160pan\u011blsk\u00e9ho m\u011bsta Albacete, kter\u00e9 je zn\u00e1m\u00e9 tradi\u010dn\u00ed v\u00fdrobou no\u017e\u016f a d\u00fdk.<br \/>\n<strong>Navr\u017eeno a vyrobeno ve \u0160pan\u011blsku (Albacete)<\/strong><\/p>\n","protected":false},"featured_media":202217,"comment_status":"open","ping_status":"closed","template":"","meta":[],"pwb-brand":[359],"product_brand":[],"product_cat":[23,17],"product_tag":[],"class_list":{"0":"post-202216","1":"product","2":"type-product","3":"status-publish","4":"has-post-thumbnail","6":"pwb-brand-joker","7":"product_cat-pevne-noze","8":"product_cat-noze","10":"first","11":"outofstock","12":"taxable","13":"shipping-taxable","14":"purchasable","15":"product-type-simple"},"brands":[{"id":359,"name":"Joker","slug":"joker"}],"_links":{"self":[{"href":"https:\/\/www.moskito.cz\/es\/wp-json\/wp\/v2\/product\/202216","targetHints":{"allow":["GET"]}}],"collection":[{"href":"https:\/\/www.moskito.cz\/es\/wp-json\/wp\/v2\/product"}],"about":[{"href":"https:\/\/www.moskito.cz\/es\/wp-json\/wp\/v2\/types\/product"}],"replies":[{"embeddable":true,"href":"https:\/\/www.moskito.cz\/es\/wp-json\/wp\/v2\/comments?post=202216"}],"wp:featuredmedia":[{"embeddable":true,"href":"https:\/\/www.moskito.cz\/es\/wp-json\/wp\/v2\/media\/202217"}],"wp:attachment":[{"href":"https:\/\/www.moskito.cz\/es\/wp-json\/wp\/v2\/media?parent=202216"}],"wp:term":[{"taxonomy":"pwb-brand","embeddable":true,"href":"https:\/\/www.moskito.cz\/es\/wp-json\/wp\/v2\/pwb-brand?post=202216"},{"taxonomy":"product_brand","embeddable":true,"href":"https:\/\/www.moskito.cz\/es\/wp-json\/wp\/v2\/product_brand?post=202216"},{"taxonomy":"product_cat","embeddable":true,"href":"https:\/\/www.moskito.cz\/es\/wp-json\/wp\/v2\/product_cat?post=202216"},{"taxonomy":"product_tag","embeddable":true,"href":"https:\/\/www.moskito.cz\/es\/wp-json\/wp\/v2\/product_tag?post=202216"}],"curies":[{"name":"wp","href":"https:\/\/api.w.org\/{rel}","templated":true}]}}