{"id":202404,"date":"2021-08-07T22:31:52","date_gmt":"2021-08-07T21:31:52","guid":{"rendered":"https:\/\/www.moskito.cz\/?post_type=product&#038;p=202404"},"modified":"2025-05-07T10:35:22","modified_gmt":"2025-05-07T09:35:22","slug":"pevny-lovecky-nuz-joker-verraco","status":"publish","type":"product","link":"https:\/\/www.moskito.cz\/es\/produkt\/pevny-lovecky-nuz-joker-verraco\/","title":{"rendered":"Pevn\u00fd Loveck\u00fd N\u016f\u017e Joker VERRACO"},"content":{"rendered":"<p>Pevn\u00fd Loveck\u00fd N\u016f\u017e <strong>Joker<\/strong> VERRACO.<\/p>\n<pre class=\"tw-data-text tw-text-large XcVN5d tw-ta\" dir=\"ltr\" data-placeholder=\"P\u0159eklad\"><span class=\"Y2IQFc\" lang=\"cs\">Loveck\u00fd n\u016f\u017e Joker Verraco byl vyroben pod ozna\u010den\u00edm p\u016fvodu Albacete (\u0160pan\u011blsko).\r\n\r\nJe to perfektn\u00ed sportovn\u00ed n\u016f\u017e pro va\u0161e loveck\u00e9 sady.\r\n\r\nLoveck\u00fd n\u016f\u017e Joker Verraco m\u00e1 \u010depel s dvojit\u00fdm ost\u0159\u00edm, vyrobenou z nerezov\u00e9 oceli Mova 1.4116 s d\u00e9lkou \u010depele 26 cm, \u0161\u00ed\u0159kou \u010depele 6,3 cm a tlou\u0161\u0165kou 5 mm.\r\nD\u00e9lka rukojeti je 26 cm a je vyrobena z jelen\u00edho parohu.\r\n\r\nN\u016f\u017e Joker Verraco je dod\u00e1v\u00e1n s pouzdrem z hn\u011bd\u00e9 k\u016f\u017ee nejvy\u0161\u0161\u00ed kvality.\r\nOcel: Inox MOVA 1.4116\r\nTvrdost: 55 - 57 HRC\r\nP\u011bst: Jelen\u00ed paroh\r\nK\u0159\u00ed\u017eov\u00e1 hlava: nerezov\u00e1 ocel\r\nHrot \u010depele: Spear Point\r\n\u010cepel se sat\u00e9nov\u00fdm povrchem\r\nD\u00e9lka \u010depele: 26 cm\r\n\u0160\u00ed\u0159ka \u010depele: 6,3 cm\r\nTlou\u0161\u0165ka plechu: 4,9 mm\r\nHmotnost no\u017ee: 660 gram\u016f\r\nHmotnost kufru: 190 gram\u016f\r\nCelkov\u00e1 hmotnost: 850 gram\u016f\r\nPl\u00e1\u0161\u0165: K\u016f\u017ee, hn\u011bd\u00e1\r\nNavr\u017eeno a vyrobeno ve \u0160pan\u011blsku (Albacete)\r\n<\/span><\/pre>\n<p><strong>Joker<\/strong>\u00a0\u2013 Jsme sv\u011btov\u011b proslul\u00e1 \u0161pan\u011blsk\u00e1 spole\u010dnost poch\u00e1zej\u00edc\u00ed z m\u011bsta Albacete, uzn\u00e1van\u00e1 po cel\u00e9m sv\u011bt\u011b pro sv\u00e9 dobr\u00e9 \u0159emesln\u00edky a mistrovsk\u00e9 no\u017ee.<\/p>\n<p>Joker pe\u010dliv\u011b vyr\u00e1b\u00ed ka\u017ed\u00fd sv\u016fj kousek ru\u010dn\u011b.<\/p>\n<p>Od sv\u00e9ho zalo\u017een\u00ed v roce 1987 se Joker v\u017edy sna\u017eil spojit tradi\u010dn\u00ed \u0159emeslo s nejmodern\u011bj\u0161\u00edmi technologiemi v ka\u017ed\u00e9m ze sv\u00fdch produkt\u016f.<\/p>\n<p>Spole\u010dnost Joker pokra\u010duje v hrd\u00e9 tradici \u0161pan\u011blsk\u00fdch v\u00fdrobc\u016f mo\u017e\u016f, p\u0159i\u010dem\u017e nab\u00edz\u00ed n\u011bkter\u00e9 z nejlep\u0161\u00edch ost\u0159\u00ed a m\u00e1 jeden z nejv\u011bt\u0161\u00edch sortiment\u016f\u00e9 na planet\u011b<\/p>\n<pre id=\"tw-target-text\" class=\"tw-data-text tw-text-large XcVN5d tw-ta\" dir=\"ltr\" data-placeholder=\"P\u0159eklad\"><\/pre>\n","protected":false},"excerpt":{"rendered":"<p>No\u017ee Joker poch\u00e1zej\u00ed ze \u0160pan\u011blsk\u00e9ho m\u011bsta Albacete, kter\u00e9 je zn\u00e1m\u00e9 tradi\u010dn\u00ed v\u00fdrobou no\u017e\u016f a d\u00fdk.<br \/>\n<strong>Navr\u017eeno a vyrobeno ve \u0160pan\u011blsku (Albacete)<\/strong><\/p>\n<p><strong>Doprava zdarma.<\/strong><\/p>\n","protected":false},"featured_media":202405,"comment_status":"open","ping_status":"closed","template":"","meta":[],"pwb-brand":[359],"product_brand":[],"product_cat":[23,17],"product_tag":[],"class_list":{"0":"post-202404","1":"product","2":"type-product","3":"status-publish","4":"has-post-thumbnail","6":"pwb-brand-joker","7":"product_cat-pevne-noze","8":"product_cat-noze","10":"first","11":"instock","12":"taxable","13":"shipping-taxable","14":"purchasable","15":"product-type-simple"},"brands":[{"id":359,"name":"Joker","slug":"joker"}],"_links":{"self":[{"href":"https:\/\/www.moskito.cz\/es\/wp-json\/wp\/v2\/product\/202404","targetHints":{"allow":["GET"]}}],"collection":[{"href":"https:\/\/www.moskito.cz\/es\/wp-json\/wp\/v2\/product"}],"about":[{"href":"https:\/\/www.moskito.cz\/es\/wp-json\/wp\/v2\/types\/product"}],"replies":[{"embeddable":true,"href":"https:\/\/www.moskito.cz\/es\/wp-json\/wp\/v2\/comments?post=202404"}],"wp:featuredmedia":[{"embeddable":true,"href":"https:\/\/www.moskito.cz\/es\/wp-json\/wp\/v2\/media\/202405"}],"wp:attachment":[{"href":"https:\/\/www.moskito.cz\/es\/wp-json\/wp\/v2\/media?parent=202404"}],"wp:term":[{"taxonomy":"pwb-brand","embeddable":true,"href":"https:\/\/www.moskito.cz\/es\/wp-json\/wp\/v2\/pwb-brand?post=202404"},{"taxonomy":"product_brand","embeddable":true,"href":"https:\/\/www.moskito.cz\/es\/wp-json\/wp\/v2\/product_brand?post=202404"},{"taxonomy":"product_cat","embeddable":true,"href":"https:\/\/www.moskito.cz\/es\/wp-json\/wp\/v2\/product_cat?post=202404"},{"taxonomy":"product_tag","embeddable":true,"href":"https:\/\/www.moskito.cz\/es\/wp-json\/wp\/v2\/product_tag?post=202404"}],"curies":[{"name":"wp","href":"https:\/\/api.w.org\/{rel}","templated":true}]}}