{"id":204532,"date":"2022-11-04T10:48:47","date_gmt":"2022-11-04T09:48:47","guid":{"rendered":"https:\/\/www.moskito.cz\/?post_type=product&#038;p=204532"},"modified":"2025-05-29T16:17:17","modified_gmt":"2025-05-29T15:17:17","slug":"pevny-nuz-magnum-combat-dagger-02gl033","status":"publish","type":"product","link":"https:\/\/www.moskito.cz\/es\/produkt\/pevny-nuz-magnum-combat-dagger-02gl033\/","title":{"rendered":"Pevn\u00fd N\u016f\u017e Magnum Combat Dagger 02GL033"},"content":{"rendered":"<p>Pevn\u00fd N\u016f\u017e <strong>Magnum<\/strong> Combat Dagger 02GL033<\/p>\n<p>Bojov\u00e1 d\u00fdka Magnum m\u00e1 \u010depel z nerezov\u00e9 oceli 420, mosaznou z\u00e1\u0161titu a rukoje\u0165 z tvrd\u00e9ho d\u0159eva. Rukoje\u0165 konstrukce full tang lze pou\u017e\u00edt jako \u00faderov\u00fd prvek a je nav\u00edc vybavena praktickou \u0161\u0148\u016frkou. Robustn\u00ed n\u016f\u017e je tak\u00e9 perfektn\u00ed jako kompaktn\u00ed z\u00e1chytn\u00fd n\u016f\u017e pro loveck\u00e9 pou\u017eit\u00ed. S vysoce kvalitn\u00edm hn\u011bd\u00fdm ko\u017een\u00fdm pouzdrem.<\/p>\n<p>\u010cepel 420<\/p>\n<p>Rukoje\u0165 D\u0159evo<\/p>\n<p>Pochva K\u016f\u017ee<\/p>\n<p>Bo\u010dn\u00ed z\u00e1\u0161tita Mosaz<\/p>\n<p>V\u00e1ha 239 g<\/p>\n<p>Celkov\u00e1 d\u00e9lka 290 mm<\/p>\n<p>D\u00e9lka \u010depele 180 mm<\/p>\n<p>Tlou\u0161\u0165ka \u010depele 3,8 mm<\/p>\n","protected":false},"excerpt":{"rendered":"<p>Pevn\u00fd n\u016f\u017e s pouzdrem.<\/p>\n","protected":false},"featured_media":198609,"comment_status":"open","ping_status":"closed","template":"","meta":[],"pwb-brand":[140],"product_brand":[],"product_cat":[23,17],"product_tag":[3667],"class_list":{"0":"post-204532","1":"product","2":"type-product","3":"status-publish","4":"has-post-thumbnail","6":"pwb-brand-boker","7":"product_cat-pevne-noze","8":"product_cat-noze","9":"product_tag-b2b","11":"first","12":"instock","13":"taxable","14":"shipping-taxable","15":"purchasable","16":"product-type-simple"},"brands":[{"id":140,"name":"Boker","slug":"boker"}],"_links":{"self":[{"href":"https:\/\/www.moskito.cz\/es\/wp-json\/wp\/v2\/product\/204532","targetHints":{"allow":["GET"]}}],"collection":[{"href":"https:\/\/www.moskito.cz\/es\/wp-json\/wp\/v2\/product"}],"about":[{"href":"https:\/\/www.moskito.cz\/es\/wp-json\/wp\/v2\/types\/product"}],"replies":[{"embeddable":true,"href":"https:\/\/www.moskito.cz\/es\/wp-json\/wp\/v2\/comments?post=204532"}],"wp:featuredmedia":[{"embeddable":true,"href":"https:\/\/www.moskito.cz\/es\/wp-json\/wp\/v2\/media\/198609"}],"wp:attachment":[{"href":"https:\/\/www.moskito.cz\/es\/wp-json\/wp\/v2\/media?parent=204532"}],"wp:term":[{"taxonomy":"pwb-brand","embeddable":true,"href":"https:\/\/www.moskito.cz\/es\/wp-json\/wp\/v2\/pwb-brand?post=204532"},{"taxonomy":"product_brand","embeddable":true,"href":"https:\/\/www.moskito.cz\/es\/wp-json\/wp\/v2\/product_brand?post=204532"},{"taxonomy":"product_cat","embeddable":true,"href":"https:\/\/www.moskito.cz\/es\/wp-json\/wp\/v2\/product_cat?post=204532"},{"taxonomy":"product_tag","embeddable":true,"href":"https:\/\/www.moskito.cz\/es\/wp-json\/wp\/v2\/product_tag?post=204532"}],"curies":[{"name":"wp","href":"https:\/\/api.w.org\/{rel}","templated":true}]}}