{"id":204959,"date":"2021-09-03T20:48:12","date_gmt":"2021-09-03T19:48:12","guid":{"rendered":"https:\/\/www.moskito.cz\/?post_type=product&#038;p=204959"},"modified":"2025-05-07T10:35:43","modified_gmt":"2025-05-07T09:35:43","slug":"vystrelovaci-nuz-microtech-combat-troodon-144-1tg","status":"publish","type":"product","link":"https:\/\/www.moskito.cz\/es\/produkt\/vystrelovaci-nuz-microtech-combat-troodon-144-1tg\/","title":{"rendered":"Vyst\u0159elovac\u00ed N\u016f\u017e Microtech Combat Troodon 144-1TG"},"content":{"rendered":"<p>Vyst\u0159elovac\u00ed N\u016f\u017e <strong>Microtech<\/strong> Combat Troodon 144-1TG.<\/p>\n<p>V pr\u016fb\u011bhu let <strong>Microtech\u00ae<\/strong> Knives naplnil v\u00e1\u0161n\u00ed a dovednost\u00ed v\u00fdrobu no\u017e\u016f, a\u017e z nich vytvo\u0159il t\u00e9m\u011b\u0159 um\u011bleck\u00e1 d\u00edla,kter\u00e9 jsou vrcholem funk\u010dnosti. I nad\u00e1le posouv\u00e1 hranice a zlep\u0161uje to,<br \/>\nco ji\u017e v\u00ed, \u017ee funguje. V roce 2020 se Microtech\u00ae Knives rozrostl na p\u0159edn\u00ed no\u017e\u00ed\u0159skou<br \/>\nzna\u010dku, kter\u00e1 se neust\u00e1le vyv\u00edj\u00ed a pohybuje vp\u0159ed pomoc\u00ed nejnov\u011bj\u0161\u00edch technologi\u00ed,<br \/>\nstarod\u00e1vn\u00fdch z\u00e1sad p\u0159i v\u00fdrob\u011b \u010depel\u00ed a maxim\u00e1ln\u00edho testov\u00e1n\u00ed v ter\u00e9nu, tak aby nekompromitovali kvalitu.<\/p>\n<p>Vyst\u0159elovac\u00ed N\u016f\u017e Microtech <strong>Combat Troodon<\/strong> m\u00e1 tanto \u010depel z nerezov\u00e9 oceli s hladkou hranou, hlin\u00edkovou rukoje\u0165 s rozb\u00edje\u010dem skla z u\u0161lechtil\u00e9 oceli.<br \/>\nNejv\u011bt\u0161\u00ed v\u00fdrobn\u00ed n\u016f\u017e OTF firmy Microtech je pojmenov\u00e1n po dinosauru Troodon. Combat Troodon je opravdu velk\u00e1 verze popul\u00e1rn\u00edho Troodonu. Navzdory velikosti je rukoje\u0165 \u0161t\u00edhl\u00e1 a pohodln\u00e1.<\/p>\n<p>D\u00e9lka \u010depele: 9.5 cm<br \/>\nTlou\u0161\u0165ka \u010depele: 0,33 cm<br \/>\nMateri\u00e1l \u010depele: M390<br \/>\nStyl \u010depel\u00ed: Drop Point<br \/>\nB\u0159itov\u00e9 desti\u010dky: Ploch\u00e9<br \/>\nD\u00e9lka rukojeti: 13.3 cm<br \/>\nTlou\u0161\u0165ka rukojeti: 1.4 cm<br \/>\nMateri\u00e1l rukojeti: hlin\u00edk<br \/>\nHmotnost: 5,45 oz.<br \/>\nU\u017eivatel: Prav\u00e1 ruka<br \/>\nPocket Clip: Tip-Down<br \/>\nTyp no\u017ee: Automatick\u00fd<br \/>\nOtv\u00edra\u010d: Thumb Slide<br \/>\nZna\u010dka: Microtech<br \/>\nModel: Combat Troodon<br \/>\nZem\u011b p\u016fvodu: USA<br \/>\nNejlep\u0161\u00ed vyu\u017eit\u00ed: Taktick\u00e9<\/p>\n<p>The <strong>Combat Troodon<\/strong> is a precision made, out-the-front tactical knife. It is 25% larger than the Troodon. It brings the slender handle, contoured shape, radical design elements, and a sophisticated internal mechanism which improved operational functionality and reliability to a larger scale. The <strong>Combat Troodon<\/strong> is designed for a broad spectrium of utility and close quarter combat applications.<br \/>\nAdditional Information<br \/>\nAutomatic Action Double Action (D\/A)<br \/>\nBlade Finish Black<br \/>\nBlade Length (in) 3.75 inches<br \/>\nBlade Shape Tanto<br \/>\nBlade Steel M390<br \/>\nNew Condition Yes<br \/>\nUsed Condition No<br \/>\nGlassbreaker Yes<br \/>\nHandle Color Titanium Gray<br \/>\nHandle Inserts None<br \/>\nHandle Material Aluminum<br \/>\nAction Type Automatic Out-the-front (OTF)<br \/>\nMaker Microtech Knives<br \/>\nMaker&#8217;s Model Microtech Combat Troodon<br \/>\nOverall Length (in) 9.10 inches<br \/>\nPocket Clip Yes<br \/>\nPocket Clip Orientation Tip-Down<br \/>\nProduction Type Manufactured<br \/>\nSerrations Plain Edge<br \/>\nSheath No<br \/>\nSheath Material N\/A<br \/>\nTactical Yes<\/p>\n","protected":false},"excerpt":{"rendered":"<p>V pr\u016fb\u011bhu let\u00a0<strong>Microtech\u00ae<\/strong>\u00a0Knives naplnil v\u00e1\u0161n\u00ed a dovednost\u00ed v\u00fdrobu no\u017e\u016f, a\u017e z nich vytvo\u0159il t\u00e9m\u011b\u0159 um\u011bleck\u00e1 d\u00edla,kter\u00e9 jsou vrcholem funk\u010dnosti.V\u0161echny d\u00edly jsou vyrodeny v USA.<br \/>\n<strong>Na v\u0161echny no\u017ee Microtech je do\u017eivotn\u00ed z\u00e1ruka.<\/strong><\/p>\n<p><strong>Doprava zdarma.<\/strong><\/p>\n","protected":false},"featured_media":204963,"comment_status":"open","ping_status":"closed","template":"","meta":[],"pwb-brand":[431],"product_brand":[],"product_cat":[2019,17],"product_tag":[3667],"class_list":{"0":"post-204959","1":"product","2":"type-product","3":"status-publish","4":"has-post-thumbnail","6":"pwb-brand-microtech","7":"product_cat-vystrelovaci-noze","8":"product_cat-noze","9":"product_tag-b2b","11":"first","12":"outofstock","13":"taxable","14":"shipping-taxable","15":"purchasable","16":"product-type-simple"},"brands":[{"id":431,"name":"Microtech","slug":"microtech"}],"_links":{"self":[{"href":"https:\/\/www.moskito.cz\/es\/wp-json\/wp\/v2\/product\/204959","targetHints":{"allow":["GET"]}}],"collection":[{"href":"https:\/\/www.moskito.cz\/es\/wp-json\/wp\/v2\/product"}],"about":[{"href":"https:\/\/www.moskito.cz\/es\/wp-json\/wp\/v2\/types\/product"}],"replies":[{"embeddable":true,"href":"https:\/\/www.moskito.cz\/es\/wp-json\/wp\/v2\/comments?post=204959"}],"wp:featuredmedia":[{"embeddable":true,"href":"https:\/\/www.moskito.cz\/es\/wp-json\/wp\/v2\/media\/204963"}],"wp:attachment":[{"href":"https:\/\/www.moskito.cz\/es\/wp-json\/wp\/v2\/media?parent=204959"}],"wp:term":[{"taxonomy":"pwb-brand","embeddable":true,"href":"https:\/\/www.moskito.cz\/es\/wp-json\/wp\/v2\/pwb-brand?post=204959"},{"taxonomy":"product_brand","embeddable":true,"href":"https:\/\/www.moskito.cz\/es\/wp-json\/wp\/v2\/product_brand?post=204959"},{"taxonomy":"product_cat","embeddable":true,"href":"https:\/\/www.moskito.cz\/es\/wp-json\/wp\/v2\/product_cat?post=204959"},{"taxonomy":"product_tag","embeddable":true,"href":"https:\/\/www.moskito.cz\/es\/wp-json\/wp\/v2\/product_tag?post=204959"}],"curies":[{"name":"wp","href":"https:\/\/api.w.org\/{rel}","templated":true}]}}