{"id":204983,"date":"2021-09-05T15:13:44","date_gmt":"2021-09-05T14:13:44","guid":{"rendered":"https:\/\/www.moskito.cz\/?post_type=product&#038;p=204983"},"modified":"2025-05-07T10:35:44","modified_gmt":"2025-05-07T09:35:44","slug":"vystrelovaci-nuz-microtech-combat-troodon-bronze-apocalyptic-142-15apcfs","status":"publish","type":"product","link":"https:\/\/www.moskito.cz\/es\/produkt\/vystrelovaci-nuz-microtech-combat-troodon-bronze-apocalyptic-142-15apcfs\/","title":{"rendered":"Vyst\u0159elovac\u00ed N\u016f\u017e Microtech Combat Troodon Bronze Apocalyptic 142-15APCFS"},"content":{"rendered":"<p>Vyst\u0159elovac\u00ed N\u016f\u017e <strong>Microtech<\/strong> Combat Troodon Bronze Apocalyptic 142-15APCFS.<\/p>\n<p>Combat <strong>Troodon<\/strong>, obl\u00edben\u00fd str\u00e1\u017eci z\u00e1kona, vojensk\u00fd person\u00e1l a z\u00e1chran\u00e1\u0159i, je postaven pro \u0161irok\u00e9 spektrum u\u017eite\u010dn\u00fdch a bojov\u00fdch situac\u00ed na bl\u00edzko. D\u00edky konturovan\u00e9mu tvaru a radik\u00e1ln\u00edm designov\u00fdm prvk\u016fm p\u016fsob\u00ed tento kousek v\u00fdrazn\u00fdm dojmem, p\u0159esto je vhodn\u00fd pro ka\u017edodenn\u00ed no\u0161en\u00ed.<\/p>\n<p>Celkov\u00e1 d\u00e9lka: 9,53 \u00bb (242 mm)<br \/>\nD\u00e9lka v zav\u0159en\u00e9m stavu: 5.75&#8243; (146 mm)<br \/>\nD\u00e9lka \u010depele: 3,82&#8243; (97 mm)<br \/>\nD\u00e9lka \u0159ezn\u00e9 hrany: 3,82 palce (97 mm)<br \/>\nTlou\u0161\u0165ka \u010depele: 0,128 palce (3,23 mm)<br \/>\nPovrchov\u00e1 \u00faprava \u010depele: Bronzov\u00e1 apokalyptika<br \/>\nStyl hran: Vroubkovan\u00fd<br \/>\nMateri\u00e1l rukojeti: uhl\u00edkov\u00e9 vl\u00e1kno<br \/>\nTlou\u0161\u0165ka rukojeti: 0,6 palce (15 mm)<br \/>\nKapesn\u00ed klip: hrot dol\u016f<br \/>\nHmotnost: 149,97 g<br \/>\nV\u00fdrobce Ref. #: 142-15APCFS<br \/>\nZem\u011b p\u016fvodu: USA<\/p>\n<p>A favorite of law enforcement, military personnel, and first responders, the Combat Troodon is built for a broad spectrum of utility and close quarter combat situations. With a contoured shape and radical design elements, this piece feels substantial, yet is suitable for every day carry.<\/p>\n<p>Overall Length: 9.53&#8243; (242mm)<br \/>\nClosed Length: 5.75&#8243; (146mm)<br \/>\nBlade Length: 3.82&#8243; (97mm)<br \/>\nCutting Edge Length: 3.82&#8243; (97mm)<br \/>\nBlade Thickness: 0.128&#8243; (3.23mm)<br \/>\nBlade Finish: Bronze Apocalyptic<br \/>\nEdge Style: Serrated<br \/>\nHandle Material: Carbon Fiber<br \/>\nHandle Thickness: 0.6&#8243; (15mm)<br \/>\nPocket Clip: Tip-Down<br \/>\nWeight: 5.29oz (149.97g)<br \/>\nManufacturer Ref. #: 142-15APCFS<br \/>\nCountry of Origin: USA<\/p>\n","protected":false},"excerpt":{"rendered":"<p>V pr\u016fb\u011bhu let\u00a0<strong>Microtech\u00ae<\/strong>\u00a0Knives naplnil v\u00e1\u0161n\u00ed a dovednost\u00ed v\u00fdrobu no\u017e\u016f, a\u017e z nich vytvo\u0159il t\u00e9m\u011b\u0159 um\u011bleck\u00e1 d\u00edla,kter\u00e9 jsou vrcholem funk\u010dnosti.V\u0161echny d\u00edly jsou vyrodeny v USA.<br \/>\n<strong>Na v\u0161echny no\u017ee Microtech je do\u017eivotn\u00ed z\u00e1ruka.<\/strong><\/p>\n<p><strong>Doprava zdarma.<\/strong><\/p>\n","protected":false},"featured_media":204984,"comment_status":"open","ping_status":"closed","template":"","meta":[],"pwb-brand":[431],"product_brand":[],"product_cat":[2019,17],"product_tag":[3667],"class_list":{"0":"post-204983","1":"product","2":"type-product","3":"status-publish","4":"has-post-thumbnail","6":"pwb-brand-microtech","7":"product_cat-vystrelovaci-noze","8":"product_cat-noze","9":"product_tag-b2b","11":"first","12":"outofstock","13":"taxable","14":"shipping-taxable","15":"purchasable","16":"product-type-simple"},"brands":[{"id":431,"name":"Microtech","slug":"microtech"}],"_links":{"self":[{"href":"https:\/\/www.moskito.cz\/es\/wp-json\/wp\/v2\/product\/204983","targetHints":{"allow":["GET"]}}],"collection":[{"href":"https:\/\/www.moskito.cz\/es\/wp-json\/wp\/v2\/product"}],"about":[{"href":"https:\/\/www.moskito.cz\/es\/wp-json\/wp\/v2\/types\/product"}],"replies":[{"embeddable":true,"href":"https:\/\/www.moskito.cz\/es\/wp-json\/wp\/v2\/comments?post=204983"}],"wp:featuredmedia":[{"embeddable":true,"href":"https:\/\/www.moskito.cz\/es\/wp-json\/wp\/v2\/media\/204984"}],"wp:attachment":[{"href":"https:\/\/www.moskito.cz\/es\/wp-json\/wp\/v2\/media?parent=204983"}],"wp:term":[{"taxonomy":"pwb-brand","embeddable":true,"href":"https:\/\/www.moskito.cz\/es\/wp-json\/wp\/v2\/pwb-brand?post=204983"},{"taxonomy":"product_brand","embeddable":true,"href":"https:\/\/www.moskito.cz\/es\/wp-json\/wp\/v2\/product_brand?post=204983"},{"taxonomy":"product_cat","embeddable":true,"href":"https:\/\/www.moskito.cz\/es\/wp-json\/wp\/v2\/product_cat?post=204983"},{"taxonomy":"product_tag","embeddable":true,"href":"https:\/\/www.moskito.cz\/es\/wp-json\/wp\/v2\/product_tag?post=204983"}],"curies":[{"name":"wp","href":"https:\/\/api.w.org\/{rel}","templated":true}]}}