{"id":206903,"date":"2021-10-18T20:57:54","date_gmt":"2021-10-18T19:57:54","guid":{"rendered":"https:\/\/www.moskito.cz\/?post_type=product&#038;p=206903"},"modified":"2025-06-12T11:30:37","modified_gmt":"2025-06-12T10:30:37","slug":"multifunkcni-kleste-sog-poweraccess","status":"publish","type":"product","link":"https:\/\/www.moskito.cz\/es\/produkt\/multifunkcni-kleste-sog-poweraccess\/","title":{"rendered":"Multifunk\u010dn\u00ed Kle\u0161t\u011b SOG POWERACCESS"},"content":{"rendered":"<p>N\u00e1\u0161 p\u0159\u00edb\u011bh za\u010d\u00edn\u00e1 ve Vietnamu, kde \u010dlenov\u00e9 vysoce utajovan\u00e9 americk\u00e9 speci\u00e1ln\u00ed opera\u010dn\u00ed jednotky \u2013 zn\u00e1m\u00e9 jako MACV \u2013<strong>SOG<\/strong>\u00a0\u2013 nesli jedine\u010dn\u00fd tajn\u00fd n\u016f\u017e do d\u017eungle na skryt\u00fdch mis\u00edch. O n\u011bkolik let pozd\u011bji, v roce 1986, tento n\u016f\u017e inspiroval mlad\u00e9ho n\u00e1vrh\u00e1\u0159e jm\u00e9nem Spencer Frazer, aby zalo\u017eil speci\u00e1ln\u00ed no\u017ee<strong>\u00a0SOG<\/strong>. Jeho posl\u00e1n\u00ed: reprodukovat p\u016fvodn\u00ed n\u016f\u017e\u00a0<strong>SOG<\/strong>\u00a0Bowie a vzd\u00e1t hold speci\u00e1ln\u00ed opera\u010dn\u00ed jednotce, kter\u00e1 jej vytvo\u0159ila. To, co za\u010dalo jako jedin\u00fd pam\u011btn\u00ed model, se brzy stalo celou \u0159adou inovativn\u00edch n\u00e1stroj\u016f \u2013 osv\u011bd\u010den\u00fdch americk\u00fdmi speci\u00e1ln\u00edmi silami, dokonce ocen\u011bn\u00fdch jako vybran\u00fd n\u016f\u017e Navy SEAL. No\u017ee SOG se dnes s jistotou nos\u00ed do t\u011bch nejn\u00e1ro\u010dn\u011bj\u0161\u00edch situac\u00ed. Kovan\u00e9 z tradice, tvrzen\u00e9 v poli, pilovan\u00e9 pro v\u00e1s.<\/p>\n<p>A\u0165 u\u017e chr\u00e1n\u00edte ostatn\u00ed nebo vedete epickou loveckou expedici, \u0159e\u0161\u00edte jednu z ka\u017edodenn\u00edch \u017eivotn\u00edch v\u00fdzev nebo se pot\u00fdk\u00e1te se sv\u00fdmi dosud nejextr\u00e9mn\u011bj\u0161\u00edmi podm\u00ednkami, ud\u011blejte si cestu se\u00a0<strong>SOG<\/strong>.<\/p>\n<p>Multifunk\u010dn\u00ed Kle\u0161t\u011b <strong>SOG<\/strong> POWERACCESS.<\/p>\n<p>Kapesn\u00ed, efektivn\u00ed a pohodln\u00e9: PowerAccess je ultim\u00e1tn\u00ed multi-n\u00e1stroj EDC. PowerAccess, vybaven\u00fd na\u0161\u00edm patentovan\u00fdm mechanismem Compound Leverage, poh\u00e1n\u011bn\u00fdm ozuben\u00fdm kolem, zdvojn\u00e1sobuje to\u010div\u00fd moment u \u010delist\u00ed kle\u0161t\u00ed, \u010d\u00edm\u017e udr\u017euje p\u0159ilnavost a sni\u017euje pravd\u011bpodobnost sklouznut\u00ed matic a \u0161roub\u016f. Vn\u011bj\u0161\u00ed \u010d\u00e1sti otev\u00edraj\u00edc\u00ed se ven jsou snadno p\u0159\u00edstupn\u00e9 p\u0159i zav\u0159en\u00e9m multifunk\u010dn\u00edm n\u00e1stroji a bezpe\u010dn\u011b se uzamknou. Kdy\u017e je PowerAccess zav\u0159en\u00fd, m\u00e1 st\u0159edov\u00fd magnetick\u00fd \u0161estihrann\u00fd bitov\u00fd ovlada\u010d, kter\u00fd m\u016f\u017ee vyu\u017e\u00edt jak\u00fdkoli \u0161iroce dostupn\u00fd \u0161estihrann\u00fd bit \u00bc \u201d.<\/p>\n<p><strong>Dopl\u0148te svoji sadu<\/strong><br \/>\n\u017d\u00e1dn\u00fd batoh nen\u00ed kompletn\u00ed bez multifunk\u010dn\u00edho n\u00e1stroje, jako je PowerAccess. Je to skv\u011bl\u00e9 pro backcountry nebo auto kempov\u00e1n\u00ed.<\/p>\n<p><strong>Otev\u00edr\u00e1n\u00ed jednou rukou<\/strong><br \/>\nSnadn\u00e9 otev\u0159en\u00ed jednou rukou. Zkuste to s v\u011bt\u0161inou ostatn\u00edch multi-n\u00e1stroj\u016f na trhu.<\/p>\n<p><strong>Dob\u0159e zaoblen\u00fd multifunk\u010dn\u00ed n\u00e1stroj<\/strong><br \/>\nMezi sou\u010d\u00e1sti pat\u0159\u00ed kle\u0161t\u011b, chapadlo, \u0159eza\u010dka m\u011bkk\u00fdch a tvrd\u00fdch dr\u00e1t\u016f, krimpovac\u00ed kle\u0161t\u011b, otv\u00edr\u00e1k na konzervy, mal\u00fd ploch\u00fd \u0161roubov\u00e1k, k\u0159\u00ed\u017eov\u00fd \u0161roubov\u00e1k, otv\u00edr\u00e1k na lahve, st\u0159edn\u011b ploch\u00fd \u0161roubov\u00e1k, 3strann\u00fd piln\u00edk, rovn\u00e1 \u010depel, ovlada\u010d \u0161perk\u016f, \u0161\u00eddlo, velk\u00fd ploch\u00fd \u0161roubov\u00e1k, prav\u00edtka, \u00fahlom\u011br, magnetick\u00fd \u0161estihrann\u00fd bit.<\/p>\n<p><strong>P\u00c1KOV\u00dd EFEKT SOG<\/strong><br \/>\nPatentovan\u00e1 technologie Compound Leverage spole\u010dnosti SOG funguje tak, \u017ee vyu\u017e\u00edv\u00e1 v\u00edce oto\u010dn\u00fdch bod\u016f, kter\u00e9 generuj\u00ed v\u011bt\u0161\u00ed pohyb rukojeti ve vztahu k pohybu kle\u0161t\u00ed. V\u00fdsledkem je v\u00fdhoda p\u00e1kov\u00e9ho efektu, kter\u00e1 je p\u0159ibli\u017en\u011b dvakr\u00e1t v\u011bt\u0161\u00ed ne\u017e u konven\u010dn\u00edho multifunk\u010dn\u00edho n\u00e1stroje, d\u00edky \u010demu\u017e je ka\u017ed\u00fd \u0159ez hlad\u0161\u00ed a snaz\u0161\u00ed.<\/p>\n<p><strong>NEREZOV\u00c1 OCELOV\u00c1 KONSTRUKCE 5CR15MOV<\/strong><br \/>\nOdol\u00e1v\u00e1 rzi a korozi.<\/p>\n<p><strong>18 N\u00c1STROJU<\/strong><br \/>\nV\u010detn\u011b no\u017ee, otv\u00edr\u00e1ku na konzervy a lahve, dvou ploch\u00fdch \u0161roubov\u00e1k\u016f, \u0161roubov\u00e1ku a 1\/4 \u00abovlada\u010de se \u0161estihrannou sadou.<\/p>\n<p><strong>ZAHRNUT\u00c9 N\u00c1STROJE:<\/strong><br \/>\n1\/4 \u00abovlada\u010d, \u0161\u00edp, \u010depel (pln\u011b ozuben\u00e9), otv\u00edr\u00e1k na lahve, otv\u00edr\u00e1k na konzervy, piln\u00edk (3strann\u00fd), ploch\u00fd \u0161roubov\u00e1k (st\u0159edn\u00ed), ploch\u00fd \u0161roubov\u00e1k (mal\u00fd), chapadlo, \u0161roubov\u00e1k (1\/4\u00bb) , Ovlada\u010d \u0161perk\u016f, k\u0159\u00ed\u017eov\u00fd \u0161roubov\u00e1k, kle\u0161t\u011b, \u00fahlom\u011br, prav\u00edtko, \u0159eza\u010dka dr\u00e1tu (tvrd\u00e1), \u0159eza\u010dka dr\u00e1tu (m\u011bkk\u00e1)<br \/>\n\u010cEPEL OCEL : 5Cr15MoV<br \/>\nOTEV\u0158EN\u00c1 D\u00c9LKA : 15 cm<br \/>\nZAV\u0158EN\u00c1 D\u00c9LKA : 10 cm<br \/>\nHMOTNOST : 5,9 oz<\/p>\n<p><iframe title=\"SOG PowerAccess\" width=\"800\" height=\"450\" src=\"https:\/\/www.youtube.com\/embed\/J3vzvA7MZQA?feature=oembed\" frameborder=\"0\" allow=\"accelerometer; autoplay; clipboard-write; encrypted-media; gyroscope; picture-in-picture; web-share\" allowfullscreen><\/iframe><\/p>\n<p>&nbsp;<\/p>\n<p>Pocketable, streamlined, and comfortable: the PowerAccess is the ultimate EDC multi-tool. Equipped with our patented gear-driven Compound Leverage mechanism, the PowerAccess doubles the torque at plier jaws maintaining grip and reducing chances of slipping off nuts and bolts. The outward-opening components are easily accessible with the multi-tool closed and will lock securely open. When closed, the PowerAccess has a centered, magnetic hex bit driver that can utilized any widely available \u00bc\u201d hex bit.<\/p>\n<p><strong>Compliment your Kit<\/strong><br \/>\nNo backpack is complete without a multi-tool like the PowerAccess. It&#8217;s great for the backcountry or car camping.<\/p>\n<p><strong>One-Handed Opening<\/strong><br \/>\nEasy to open with just one hand. Try that with most other multi-tools on the market.<\/p>\n<p><strong>A Well-Rounded Multi-Tool<\/strong><br \/>\nComponents include pliers, gripper, soft &amp; hard wire cutter, crimpers, can opener, small flat screwdriver, Phillips screwdriver, bottle opener, medium flat screwdriver, 3-sided file, straight blade, jewelry driver, awl, large flat screwdriver, rulers, protractor, magnetic hex bit driver.<\/p>\n<p><strong>SOG COMPOUND LEVERAGE<\/strong><br \/>\nSOG&#8217;s proprietary Compound Leverage technology works by employing multiple pivot points that generate greater handle travel in relation to plier movement. The result is a leverage advantage of approximately twice the power of a conventional multi-tool, which makes every cut smoother and easier.<\/p>\n<p><strong>STAINLESS 5CR15MOV STEEL CONSTRUCTION<\/strong><br \/>\nResists rust and corrosion.<\/p>\n<p><strong>18 TOOLS<\/strong><br \/>\nIncluding a knife, can &amp; bottle opener, two flat screwdrivers, jewelry driver and a 1\/4&#8243; driver with hex bit kit.<\/p>\n<p>CAN OPENER<br \/>\nYes<br \/>\nGRIPPER<br \/>\nYes<br \/>\nPLIERS<br \/>\nYes<br \/>\nTOOLS INCLUDED:<br \/>\n1\/4&#8243; Driver, Awl, Blade (Fully Serrated), Bottle Opener, Can Opener, File (3-Sided), Flat Screwdriver (Medium), Flat Screwdriver (Small), Gripper, Hex Bit Driver (1\/4&#8243;), Jewelry Driver, Phillips Screwdriver, Pliers, Protractor, Ruler, Wire Cutter (Hard), Wire Cutter (Soft)<br \/>\nCOUNTRY OF ORIGIN<br \/>\nChina<br \/>\nBLADE STEEL<br \/>\n5Cr15MoV<br \/>\nOPEN LENGTH<br \/>\n5.9&#8243;<br \/>\nCLOSED LENGTH<br \/>\n4.1&#8243;<br \/>\nWEIGHT<br \/>\n5.9oz<\/p>\n<p>&nbsp;<\/p>\n<p>&nbsp;<\/p>\n","protected":false},"excerpt":{"rendered":"<p>A\u0165 u\u017e chr\u00e1n\u00edte ostatn\u00ed nebo vedete epickou loveckou expedici, \u0159e\u0161\u00edte jednu z ka\u017edodenn\u00edch \u017eivotn\u00edch v\u00fdzev nebo se pot\u00fdk\u00e1te se sv\u00fdmi dosud nejextr\u00e9mn\u011bj\u0161\u00edmi podm\u00ednkami, ud\u011blejte si cestu se\u00a0<strong>SOG<\/strong>.<\/p>\n<p><strong>Na v\u0161echny no\u017ee SOG d\u00e1v\u00e1me do\u017eivotn\u00ed z\u00e1ruku!<\/strong><\/p>\n","protected":false},"featured_media":206904,"comment_status":"open","ping_status":"closed","template":"","meta":[],"pwb-brand":[591],"product_brand":[],"product_cat":[50],"product_tag":[3667],"class_list":{"0":"post-206903","1":"product","2":"type-product","3":"status-publish","4":"has-post-thumbnail","6":"pwb-brand-sog","7":"product_cat-multi-tool","8":"product_tag-b2b","10":"first","11":"instock","12":"taxable","13":"shipping-taxable","14":"purchasable","15":"product-type-simple"},"brands":[{"id":591,"name":"SOG","slug":"sog"}],"_links":{"self":[{"href":"https:\/\/www.moskito.cz\/es\/wp-json\/wp\/v2\/product\/206903","targetHints":{"allow":["GET"]}}],"collection":[{"href":"https:\/\/www.moskito.cz\/es\/wp-json\/wp\/v2\/product"}],"about":[{"href":"https:\/\/www.moskito.cz\/es\/wp-json\/wp\/v2\/types\/product"}],"replies":[{"embeddable":true,"href":"https:\/\/www.moskito.cz\/es\/wp-json\/wp\/v2\/comments?post=206903"}],"wp:featuredmedia":[{"embeddable":true,"href":"https:\/\/www.moskito.cz\/es\/wp-json\/wp\/v2\/media\/206904"}],"wp:attachment":[{"href":"https:\/\/www.moskito.cz\/es\/wp-json\/wp\/v2\/media?parent=206903"}],"wp:term":[{"taxonomy":"pwb-brand","embeddable":true,"href":"https:\/\/www.moskito.cz\/es\/wp-json\/wp\/v2\/pwb-brand?post=206903"},{"taxonomy":"product_brand","embeddable":true,"href":"https:\/\/www.moskito.cz\/es\/wp-json\/wp\/v2\/product_brand?post=206903"},{"taxonomy":"product_cat","embeddable":true,"href":"https:\/\/www.moskito.cz\/es\/wp-json\/wp\/v2\/product_cat?post=206903"},{"taxonomy":"product_tag","embeddable":true,"href":"https:\/\/www.moskito.cz\/es\/wp-json\/wp\/v2\/product_tag?post=206903"}],"curies":[{"name":"wp","href":"https:\/\/api.w.org\/{rel}","templated":true}]}}