{"id":207089,"date":"2021-10-26T15:58:56","date_gmt":"2021-10-26T14:58:56","guid":{"rendered":"https:\/\/www.moskito.cz\/?post_type=product&#038;p=207089"},"modified":"2025-05-07T10:36:06","modified_gmt":"2025-05-07T09:36:06","slug":"vystrelovaci-nuz-microtech-utx-85-apocalyptic-stonewash-231-11ap","status":"publish","type":"product","link":"https:\/\/www.moskito.cz\/es\/produkt\/vystrelovaci-nuz-microtech-utx-85-apocalyptic-stonewash-231-11ap\/","title":{"rendered":"Vyst\u0159elovac\u00ed N\u016f\u017e Microtech UTX-85 APOCALYPTIC STONEWASH 231-11AP"},"content":{"rendered":"<p>Vyst\u0159elovac\u00ed N\u016f\u017e <strong>Microtech UTX-85<\/strong> APOCALYPTIC STONEWASH 231-11AP.<\/p>\n<p>Radik\u00e1ln\u011b p\u0159epracovan\u00fd n\u016f\u017e Microtech UTX-85 z p\u0159edn\u00ed strany nyn\u00ed obsahuje novou tvarovanou rukoje\u0165, aktualizovan\u00fd troj\u00faheln\u00edkov\u00fd hardware, p\u0159epracovan\u00e9 skl\u00ed\u010dko pro palec a rozb\u00edje\u010d skla, kter\u00fd nyn\u00ed obsahuje kuli\u010dkov\u00e9 lo\u017eisko namontovan\u00e9 lisem pro pohodln\u011bj\u0161\u00ed, ale st\u00e1le funk\u010dn\u00ed u\u017eivatele. Zku\u0161enosti. Tento fantastick\u00fd dvou\u010dinn\u00fd n\u016f\u017e m\u00e1 ide\u00e1ln\u00ed velikost a jak n\u00e1zev ukazuje, UTX-85 je 85% velikosti vlajkov\u00e9 lodi Ultratech no\u017ee, ale se 100% schopnost\u00ed. Tento model, 231-11AP, se m\u016f\u017ee pochlubit \u010dernou rukojet\u00ed se standardn\u00edm hardwarem a integrovanou funkc\u00ed rozb\u00edjen\u00ed skla spolu s \u010d\u00e1ste\u010dn\u011b zoubkovanou \u010depel\u00ed typu drop point v apokalyptick\u00e9m proveden\u00ed stonewash. Vyrobeno v USA.<\/p>\n<p>SPECIFIKACE:<\/p>\n<p>D\u00e9lka \u010depele: 8 cm<br \/>\nCelkov\u00e1 d\u00e9lka: 19 cm<br \/>\nMateri\u00e1l \u010depele: M390 Nerezov\u00e1 ocel<br \/>\nPovrchov\u00e1 \u00faprava \u010depele: Apocalyptic Stonewash<br \/>\nMateri\u00e1l rukojeti: 6061-T6 hlin\u00edk<br \/>\nHmotnost: 3,1 oz.<\/p>\n<p><iframe title=\"Microtech Combat Troodon Torture Test\" width=\"800\" height=\"450\" src=\"https:\/\/www.youtube.com\/embed\/xE9TeOFYEjg?feature=oembed\" frameborder=\"0\" allow=\"accelerometer; autoplay; clipboard-write; encrypted-media; gyroscope; picture-in-picture; web-share\" referrerpolicy=\"strict-origin-when-cross-origin\" allowfullscreen><\/iframe><\/p>\n<p>&nbsp;<\/p>\n<p>&nbsp;<\/p>\n","protected":false},"excerpt":{"rendered":"<p>V pr\u016fb\u011bhu let\u00a0<strong>Microtech\u00ae<\/strong> Knives naplnil v\u00e1\u0161n\u00ed a dovednost\u00ed v\u00fdrobu no\u017e\u016f, a\u017e z nich vytvo\u0159il t\u00e9m\u011b\u0159 um\u011bleck\u00e1 d\u00edla,kter\u00e9 jsou vrcholem funk\u010dnosti.V\u0161echny d\u00edly jsou vyrobeny v USA.<br \/>\n<strong>Na v\u0161echny no\u017ee Microtech je do\u017eivotn\u00ed z\u00e1ruka.<\/strong><\/p>\n<p><strong>Doprava zdarma.<\/strong><\/p>\n","protected":false},"featured_media":207090,"comment_status":"open","ping_status":"closed","template":"","meta":[],"pwb-brand":[431],"product_brand":[],"product_cat":[2019,17],"product_tag":[3667],"class_list":{"0":"post-207089","1":"product","2":"type-product","3":"status-publish","4":"has-post-thumbnail","6":"pwb-brand-microtech","7":"product_cat-vystrelovaci-noze","8":"product_cat-noze","9":"product_tag-b2b","11":"first","12":"outofstock","13":"taxable","14":"shipping-taxable","15":"purchasable","16":"product-type-simple"},"brands":[{"id":431,"name":"Microtech","slug":"microtech"}],"_links":{"self":[{"href":"https:\/\/www.moskito.cz\/es\/wp-json\/wp\/v2\/product\/207089","targetHints":{"allow":["GET"]}}],"collection":[{"href":"https:\/\/www.moskito.cz\/es\/wp-json\/wp\/v2\/product"}],"about":[{"href":"https:\/\/www.moskito.cz\/es\/wp-json\/wp\/v2\/types\/product"}],"replies":[{"embeddable":true,"href":"https:\/\/www.moskito.cz\/es\/wp-json\/wp\/v2\/comments?post=207089"}],"wp:featuredmedia":[{"embeddable":true,"href":"https:\/\/www.moskito.cz\/es\/wp-json\/wp\/v2\/media\/207090"}],"wp:attachment":[{"href":"https:\/\/www.moskito.cz\/es\/wp-json\/wp\/v2\/media?parent=207089"}],"wp:term":[{"taxonomy":"pwb-brand","embeddable":true,"href":"https:\/\/www.moskito.cz\/es\/wp-json\/wp\/v2\/pwb-brand?post=207089"},{"taxonomy":"product_brand","embeddable":true,"href":"https:\/\/www.moskito.cz\/es\/wp-json\/wp\/v2\/product_brand?post=207089"},{"taxonomy":"product_cat","embeddable":true,"href":"https:\/\/www.moskito.cz\/es\/wp-json\/wp\/v2\/product_cat?post=207089"},{"taxonomy":"product_tag","embeddable":true,"href":"https:\/\/www.moskito.cz\/es\/wp-json\/wp\/v2\/product_tag?post=207089"}],"curies":[{"name":"wp","href":"https:\/\/api.w.org\/{rel}","templated":true}]}}