{"id":207168,"date":"2021-10-26T16:59:56","date_gmt":"2021-10-26T15:59:56","guid":{"rendered":"https:\/\/www.moskito.cz\/?post_type=product&#038;p=207168"},"modified":"2025-05-07T10:36:07","modified_gmt":"2025-05-07T09:36:07","slug":"vystrelovaci-nuz-microtech-exocet-sandtrooper-handle-158-1sa","status":"publish","type":"product","link":"https:\/\/www.moskito.cz\/es\/produkt\/vystrelovaci-nuz-microtech-exocet-sandtrooper-handle-158-1sa\/","title":{"rendered":"Vyst\u0159elovac\u00ed N\u016f\u017e Microtech Exocet Sandtrooper Handle 158-1SA"},"content":{"rendered":"<p>Vyst\u0159elovac\u00ed N\u016f\u017e <strong>Microtech<\/strong> Exocet Sandtrooper Handle 158-1SA.<\/p>\n<p>Hv\u011bzda \u0159ady Microtech pro rok 2019, Exocet spojuje u\u017eite\u010dnost a ka\u017edodenn\u00ed prakti\u010dnost dohromady v jednom jedine\u010dn\u00e9m bal\u00ed\u010dku. Tento automatick\u00fd OTF je inovativn\u00ed a prvn\u00ed sv\u00e9ho druhu v sob\u011b ukr\u00fdv\u00e1 subpalcovou \u010depel leg\u00e1ln\u011b pou\u017eitou v Kalifornii a slou\u017e\u00ed jako spona na pen\u00edze, tak\u017ee je ide\u00e1ln\u00ed pro ka\u017edodenn\u00ed no\u0161en\u00ed. Jeho vzhled v\u00e1s m\u016f\u017ee p\u0159ekvapit, kdy\u017e ho poprv\u00e9 uvid\u00edte, ale pocity \u00fazkosti zmiz\u00ed p\u0159i prvn\u00edm spu\u0161t\u011bn\u00ed. Tento n\u016f\u017e st\u0159\u00edl\u00ed rychleji a snadn\u011bji ne\u017e jak\u00fdkoli jin\u00fd Microtech OTF, tak\u017ee je to perfektn\u00ed d\u00e1rek pro va\u0161i drahou polovi\u010dku nebo pro v\u00e1s. Tato verze m\u00e1 \u010depel a rukojeti ve v\u011bku b\u00edl\u00e9ho p\u00edsku, kter\u00e9 dabuj\u00ed tento model Sandtrooper. Na kapesn\u00edm klipu je tak\u00e9 velmi cool logo Imperial Crest, co\u017e byl \u0161estiramenn\u00fd symbol galaktick\u00e9 \u0159\u00ed\u0161e Sheev Palpatine.<br \/>\nSpecifikace<\/p>\n<p>D\u00e9lka \u010depele: 5 cm<\/p>\n<p>Celkov\u00e1 d\u00e9lka: 14 cm<\/p>\n<p>Materi\u00e1l \u010depele: \u010cepel\u00ed pro leto\u0161n\u00ed rok bude Carpenter\u00a0 dokud z\u00e1soby kovu vydr\u017e\u00ed, \u010depele mohou b\u00fdt tak\u00e9 M390 nebo Elmax<\/p>\n<p>Styl \u010depele: Double Edge Dagger<\/p>\n<p>Blade Grind: Ploch\u00fd<\/p>\n<p>Povrchov\u00e1 \u00faprava \u010depele: White Sandtrooper<\/p>\n<p>Materi\u00e1l rukojeti: b\u00edl\u00fd Sandtrooper 6061-T6 hlin\u00edk<\/p>\n<p>Kapesn\u00ed klip: nerezov\u00e1 ocel (sklopn\u00e9, doprava\/doleva)<\/p>\n<p>Hmotnost: 3,0 oz.<\/p>\n<p>Design\u00e9r: Tony Marfione<\/p>\n<p>Vyrobeno v USA<\/p>\n<p>The Exocet marries utility and daily practicality together in one unique package. Innovative and the first of its kind, this automatic O.T.F. conceals a California legal blade and doubles as a money clip, making it perfect for daily carry.<\/p>\n<p>SPECS:<br \/>\nOverall Length: 5.6&#8243; (142mm)<br \/>\nBlade Length: 1.97&#8243; (50mm)<br \/>\nCutting Edge Length: 1.89&#8243; (48mm)<br \/>\nBlade Thickness: 0.079&#8243; (2mm)<br \/>\nBlade Style: Tanto<br \/>\nHandle Material: Sandtrooper Aluminum<br \/>\nHandle Thickness: 0.36&#8243; (9mm)<br \/>\nPocket Clip: Tip-Down<br \/>\nWeight: 3.0oz (85.05g)<br \/>\nManufacturer Ref. #: 158-1SA<br \/>\nCountry of Origin: USA<\/p>\n","protected":false},"excerpt":{"rendered":"<p>V pr\u016fb\u011bhu let\u00a0<strong>Microtech\u00ae Knives\u00a0<\/strong>naplnil v\u00e1\u0161n\u00ed a dovednost\u00ed v\u00fdrobu no\u017e\u016f, a\u017e z nich vytvo\u0159il t\u00e9m\u011b\u0159 um\u011bleck\u00e1 d\u00edla,kter\u00e9 jsou vrcholem funk\u010dnosti.V\u0161echny d\u00edly jsou vyrodeny v USA.<br \/>\n<strong>Na v\u0161echny no\u017ee Microtech je do\u017eivotn\u00ed z\u00e1ruka.<\/strong><\/p>\n","protected":false},"featured_media":207169,"comment_status":"open","ping_status":"closed","template":"","meta":[],"pwb-brand":[431],"product_brand":[],"product_cat":[2019,17],"product_tag":[3667],"class_list":{"0":"post-207168","1":"product","2":"type-product","3":"status-publish","4":"has-post-thumbnail","6":"pwb-brand-microtech","7":"product_cat-vystrelovaci-noze","8":"product_cat-noze","9":"product_tag-b2b","11":"first","12":"outofstock","13":"taxable","14":"shipping-taxable","15":"purchasable","16":"product-type-simple"},"brands":[{"id":431,"name":"Microtech","slug":"microtech"}],"_links":{"self":[{"href":"https:\/\/www.moskito.cz\/es\/wp-json\/wp\/v2\/product\/207168","targetHints":{"allow":["GET"]}}],"collection":[{"href":"https:\/\/www.moskito.cz\/es\/wp-json\/wp\/v2\/product"}],"about":[{"href":"https:\/\/www.moskito.cz\/es\/wp-json\/wp\/v2\/types\/product"}],"replies":[{"embeddable":true,"href":"https:\/\/www.moskito.cz\/es\/wp-json\/wp\/v2\/comments?post=207168"}],"wp:featuredmedia":[{"embeddable":true,"href":"https:\/\/www.moskito.cz\/es\/wp-json\/wp\/v2\/media\/207169"}],"wp:attachment":[{"href":"https:\/\/www.moskito.cz\/es\/wp-json\/wp\/v2\/media?parent=207168"}],"wp:term":[{"taxonomy":"pwb-brand","embeddable":true,"href":"https:\/\/www.moskito.cz\/es\/wp-json\/wp\/v2\/pwb-brand?post=207168"},{"taxonomy":"product_brand","embeddable":true,"href":"https:\/\/www.moskito.cz\/es\/wp-json\/wp\/v2\/product_brand?post=207168"},{"taxonomy":"product_cat","embeddable":true,"href":"https:\/\/www.moskito.cz\/es\/wp-json\/wp\/v2\/product_cat?post=207168"},{"taxonomy":"product_tag","embeddable":true,"href":"https:\/\/www.moskito.cz\/es\/wp-json\/wp\/v2\/product_tag?post=207168"}],"curies":[{"name":"wp","href":"https:\/\/api.w.org\/{rel}","templated":true}]}}