{"id":207252,"date":"2021-10-28T13:32:50","date_gmt":"2021-10-28T12:32:50","guid":{"rendered":"https:\/\/www.moskito.cz\/?post_type=product&#038;p=207252"},"modified":"2025-05-07T10:36:08","modified_gmt":"2025-05-07T09:36:08","slug":"samurajsky-mec-boker-magnum-handforged-damast-samurai-05zs580","status":"publish","type":"product","link":"https:\/\/www.moskito.cz\/es\/produkt\/samurajsky-mec-boker-magnum-handforged-damast-samurai-05zs580\/","title":{"rendered":"Samurajsk\u00fd Me\u010d B\u00f6ker Magnum HANDFORGED DAMAST SAMURAI 05ZS580"},"content":{"rendered":"<p>Samurajsk\u00fd Me\u010d <strong>B\u00f6ker Magnum<\/strong> HANDFORGED DAMAST SAMURAI 05ZS580<\/p>\n<p>Tento vysoce kvalitn\u00ed me\u010d v\u00e1s jist\u011b zaujme na prvn\u00ed pohled! 71 cm dlouh\u00e1 \u010depel vyrobena z 200 vrstev ru\u010dn\u011b kovan\u00e9ho Dama\u0161ku, autentick\u00e1 rukoje\u0165 s podlo\u017ekami skute\u010dn\u00e9 k\u016f\u017ee a tradi\u010dn\u00ed balen\u00ed d\u011blaj\u00ed z tohoto \u0161perku skute\u010dn\u00e9 mistrovsk\u00e9 d\u00edlo. V d\u00e1vn\u00fdch dob\u00e1ch bylo spole\u010densk\u00e9 postaven\u00ed samuraj\u016f uznan\u00e9 zpracov\u00e1n\u00edm me\u010de. Tsubo je zdoben\u00e1 japonsk\u00fdmi motivy a vykazuje m\u00edrn\u011b staro\u017eitn\u00e9 zakon\u010den\u00ed. Diskr\u00e9tn\u00ed d\u0159ev\u011bn\u00e1 Saya byla pota\u017eena z\u00e1\u0159iv\u00fdm \u010dern\u00fdm lakem. Zahrnuje soupravu na \u00fadr\u017ebu me\u010de a autentick\u00e9 pouzdro.<br \/>\nOzdobn\u00fd nebo sb\u011bratelsk\u00fd me\u010d, nevhodn\u00fd k pou\u017eit\u00ed!<\/p>\n<p>Typ: Me\u010d<br \/>\nCelkov\u00e1 d\u00e9lka: 103 cm<br \/>\nD\u00e9lka \u010depele: 71 cm<br \/>\nTlou\u0161\u0165ka \u010depele: 7,5 mm<br \/>\nHmotnost: 1450 g<br \/>\nMateri\u00e1l \u010depele: Dama\u0161ek<br \/>\nMateri\u00e1l rukojeti: Rayskin<br \/>\nTyp z\u00e1mku: Pevn\u00fd<br \/>\nVyrobeno v: Asie<br \/>\nBarva: \u010cern\u00e1<br \/>\nBarva \u010depele: Nepota\u017een\u00e9<br \/>\nMateri\u00e1l pl\u00e1\u0161t\u011b: D\u0159evo<br \/>\n\u010c\u00edslo polo\u017eky: 05ZS580<\/p>\n<p>&nbsp;<\/p>\n","protected":false},"excerpt":{"rendered":"<p><span title=\"\">Ozdobn\u00fd nebo sb\u011bratelsk\u00fd vysoce kvalitn\u00ed me\u010d.<\/span><\/p>\n<p><strong>Doprava zdarma.<\/strong><\/p>\n","protected":false},"featured_media":207253,"comment_status":"open","ping_status":"closed","template":"","meta":[],"pwb-brand":[140],"product_brand":[],"product_cat":[24,1942],"product_tag":[3667],"class_list":{"0":"post-207252","1":"product","2":"type-product","3":"status-publish","4":"has-post-thumbnail","6":"pwb-brand-boker","7":"product_cat-katany-a-mece","8":"product_cat-mece-dyky-repliky","9":"product_tag-b2b","11":"first","12":"instock","13":"taxable","14":"shipping-taxable","15":"purchasable","16":"product-type-simple"},"brands":[{"id":140,"name":"Boker","slug":"boker"}],"_links":{"self":[{"href":"https:\/\/www.moskito.cz\/es\/wp-json\/wp\/v2\/product\/207252","targetHints":{"allow":["GET"]}}],"collection":[{"href":"https:\/\/www.moskito.cz\/es\/wp-json\/wp\/v2\/product"}],"about":[{"href":"https:\/\/www.moskito.cz\/es\/wp-json\/wp\/v2\/types\/product"}],"replies":[{"embeddable":true,"href":"https:\/\/www.moskito.cz\/es\/wp-json\/wp\/v2\/comments?post=207252"}],"wp:featuredmedia":[{"embeddable":true,"href":"https:\/\/www.moskito.cz\/es\/wp-json\/wp\/v2\/media\/207253"}],"wp:attachment":[{"href":"https:\/\/www.moskito.cz\/es\/wp-json\/wp\/v2\/media?parent=207252"}],"wp:term":[{"taxonomy":"pwb-brand","embeddable":true,"href":"https:\/\/www.moskito.cz\/es\/wp-json\/wp\/v2\/pwb-brand?post=207252"},{"taxonomy":"product_brand","embeddable":true,"href":"https:\/\/www.moskito.cz\/es\/wp-json\/wp\/v2\/product_brand?post=207252"},{"taxonomy":"product_cat","embeddable":true,"href":"https:\/\/www.moskito.cz\/es\/wp-json\/wp\/v2\/product_cat?post=207252"},{"taxonomy":"product_tag","embeddable":true,"href":"https:\/\/www.moskito.cz\/es\/wp-json\/wp\/v2\/product_tag?post=207252"}],"curies":[{"name":"wp","href":"https:\/\/api.w.org\/{rel}","templated":true}]}}