{"id":209678,"date":"2021-12-15T17:19:32","date_gmt":"2021-12-15T16:19:32","guid":{"rendered":"https:\/\/www.moskito.cz\/?post_type=product&#038;p=209678"},"modified":"2025-05-07T10:36:44","modified_gmt":"2025-05-07T09:36:44","slug":"zaviraci-nuz-victorinox-workchamp-0-8564-2","status":"publish","type":"product","link":"https:\/\/www.moskito.cz\/es\/produkt\/zaviraci-nuz-victorinox-workchamp-0-8564-2\/","title":{"rendered":"Zav\u00edrac\u00ed N\u016f\u017e Victorinox WorkChamp 0.8564"},"content":{"rendered":"<p>Kapesn\u00ed n\u016f\u017e o velikosti 111 mm s pojistkou hlavn\u00ed \u010depele.<\/p>\n<p>velk\u00fd zav\u00edrac\u00ed n\u016f\u017e<br \/>\nv\u00fdvrtka<br \/>\notv\u00edr\u00e1k na konzervy s<br \/>\n&#8211; mal\u00fdm \u0161roubov\u00e1kem<br \/>\notv\u00edr\u00e1k na l\u00e1hve se<br \/>\n&#8211; \u0161roubov\u00e1kem<br \/>\n&#8211; odstra\u0148ova\u010dem izolace z dr\u00e1t\u016f<br \/>\nv\u00fdstru\u017en\u00edk, pr\u016fbojn\u00edk<br \/>\nnerezov\u00fd krou\u017eek na kl\u00ed\u010de<br \/>\npinzeta<br \/>\np\u00e1r\u00e1tko<br \/>\npilka na d\u0159evo<br \/>\nn\u016f\u017eky<br \/>\ndlouh\u00fd jemn\u00fd k\u0159\u00ed\u017eov\u00fd \u0161roubov\u00e1k<br \/>\npilka na kov s<br \/>\n&#8211; piln\u00edkem na kov<br \/>\nkle\u0161t\u011b se<br \/>\n&#8211; \u0161t\u00edpa\u010dkou dr\u00e1t\u016f<br \/>\n&#8211; n\u00e1strojem na lemov\u00e1n\u00ed dr\u00e1t\u016f<br \/>\nk\u0159\u00ed\u017eov\u00fd \u0161roubov\u00e1k<br \/>\nmini-\u0161roubov\u00e1k<\/p>\n","protected":false},"excerpt":{"rendered":"<p>Kapesn\u00ed n\u016f\u017e o velikosti 111 mm s pojistkou hlavn\u00ed \u010depele.<\/p>\n","protected":false},"featured_media":209679,"comment_status":"open","ping_status":"closed","template":"","meta":[],"pwb-brand":[1175],"product_brand":[],"product_cat":[22,17],"product_tag":[],"class_list":{"0":"post-209678","1":"product","2":"type-product","3":"status-publish","4":"has-post-thumbnail","6":"pwb-brand-victorinox","7":"product_cat-zaviraci-noze","8":"product_cat-noze","10":"first","11":"outofstock","12":"taxable","13":"shipping-taxable","14":"purchasable","15":"product-type-simple"},"brands":[{"id":1175,"name":"Victorinox","slug":"victorinox"}],"_links":{"self":[{"href":"https:\/\/www.moskito.cz\/es\/wp-json\/wp\/v2\/product\/209678","targetHints":{"allow":["GET"]}}],"collection":[{"href":"https:\/\/www.moskito.cz\/es\/wp-json\/wp\/v2\/product"}],"about":[{"href":"https:\/\/www.moskito.cz\/es\/wp-json\/wp\/v2\/types\/product"}],"replies":[{"embeddable":true,"href":"https:\/\/www.moskito.cz\/es\/wp-json\/wp\/v2\/comments?post=209678"}],"wp:featuredmedia":[{"embeddable":true,"href":"https:\/\/www.moskito.cz\/es\/wp-json\/wp\/v2\/media\/209679"}],"wp:attachment":[{"href":"https:\/\/www.moskito.cz\/es\/wp-json\/wp\/v2\/media?parent=209678"}],"wp:term":[{"taxonomy":"pwb-brand","embeddable":true,"href":"https:\/\/www.moskito.cz\/es\/wp-json\/wp\/v2\/pwb-brand?post=209678"},{"taxonomy":"product_brand","embeddable":true,"href":"https:\/\/www.moskito.cz\/es\/wp-json\/wp\/v2\/product_brand?post=209678"},{"taxonomy":"product_cat","embeddable":true,"href":"https:\/\/www.moskito.cz\/es\/wp-json\/wp\/v2\/product_cat?post=209678"},{"taxonomy":"product_tag","embeddable":true,"href":"https:\/\/www.moskito.cz\/es\/wp-json\/wp\/v2\/product_tag?post=209678"}],"curies":[{"name":"wp","href":"https:\/\/api.w.org\/{rel}","templated":true}]}}