{"id":210807,"date":"2022-01-18T20:46:02","date_gmt":"2022-01-18T19:46:02","guid":{"rendered":"https:\/\/www.moskito.cz\/?post_type=product&#038;p=210807"},"modified":"2025-05-07T10:37:13","modified_gmt":"2025-05-07T09:37:13","slug":"vystrelovaci-nuz-microtech-utx-85-231-13apcfs-bronze-handle-carbon","status":"publish","type":"product","link":"https:\/\/www.moskito.cz\/es\/produkt\/vystrelovaci-nuz-microtech-utx-85-231-13apcfs-bronze-handle-carbon\/","title":{"rendered":"Vyst\u0159elovac\u00ed N\u016f\u017e Microtech UTX-85 231-13APCFS Bronze Handle Carbon"},"content":{"rendered":"<p>N\u016f\u017e Microtech UTX-85 OTF je perfektn\u00ed kombinac\u00ed kompaktn\u00ed velikosti a velk\u00e9ho v\u00fdkonu. P\u0159i velikosti 85 % Ultratech je Microtech UTX-85 vyroben ze stejn\u00fdch materi\u00e1l\u016f, na stejn\u00fdch stroj\u00edch a se stejnou vynal\u00e9zavost\u00ed jako jeho p\u0159edch\u016fdce. Microtech UTX-85 je perfektn\u00ed n\u016f\u017e pro v\u0161echny situace \u2013 bez ohledu na to, jak\u00fd \u00fakol \u0159e\u017eete; bude hladce zapadat do va\u0161eho \u017eivotn\u00edho stylu. D\u00edky rychl\u00e9mu otev\u00edr\u00e1n\u00ed a zav\u00edr\u00e1n\u00ed jednou rukou zvl\u00e1dne pr\u00e1ci b\u011bhem n\u011bkolika sekund. Vybaven\u00fd oboustrann\u00fdm kapesn\u00edm klipem a kompaktn\u00ed velikost\u00ed, je to perfektn\u00ed volba pro ka\u017edodenn\u00ed pou\u017eit\u00ed a no\u0161en\u00ed.<\/p>\n<p>Vyst\u0159elovac\u00ed N\u016f\u017e <strong>Microtech<\/strong> UTX-85 231-13APCFS Bronze Handle Carbon<\/p>\n<p>Specifikace<br \/>\nAkce: Dvojit\u00e1 akce &#8211; Automatick\u00fd v\u00fdst\u0159el\/Automatick\u00e9 zata\u017een\u00ed<br \/>\nTlou\u0161\u0165ka: 0.31 cm<br \/>\nD\u00e9lka \u010depele: 7.5 cm<br \/>\nVezm\u011bte pros\u00edm na v\u011bdom\u00ed, \u017ee ocel \u010depele nelze specifikovat, proto\u017ee se m\u016f\u017ee m\u011bnit v z\u00e1vislosti na dostupnosti (informace od Microtech)<br \/>\nStyl \u010depele: bronzov\u00e1, jednoduch\u00e1 hrana<br \/>\nRukoje\u0165: 6061-T6 AL Alloy, Black Mil-Spec Hard Coat Anodized<br \/>\nMateri\u00e1l rukojeti: hlin\u00edk<br \/>\nTlou\u0161\u0165ka rukojeti: 1.15 cm<br \/>\nD\u00e9lka v zav\u0159en\u00e9m stavu: 11 cm<br \/>\nCelkov\u00e1 d\u00e9lka: 18.45 cm<br \/>\nKapesn\u00ed klip: 301 nerezov\u00e1 ocel<br \/>\nHmotnost: 2,8 oz.<br \/>\nVyrobeno v USA<\/p>\n","protected":false},"excerpt":{"rendered":"<p>V pr\u016fb\u011bhu let <strong>Microtech\u00ae<\/strong> Knives naplnil v\u00e1\u0161n\u00ed a dovednost\u00ed v\u00fdrobu no\u017e\u016f, a\u017e z nich vytvo\u0159il t\u00e9m\u011b\u0159 um\u011bleck\u00e1 d\u00edla,kter\u00e9 jsou vrcholem funk\u010dnosti. I nad\u00e1le posouv\u00e1 hranice a vylep\u0161uje je.V\u0161echny d\u00edly jsou vyrodeny v USA.<br \/>\n<strong>Na v\u0161echny no\u017ee Microtech je do\u017eivotn\u00ed z\u00e1ruka.<\/strong><\/p>\n<p><strong>Doprava zdarma.<\/strong><\/p>\n","protected":false},"featured_media":210808,"comment_status":"open","ping_status":"closed","template":"","meta":[],"pwb-brand":[431],"product_brand":[],"product_cat":[2019,17],"product_tag":[3667],"class_list":{"0":"post-210807","1":"product","2":"type-product","3":"status-publish","4":"has-post-thumbnail","6":"pwb-brand-microtech","7":"product_cat-vystrelovaci-noze","8":"product_cat-noze","9":"product_tag-b2b","11":"first","12":"outofstock","13":"taxable","14":"shipping-taxable","15":"purchasable","16":"product-type-simple"},"brands":[{"id":431,"name":"Microtech","slug":"microtech"}],"_links":{"self":[{"href":"https:\/\/www.moskito.cz\/es\/wp-json\/wp\/v2\/product\/210807","targetHints":{"allow":["GET"]}}],"collection":[{"href":"https:\/\/www.moskito.cz\/es\/wp-json\/wp\/v2\/product"}],"about":[{"href":"https:\/\/www.moskito.cz\/es\/wp-json\/wp\/v2\/types\/product"}],"replies":[{"embeddable":true,"href":"https:\/\/www.moskito.cz\/es\/wp-json\/wp\/v2\/comments?post=210807"}],"wp:featuredmedia":[{"embeddable":true,"href":"https:\/\/www.moskito.cz\/es\/wp-json\/wp\/v2\/media\/210808"}],"wp:attachment":[{"href":"https:\/\/www.moskito.cz\/es\/wp-json\/wp\/v2\/media?parent=210807"}],"wp:term":[{"taxonomy":"pwb-brand","embeddable":true,"href":"https:\/\/www.moskito.cz\/es\/wp-json\/wp\/v2\/pwb-brand?post=210807"},{"taxonomy":"product_brand","embeddable":true,"href":"https:\/\/www.moskito.cz\/es\/wp-json\/wp\/v2\/product_brand?post=210807"},{"taxonomy":"product_cat","embeddable":true,"href":"https:\/\/www.moskito.cz\/es\/wp-json\/wp\/v2\/product_cat?post=210807"},{"taxonomy":"product_tag","embeddable":true,"href":"https:\/\/www.moskito.cz\/es\/wp-json\/wp\/v2\/product_tag?post=210807"}],"curies":[{"name":"wp","href":"https:\/\/api.w.org\/{rel}","templated":true}]}}