{"id":211734,"date":"2022-02-22T21:10:47","date_gmt":"2022-02-22T20:10:47","guid":{"rendered":"https:\/\/www.moskito.cz\/?post_type=product&#038;p=211734"},"modified":"2025-08-06T02:07:35","modified_gmt":"2025-08-06T01:07:35","slug":"pevny-nuz-sog-field-knife","status":"publish","type":"product","link":"https:\/\/www.moskito.cz\/es\/produkt\/pevny-nuz-sog-field-knife\/","title":{"rendered":"Pevn\u00fd N\u016f\u017e SOG FIELD KNIFE"},"content":{"rendered":"<p>Pevn\u00fd N\u016f\u017e <strong>SOG<\/strong> FIELD KNIFE.<\/p>\n<p>Poln\u00ed n\u016f\u017e, navr\u017een\u00fd outdoorsmeny a bat\u016f\u017ek\u00e1\u0159i, by m\u011bl b\u00fdt sou\u010d\u00e1st\u00ed va\u0161ich hol\u00fdch nezbytnost\u00ed p\u0159i ka\u017ed\u00e9m dobrodru\u017estv\u00ed. Jeho lehk\u00e1 konstrukce nastavuje nov\u00fd standard pro cenovou dostupnost a odolnost u venkovn\u00edch no\u017e\u016f s pevnou \u010depel\u00ed. \u010cepel z nerezov\u00e9 oceli 7CR17MOV m\u011b\u0159\u00ed 4,0 palce na d\u00e9lku s rovn\u00fdm ost\u0159\u00edm. D\u00edky m\u011bkk\u00e9 termoplastick\u00e9 pry\u017eov\u00e9 rukojeti je tou spr\u00e1vnou a bezpe\u010dnou volbou pro rychlou p\u0159\u00edpravu j\u00eddla a t\u00e1borov\u00e9 pr\u00e1ce. Field Knife je dod\u00e1v\u00e1n v pochv\u011b GRN s klipem na opasek a sekund\u00e1rn\u00edmi upev\u0148ovac\u00edmi body. Pochva je opat\u0159ena z\u00e1\u0159ezem pro p\u0159est\u0159i\u017een\u00ed paracordu nebo vlasce bez nutnosti odkryt\u00ed cel\u00e9 \u010depele. Zabalte si poln\u00ed n\u016f\u017e na v\u0161echna va\u0161e venkovn\u00ed dobrodru\u017estv\u00ed.<\/p>\n<p>CELKOV\u00c1 D\u00c9LKA : 21 cm<br \/>\nHMOTNOST PRODUKTU : 3,80 unce<br \/>\nD\u00c9LKA \u010cEPELE : 10 cm<br \/>\nTYP PRODUKTU : Pevn\u00e1 \u010depel<br \/>\nDOKON\u010cENI : Sat\u00e9n<br \/>\nTYP OKRAJE : Rovn\u00fd<br \/>\nOCELOV\u00dd TYP \u010cEPELE : 7Cr17MoV<br \/>\nMATERI\u00c1L RUKOJETI : TPR<br \/>\nBARVA RUKOJETI : \u010cern\u00e1<br \/>\nTVRDOST : Rc. 54-58<br \/>\nV\u010cETN\u011a POUZDRA : Ano<br \/>\nBARVA PL\u00c1\u0160T\u011a : \u010cern\u00e1<br \/>\nTYP UCHYCEN\u00cd PL\u00c1\u0160T\u011a : Spona na opasek<br \/>\nMATERI\u00c1L PL\u00c1\u0160T\u011a : Nylon vyztu\u017een\u00fd sklem<\/p>\n<p>&nbsp;<\/p>\n<p><iframe title=\"SOG Field Knife\" width=\"800\" height=\"450\" src=\"https:\/\/www.youtube.com\/embed\/0CA1U21TMAE?feature=oembed\" frameborder=\"0\" allow=\"accelerometer; autoplay; clipboard-write; encrypted-media; gyroscope; picture-in-picture; web-share\" referrerpolicy=\"strict-origin-when-cross-origin\" allowfullscreen><\/iframe><\/p>\n<p>&nbsp;<\/p>\n","protected":false},"excerpt":{"rendered":"<p>A\u0165 u\u017e chr\u00e1n\u00edte ostatn\u00ed nebo vedete epickou loveckou expedici, \u0159e\u0161\u00edte jednu z ka\u017edodenn\u00edch \u017eivotn\u00edch v\u00fdzev nebo se pot\u00fdk\u00e1te se sv\u00fdmi dosud nejextr\u00e9mn\u011bj\u0161\u00edmi podm\u00ednkami, ud\u011blejte si cestu se\u00a0<strong>SOG<\/strong>.<\/p>\n<p><strong>Na v\u0161echny no\u017ee SOG d\u00e1v\u00e1me do\u017eivotn\u00ed z\u00e1ruku!<\/strong><\/p>\n","protected":false},"featured_media":211735,"comment_status":"open","ping_status":"closed","template":"","meta":[],"pwb-brand":[591],"product_brand":[],"product_cat":[23,17],"product_tag":[3667],"class_list":{"0":"post-211734","1":"product","2":"type-product","3":"status-publish","4":"has-post-thumbnail","6":"pwb-brand-sog","7":"product_cat-pevne-noze","8":"product_cat-noze","9":"product_tag-b2b","11":"first","12":"outofstock","13":"taxable","14":"shipping-taxable","15":"purchasable","16":"product-type-simple"},"brands":[{"id":591,"name":"SOG","slug":"sog"}],"_links":{"self":[{"href":"https:\/\/www.moskito.cz\/es\/wp-json\/wp\/v2\/product\/211734","targetHints":{"allow":["GET"]}}],"collection":[{"href":"https:\/\/www.moskito.cz\/es\/wp-json\/wp\/v2\/product"}],"about":[{"href":"https:\/\/www.moskito.cz\/es\/wp-json\/wp\/v2\/types\/product"}],"replies":[{"embeddable":true,"href":"https:\/\/www.moskito.cz\/es\/wp-json\/wp\/v2\/comments?post=211734"}],"wp:featuredmedia":[{"embeddable":true,"href":"https:\/\/www.moskito.cz\/es\/wp-json\/wp\/v2\/media\/211735"}],"wp:attachment":[{"href":"https:\/\/www.moskito.cz\/es\/wp-json\/wp\/v2\/media?parent=211734"}],"wp:term":[{"taxonomy":"pwb-brand","embeddable":true,"href":"https:\/\/www.moskito.cz\/es\/wp-json\/wp\/v2\/pwb-brand?post=211734"},{"taxonomy":"product_brand","embeddable":true,"href":"https:\/\/www.moskito.cz\/es\/wp-json\/wp\/v2\/product_brand?post=211734"},{"taxonomy":"product_cat","embeddable":true,"href":"https:\/\/www.moskito.cz\/es\/wp-json\/wp\/v2\/product_cat?post=211734"},{"taxonomy":"product_tag","embeddable":true,"href":"https:\/\/www.moskito.cz\/es\/wp-json\/wp\/v2\/product_tag?post=211734"}],"curies":[{"name":"wp","href":"https:\/\/api.w.org\/{rel}","templated":true}]}}