{"id":212096,"date":"2022-02-28T21:35:38","date_gmt":"2022-02-28T20:35:38","guid":{"rendered":"https:\/\/www.moskito.cz\/?post_type=product&#038;p=212096"},"modified":"2026-02-04T14:24:11","modified_gmt":"2026-02-04T13:24:11","slug":"zaviraci-nuz-giantmouse-ace-biblio-green-canvas-micarta","status":"publish","type":"product","link":"https:\/\/www.moskito.cz\/es\/produkt\/zaviraci-nuz-giantmouse-ace-biblio-green-canvas-micarta\/","title":{"rendered":"Zav\u00edrac\u00ed N\u016f\u017e GiantMouse ACE BIBLIO &#8211; GREEN CANVAS MICARTA"},"content":{"rendered":"<p>Zav\u00edrac\u00ed N\u016f\u017e <strong>GiantMouse<\/strong> ACE BIBLIO &#8211; GREEN CANVAS MICARTA.<\/p>\n<p>SPR\u00c1VN\u00c9 NO\u017dE.\u00ae<\/p>\n<p>ACE Biblio stav\u00ed na dob\u0159e zn\u00e1m\u00e9m designu z na\u0161\u00ed \u0159ady GiantMouse, konkr\u00e9tn\u011b GM1.<\/p>\n<p>Jedn\u00e1 se o robustn\u00ed mal\u00fd \u0159ez\u00e1k s velk\u00fdmi schopnostmi. V\u0161estrann\u00e1 slo\u017eka EDC, kter\u00e1 vypad\u00e1 dob\u0159e a funguje je\u0161t\u011b l\u00e9pe, bez ohledu na to, zda jste v lese nebo ve m\u011bst\u011b. N\u016f\u017e pro pot\u00e1p\u011bn\u00ed i tane\u010dn\u00ed s\u00e1ly.<\/p>\n<p>Rukoje\u0165 dob\u0159e pln\u00ed i v\u011bt\u0161\u00ed ruce d\u00edky p\u011bkn\u011b zaoblen\u00fdm stupnic\u00edm a dobr\u00e9 ergonomii. Kdy\u017e u\u017e mluv\u00edme o rukojeti, rozhodli jsme se otryskat \u010dernou G10 a pl\u00e1t\u011bnou Micartu pro p\u0159ilnavost a skv\u011bl\u00fd pocit.<\/p>\n<p>P\u0159i pou\u017e\u00edv\u00e1n\u00ed Biblio si v\u0161imnete, jak dob\u0159e funguje. Ergonomie je op\u011bt na m\u00edst\u011b, ale tak\u00e9 p\u011bkn\u011b tenk\u00e1 brou\u0161en\u00e1 \u010depel z n\u011bj d\u011bl\u00e1 opravdov\u00fd kr\u00e1je\u010d. Volbou ploch\u00e9ho brusu na tento n\u016f\u017e jsme z\u00edskali silnou \u010depel s jemn\u00fdm ost\u0159\u00edm, kterou budete r\u00e1di pou\u017e\u00edvat. Abychom v\u00e1m z\u00edskali je\u0161t\u011b lep\u0161\u00ed \u010depel, vybrali jsme tuto \u010depel B\u00f6hler M390.<\/p>\n<p>SPECIFIKACE<\/p>\n<p>Materi\u00e1ly:<br \/>\n\u010cepel Ocel: Nerezov\u00e1 ocel B\u00f6hler M390 MICROCLEAN. Povrchov\u00e1 \u00faprava Stonewash.<br \/>\nRukoje\u0165: Green Canvas Micarta &#8211; Bead Blasted.<br \/>\nKlip: dr\u00e1t &#8211; oboustrann\u00fd.<br \/>\nPod\u0161\u00edvka: AISI 420 Kalen\u00e1 &#8211; Bead Blasted .<br \/>\nOto\u010dn\u00fd mechanismus: Kuli\u010dkov\u00e1 lo\u017eiska.<br \/>\nUzamykac\u00ed mechanismus: Liner lock.<\/p>\n<p>Rozm\u011bry:<br \/>\nD\u00e9lka \u010depele: 2,875&#8243; (73 mm) &#8211; m\u011b\u0159eno od \u0161pi\u010dky k p\u0159edn\u00ed \u010d\u00e1sti r\u00e1mu<br \/>\nTlou\u0161\u0165ka \u010depele: 0,118&#8243; (3 mm)<br \/>\nD\u00e9lka rukojeti: 4&#8243; (101,6 mm)<br \/>\nCelkov\u00e1 d\u00e9lka: 6,875&#8243; (174,6 mm)<br \/>\nHmotnost: 3,7 unce (104,9 g)<\/p>\n","protected":false},"excerpt":{"rendered":"<p>My\u0161lenka\u00a0<strong>GiantMouse<\/strong>\u00a0vznikla nad drinky jednoho ve\u010dera b\u011bhem americk\u00e9 show no\u017e\u016f v roce 2015. D\u00e1n\u0161t\u00ed design\u00e9\u0159i \/ no\u017e\u00ed\u0159i Jens Ans\u00f8 a Jesper Voxnaes (Vox) se spolu se sv\u00fdm americk\u00fdm podnikatelsk\u00fdm p\u0159\u00edtelem Jimem Wirthem rozhodli, \u017ee by mohli postavit lep\u0161\u00ed past na my\u0161i. mluvit. Zna\u010dka no\u017e\u016f, kter\u00e1 dok\u00e1\u017ee poskytnout \u00fa\u017easn\u00e9 designy no\u017e\u016f, s nejvy\u0161\u0161\u00ed mo\u017enou kvalitou v\u00fdroby, za f\u00e9rovou cenu a p\u0159itom z\u016fst\u00e1v\u00e1 \u00fazce zapojena do komunity sv\u00fdch z\u00e1kazn\u00edk\u016f.<\/p>\n<p><strong>Doprava zdarma.<\/strong><\/p>\n","protected":false},"featured_media":212097,"comment_status":"open","ping_status":"closed","template":"","meta":[],"pwb-brand":[3228],"product_brand":[],"product_cat":[22,17],"product_tag":[],"class_list":{"0":"post-212096","1":"product","2":"type-product","3":"status-publish","4":"has-post-thumbnail","6":"pwb-brand-giantmouse","7":"product_cat-zaviraci-noze","8":"product_cat-noze","10":"first","11":"instock","12":"taxable","13":"shipping-taxable","14":"purchasable","15":"product-type-simple"},"brands":[{"id":3228,"name":"GiantMouse","slug":"giantmouse"}],"_links":{"self":[{"href":"https:\/\/www.moskito.cz\/es\/wp-json\/wp\/v2\/product\/212096","targetHints":{"allow":["GET"]}}],"collection":[{"href":"https:\/\/www.moskito.cz\/es\/wp-json\/wp\/v2\/product"}],"about":[{"href":"https:\/\/www.moskito.cz\/es\/wp-json\/wp\/v2\/types\/product"}],"replies":[{"embeddable":true,"href":"https:\/\/www.moskito.cz\/es\/wp-json\/wp\/v2\/comments?post=212096"}],"wp:featuredmedia":[{"embeddable":true,"href":"https:\/\/www.moskito.cz\/es\/wp-json\/wp\/v2\/media\/212097"}],"wp:attachment":[{"href":"https:\/\/www.moskito.cz\/es\/wp-json\/wp\/v2\/media?parent=212096"}],"wp:term":[{"taxonomy":"pwb-brand","embeddable":true,"href":"https:\/\/www.moskito.cz\/es\/wp-json\/wp\/v2\/pwb-brand?post=212096"},{"taxonomy":"product_brand","embeddable":true,"href":"https:\/\/www.moskito.cz\/es\/wp-json\/wp\/v2\/product_brand?post=212096"},{"taxonomy":"product_cat","embeddable":true,"href":"https:\/\/www.moskito.cz\/es\/wp-json\/wp\/v2\/product_cat?post=212096"},{"taxonomy":"product_tag","embeddable":true,"href":"https:\/\/www.moskito.cz\/es\/wp-json\/wp\/v2\/product_tag?post=212096"}],"curies":[{"name":"wp","href":"https:\/\/api.w.org\/{rel}","templated":true}]}}