{"id":213651,"date":"2022-04-03T18:10:40","date_gmt":"2022-04-03T17:10:40","guid":{"rendered":"https:\/\/www.moskito.cz\/?post_type=product&#038;p=213651"},"modified":"2025-05-07T10:37:55","modified_gmt":"2025-05-07T09:37:55","slug":"vystrelovaci-nuz-microtech-makora-stonewashed-signature-series-206-10s","status":"publish","type":"product","link":"https:\/\/www.moskito.cz\/es\/produkt\/vystrelovaci-nuz-microtech-makora-stonewashed-signature-series-206-10s\/","title":{"rendered":"Vyst\u0159elovac\u00ed N\u016f\u017e Microtech Makora Stonewashed Signature Series 206-10S"},"content":{"rendered":"<p>Vyst\u0159elovac\u00ed N\u016f\u017e <strong>Microtech<\/strong> Makora Stonewashed Signature Series 206-10S<\/p>\n<p>\u010cern\u00e1 Double Edge (D\/E) Makora Signature Series s hladkou \u010depel\u00ed s povrchovou \u00fapravou Stonewash. Dvojit\u00e1 akce Out the Front (OTF) n\u016f\u017e. \u010cern\u00e1 eloxovan\u00e1 hlin\u00edkov\u00e1 rukoje\u0165 6061-T6 s p\u00e1skovou vlo\u017ekou a \u010depel\u00ed z oceli M390.<\/p>\n<p>Celkov\u00e1 d\u00e9lka: 9,44&#8243; (239,7125 mm)<br \/>\nD\u00e9lka v zav\u0159en\u00e9m stavu: 6,19&#8243; (157,15 mm)<br \/>\nD\u00e9lka \u010depele: 3,25&#8243; (82,55 mm)<br \/>\nTlou\u0161\u0165ka \u010depele: 0,125&#8243; (3,175 mm)<br \/>\nPovrchov\u00e1 \u00faprava \u010depele: Stonewashed<br \/>\nStyl okraje: Oby\u010dejn\u00fd<br \/>\nMateri\u00e1l rukojeti: \u010dern\u00fd hlin\u00edk<br \/>\nKapesn\u00ed klip: Tip-Down<br \/>\nHmotnost: 3,4 oz ( 96,39 g)<\/p>\n<p><iframe title=\"Microtech Combat Troodon Torture Test\" width=\"800\" height=\"450\" src=\"https:\/\/www.youtube.com\/embed\/xE9TeOFYEjg?feature=oembed\" frameborder=\"0\" allow=\"accelerometer; autoplay; clipboard-write; encrypted-media; gyroscope; picture-in-picture; web-share\" allowfullscreen><\/iframe><\/p>\n<p>&nbsp;<\/p>\n<p>&nbsp;<\/p>\n<p>Black Double Edge (D\/E) Makora Signature Series with a stonewash finished plain edge blade. Double action Out the Front (OTF) knife. Black anodized 6061-T6 aluminum handle with grip tape insert and M390 steel blade.<\/p>\n<p>Microtech Makora- Double Edge- Black With Stonewash Plain Edge 206-10 S<br \/>\nModel Number: 206-10 S<br \/>\nOverall Length: 8 5\/8&#8243;<br \/>\nBlade Length: 3.5&#8243;<br \/>\nHandle Length: 5 1\/8&#8243;<br \/>\nBlade Material: M390<br \/>\nBlade Style: Double Edge<br \/>\nFinish: Stonewash<br \/>\nColor: Black<br \/>\nWeight: 3.4 oz.<\/p>\n","protected":false},"excerpt":{"rendered":"<p>V pr\u016fb\u011bhu let\u00a0<strong>Microtech\u00ae\u00a0<\/strong>Knives naplnil v\u00e1\u0161n\u00ed a dovednost\u00ed v\u00fdrobu no\u017e\u016f, a\u017e z nich vytvo\u0159il t\u00e9m\u011b\u0159 um\u011bleck\u00e1 d\u00edla,kter\u00e9 jsou vrcholem funk\u010dnosti.V\u0161echny d\u00edly jsou vyrodeny v USA.<br \/>\n<strong>Na v\u0161echny no\u017ee Microtech je do\u017eivotn\u00ed z\u00e1ruka ( min. 80 000 cykl\u016f, otev\u0159en\u00ed a zav\u0159en\u00ed)<\/strong><\/p>\n<p><strong>Doprava zdarma.<\/strong><\/p>\n","protected":false},"featured_media":213667,"comment_status":"open","ping_status":"closed","template":"","meta":[],"pwb-brand":[431],"product_brand":[],"product_cat":[2019,17],"product_tag":[3667],"class_list":{"0":"post-213651","1":"product","2":"type-product","3":"status-publish","4":"has-post-thumbnail","6":"pwb-brand-microtech","7":"product_cat-vystrelovaci-noze","8":"product_cat-noze","9":"product_tag-b2b","11":"first","12":"instock","13":"taxable","14":"shipping-taxable","15":"purchasable","16":"product-type-simple"},"brands":[{"id":431,"name":"Microtech","slug":"microtech"}],"_links":{"self":[{"href":"https:\/\/www.moskito.cz\/es\/wp-json\/wp\/v2\/product\/213651","targetHints":{"allow":["GET"]}}],"collection":[{"href":"https:\/\/www.moskito.cz\/es\/wp-json\/wp\/v2\/product"}],"about":[{"href":"https:\/\/www.moskito.cz\/es\/wp-json\/wp\/v2\/types\/product"}],"replies":[{"embeddable":true,"href":"https:\/\/www.moskito.cz\/es\/wp-json\/wp\/v2\/comments?post=213651"}],"wp:featuredmedia":[{"embeddable":true,"href":"https:\/\/www.moskito.cz\/es\/wp-json\/wp\/v2\/media\/213667"}],"wp:attachment":[{"href":"https:\/\/www.moskito.cz\/es\/wp-json\/wp\/v2\/media?parent=213651"}],"wp:term":[{"taxonomy":"pwb-brand","embeddable":true,"href":"https:\/\/www.moskito.cz\/es\/wp-json\/wp\/v2\/pwb-brand?post=213651"},{"taxonomy":"product_brand","embeddable":true,"href":"https:\/\/www.moskito.cz\/es\/wp-json\/wp\/v2\/product_brand?post=213651"},{"taxonomy":"product_cat","embeddable":true,"href":"https:\/\/www.moskito.cz\/es\/wp-json\/wp\/v2\/product_cat?post=213651"},{"taxonomy":"product_tag","embeddable":true,"href":"https:\/\/www.moskito.cz\/es\/wp-json\/wp\/v2\/product_tag?post=213651"}],"curies":[{"name":"wp","href":"https:\/\/api.w.org\/{rel}","templated":true}]}}