{"id":213761,"date":"2022-04-04T17:31:28","date_gmt":"2022-04-04T16:31:28","guid":{"rendered":"https:\/\/www.moskito.cz\/?post_type=product&#038;p=213761"},"modified":"2025-05-07T10:37:57","modified_gmt":"2025-05-07T09:37:57","slug":"vystrelovaci-nuz-microtech-exclusive-memento-mori-ultratech-bronze-apocalyptic121-13dc","status":"publish","type":"product","link":"https:\/\/www.moskito.cz\/es\/produkt\/vystrelovaci-nuz-microtech-exclusive-memento-mori-ultratech-bronze-apocalyptic121-13dc\/","title":{"rendered":"Vyst\u0159elovac\u00ed N\u016f\u017e Microtech Exclusive Memento Mori Ultratech Bronze Apocalyptic121-13DC"},"content":{"rendered":"<p>Vyst\u0159elovac\u00ed N\u016f\u017e <strong>Microtech<\/strong> Exclusive Memento Mori Ultratech Bronze Apocalyptic121-13DC.<\/p>\n<p>Ultratech nav\u017edy nastav\u00ed standard pro v\u0161echny p\u0159edn\u00ed no\u017ee. Ultratech je origin\u00e1ln\u00ed dvou\u010dinn\u00fd p\u0159edn\u00ed n\u016f\u017e Microtech a byl z\u00e1kladem cel\u00e9 jejich \u0159ady OTF. V pr\u016fb\u011bhu let pro\u0161el n\u011bkolika \u00fapravami, poka\u017ed\u00e9 se stal \u00fa\u010dinn\u011bj\u0161\u00edm a spolehliv\u011bj\u0161\u00edm. Tato verze m\u00e1 vylep\u0161enou texturu tri-grip na palcov\u00e9m skl\u00ed\u010dku pro pozitivn\u011bj\u0161\u00ed n\u00e1kup a apokalyptick\u00fd hardware pro p\u011bkn\u00fd kontrast. Hlin\u00edkov\u00e9 rukojeti maj\u00ed levou polovinu pikov\u00e9ho esa a zk\u0159\u00ed\u017een\u00e9 hn\u00e1ty s latinsk\u00fdm cit\u00e1tem \u201eMemento Mori\u201c, kter\u00fd je p\u0159ipom\u00ednkou mor\u00e1lky poch\u00e1zej\u00edc\u00ed ze starov\u011bk\u00e9ho \u0159\u00edmsk\u00e9ho zvyku na bronzov\u00e9 apokalyptick\u00e9 standardn\u00ed \u010depeli s padac\u00edm hrotem. B\u011bhem v\u00edt\u011bzn\u00e9 p\u0159ehl\u00eddky, jakmile se \u0159\u00edm\u0161t\u00ed gener\u00e1lov\u00e9 vr\u00e1tili z bitvy, \u0161el za n\u00edm otrok a mumlal verzi tohoto v\u00fdrazu, aby mu p\u0159ipomn\u011bl, \u017ee je jen mu\u017e, a nestal se ob\u011bt\u00ed pov\u00fd\u0161enosti a iluz\u00ed vzne\u0161enosti. Pru\u017eina Ultratechu z\u016fst\u00e1v\u00e1 v \u201eklidov\u00e9\u201c poloze po celou dobu, s v\u00fdjimkou rozta\u017een\u00ed. T\u00edm je zaji\u0161t\u011bno, \u017ee se stla\u010den\u00e1 pru\u017eina neunav\u00ed, co\u017e u\u017eivatel\u016fm zaji\u0161\u0165uje, \u017ee kdy\u017e je n\u016f\u017e vyst\u0159elen, bude fungovat efektivn\u011b. Lehk\u00fd n\u016f\u017e Ultratech s mo\u017enost\u00ed otev\u00edr\u00e1n\u00ed a zav\u00edr\u00e1n\u00ed jednou rukou, tenk\u00fd tvar a ostr\u00e1 \u010depel dro point ze skalpelu z n\u011bj \u010din\u00ed jedine\u010dn\u00fd n\u016f\u017e, kter\u00fd je k dispozici pouze u Microtech. Tento n\u016f\u017e znovu a znovu prok\u00e1zal, \u017ee odol\u00e1 jak\u00e9koli p\u0159ek\u00e1\u017ece a ji\u017e brzy bude hledat druhou polovinu t\u00e9to dvou\u010depelov\u00e9 sady.<\/p>\n<p>Celkov\u00e1 d\u00e9lka: 22 cm<br \/>\nD\u00e9lka \u010depele: 8.6 cm<br \/>\nMateri\u00e1l \u010depele: Bohler M390<br \/>\nStyl \u010depele: D\u00fdka<br \/>\nB\u0159itov\u00e9 desti\u010dky: Ploch\u00e9<br \/>\nTyp okraje: oby\u010dejn\u00fd<br \/>\nMateri\u00e1l rukojeti: hlin\u00edk<br \/>\nHmotnost: 3,60 oz.<br \/>\nU\u017eivatel: Prav\u00e1 ruka<br \/>\nPocket Clip: Tip-Down<br \/>\nTyp no\u017ee: Double-Action OTF Automatic<br \/>\nOtv\u00edra\u010d: Thumb Slide<br \/>\nZna\u010dka: Microtech<br \/>\nModel: Ultratech<\/p>\n<p><iframe title=\"Microtech Combat Troodon Torture Test\" width=\"800\" height=\"450\" src=\"https:\/\/www.youtube.com\/embed\/xE9TeOFYEjg?feature=oembed\" frameborder=\"0\" allow=\"accelerometer; autoplay; clipboard-write; encrypted-media; gyroscope; picture-in-picture; web-share\" referrerpolicy=\"strict-origin-when-cross-origin\" allowfullscreen><\/iframe><\/p>\n<p>&nbsp;<\/p>\n<p>MT12113DC: 123-13DC Death Card Standard Drop Point Ultratech, Left<br \/>\nMicrotech<\/p>\n<p>The Ultratech will forever set the standard for all out-the-front knives. The Ultratech is Microtech&#8217;s original dual action out-the-front knife and has been the foundation of their entire OTF line. Over the years, it has gone through several modifications, each time becoming more efficient and reliable. This version has the improved tri-grip texturing on the thumb slide for more positive purchase and apocalyptic hardware for nice contrast. The aluminum handles have the left half of an ace of spades and crossbones with the Latin quote \u00abMemento Mori\u00bb which is a reminder of morality originating from an Ancient Roman practice on the bronze apocalyptic standard drop point blade. During the victory parade, once Roman generals would return from battle, a slave would walk behind him muttering a version of this expression to remind him he was only a man and not to fall victim to haughtiness and delusions of grandeur. The Ultratech&#8217;s spring remains in an \u00abat rest\u00bb position at all times except when deployed. This ensures that the compressed spring will not become fatigued, assuring users that when the knife is fired, it will operate effectively. The Ultratech&#8217;s lightweight, one handed open and close action, slim shape and scalpel sharp dro point blade makes it a one-of-a-kind knife, only available through Microtech. This knife has proven time and again that it can withstand any obstacle and look for the other half of this two-blade paired set coming soon. Please note, photo showing two knives is for reference only. Includes only one knife.<br \/>\nSpecifications<\/p>\n<p>Automatic Opening\/Closing &#8211; Front Opener<br \/>\nAction: Dual Action &#8211; Auto Fire\/Retract<br \/>\nBlade Length: 3.46&#8243;<br \/>\nBlade Style: Drop Point, Bronze Apocalyptic<br \/>\nHandle Thickness: 0.640&#8243;<br \/>\nHandle Material: 6061-T6 Aluminum with Black Mil-Spec Hard Coat Anodizing<br \/>\nLength Closed: 4.84&#8243;<br \/>\nLength Open: 8.30&#8243;<br \/>\nPocket Clip Material: 301 Stainless<br \/>\nStandard Top: 6061-T6 AL Alloy<br \/>\nTrigger: 303 Stainless<br \/>\nWindow Breaker<br \/>\nMade in the USA<\/p>\n","protected":false},"excerpt":{"rendered":"<div class=\"elementor-element elementor-element-bbb542b elementor-widget elementor-widget-woocommerce-product-short-description\" data-id=\"bbb542b\" data-element_type=\"widget\" data-widget_type=\"woocommerce-product-short-description.default\">\n<div class=\"elementor-widget-container\">\n<div class=\"woocommerce-product-details__short-description\">\n<p>V pr\u016fb\u011bhu let\u00a0<strong>Microtech\u00ae<\/strong>\u00a0Knives naplnil v\u00e1\u0161n\u00ed a dovednost\u00ed v\u00fdrobu no\u017e\u016f, a\u017e z nich vytvo\u0159il t\u00e9m\u011b\u0159 um\u011bleck\u00e1 d\u00edla,kter\u00e9 jsou vrcholem funk\u010dnosti.V\u0161echny d\u00edly jsou vyrodeny v USA.<br \/>\n<strong>Na v\u0161echny no\u017ee Microtech je do\u017eivotn\u00ed z\u00e1ruka.<\/strong><\/p>\n<p><strong>Doprava zdarma.<\/strong><\/p>\n<\/div>\n<\/div>\n<\/div>\n","protected":false},"featured_media":213762,"comment_status":"open","ping_status":"closed","template":"","meta":[],"pwb-brand":[431],"product_brand":[],"product_cat":[2019,17],"product_tag":[3667],"class_list":{"0":"post-213761","1":"product","2":"type-product","3":"status-publish","4":"has-post-thumbnail","6":"pwb-brand-microtech","7":"product_cat-vystrelovaci-noze","8":"product_cat-noze","9":"product_tag-b2b","11":"first","12":"outofstock","13":"taxable","14":"shipping-taxable","15":"purchasable","16":"product-type-simple"},"brands":[{"id":431,"name":"Microtech","slug":"microtech"}],"_links":{"self":[{"href":"https:\/\/www.moskito.cz\/es\/wp-json\/wp\/v2\/product\/213761","targetHints":{"allow":["GET"]}}],"collection":[{"href":"https:\/\/www.moskito.cz\/es\/wp-json\/wp\/v2\/product"}],"about":[{"href":"https:\/\/www.moskito.cz\/es\/wp-json\/wp\/v2\/types\/product"}],"replies":[{"embeddable":true,"href":"https:\/\/www.moskito.cz\/es\/wp-json\/wp\/v2\/comments?post=213761"}],"wp:featuredmedia":[{"embeddable":true,"href":"https:\/\/www.moskito.cz\/es\/wp-json\/wp\/v2\/media\/213762"}],"wp:attachment":[{"href":"https:\/\/www.moskito.cz\/es\/wp-json\/wp\/v2\/media?parent=213761"}],"wp:term":[{"taxonomy":"pwb-brand","embeddable":true,"href":"https:\/\/www.moskito.cz\/es\/wp-json\/wp\/v2\/pwb-brand?post=213761"},{"taxonomy":"product_brand","embeddable":true,"href":"https:\/\/www.moskito.cz\/es\/wp-json\/wp\/v2\/product_brand?post=213761"},{"taxonomy":"product_cat","embeddable":true,"href":"https:\/\/www.moskito.cz\/es\/wp-json\/wp\/v2\/product_cat?post=213761"},{"taxonomy":"product_tag","embeddable":true,"href":"https:\/\/www.moskito.cz\/es\/wp-json\/wp\/v2\/product_tag?post=213761"}],"curies":[{"name":"wp","href":"https:\/\/api.w.org\/{rel}","templated":true}]}}