{"id":213852,"date":"2022-04-05T16:16:03","date_gmt":"2022-04-05T15:16:03","guid":{"rendered":"https:\/\/www.moskito.cz\/?post_type=product&#038;p=213852"},"modified":"2025-05-07T10:37:58","modified_gmt":"2025-05-07T09:37:58","slug":"microtech-kyroh-pen-bead-blast-titanium-tritium-insert-403-ti-bbtri","status":"publish","type":"product","link":"https:\/\/www.moskito.cz\/es\/produkt\/microtech-kyroh-pen-bead-blast-titanium-tritium-insert-403-ti-bbtri\/","title":{"rendered":"Microtech Kyroh Pen \u2013 Bead Blast Titanium Tritium Insert 403-TI-BBTRI"},"content":{"rendered":"<p><strong>Microtech<\/strong> Kyroh Pen \u2013 Bead Blast Titanium Tritium Insert 403-TI-BBTRI<\/p>\n<p>Toto pero <strong>Kyroh Pen<\/strong> je mozkem majitele spole\u010dnosti Microtech Anthonyho Marfionea a je v\u00fdsledkem spolupr\u00e1ce s no\u017ei Rike. Tento Kyroh je robustn\u00ed s hladk\u00fdm mechanismem Bolt Action integrovan\u00fdm do kapesn\u00ed spony. Tento Kyroh-Mini je titan s l\u00edmcem z uhl\u00edkov\u00fdch vl\u00e1ken. Toto pero je vyrobeno tak, aby poskytovalo hladk\u00e9 a pohodln\u00e9 psan\u00ed. Toto pero m\u00e1 tak\u00e9 Tritium v \u200b\u200bkoncovce a rozb\u00edje\u010d skla na sam\u00e9m konci.<\/p>\n<p>Kyroh je \u0161roubovac\u00ed pero, kter\u00e9 se ot\u00e1\u010d\u00ed a zaji\u0161\u0165uje na m\u00edst\u011b a umo\u017e\u0148uje v\u00fdm\u011bnn\u00e9 kazety Fisher Space. Pero je dostupn\u00e9 ve standardn\u00edch i mini velikostech a m\u00e1 tvarovanou rukoje\u0165, rozb\u00edje\u010d skla, robustn\u00ed kapesn\u00ed klip a vym\u011bnitelnou inkoustovou kazetu Fisher Space.<\/p>\n<p>Kyroh bude jist\u011b solidn\u00edm dopl\u0148kem va\u0161eho ka\u017edodenn\u00edho no\u0161en\u00ed.<\/p>\n<p>Specifikace<\/p>\n<p>Materi\u00e1l pera: 6AL-4V<br \/>\nD\u00e9lka: 15 cm<br \/>\nPr\u016fm\u011br : <span id=\"cwos\" class=\"qv3Wpe\">1.25<\/span> cm<\/p>\n<p>This <strong>Kyroh Pen<\/strong> is the brain child of Microtech owner Anthony Marfione and a build collaboration with Rike knives. This Kyroh-Mini is robust with a smooth Bolt Action mechanism integrated into the pocket clip. This Kyroh-Mini is Titanium with a Carbon Fiber Collar. This pen is machined in a way to provide a smooth and comfortable writing experience. This pen also has Tritium in the end cap and a glass breaker on the very end.<\/p>\n<p>The Kyroh is a bolt-action pen that twists and locks into place and accepts replaceable Fisher Space cartridges. Coming in both standard and mini sizes, the pen is fashioned with a textured grip, glass breaker, sturdy pocket clip and replaceable Fisher Space ink cartridge.<\/p>\n<p>The Kyroh is sure to be a solid addition to your everyday carry.<\/p>\n<p>Specifications<\/p>\n<p>Pen Material: 6AL-4V<br \/>\nSmall Length: 4.8\u201d<br \/>\nLarge Length: 5.87\u201d<br \/>\nBarrel Diameter .5\u201d<\/p>\n","protected":false},"excerpt":{"rendered":"<div class=\"elementor-element elementor-element-bbb542b elementor-widget elementor-widget-woocommerce-product-short-description\" data-id=\"bbb542b\" data-element_type=\"widget\" data-widget_type=\"woocommerce-product-short-description.default\">\n<div class=\"elementor-widget-container\">\n<div class=\"woocommerce-product-details__short-description\">\n<div class=\"elementor-element elementor-element-bbb542b elementor-widget elementor-widget-woocommerce-product-short-description\" data-id=\"bbb542b\" data-element_type=\"widget\" data-widget_type=\"woocommerce-product-short-description.default\">\n<div class=\"elementor-widget-container\">\n<div class=\"woocommerce-product-details__short-description\">\n<div class=\"elementor-element elementor-element-bbb542b elementor-widget elementor-widget-woocommerce-product-short-description\" data-id=\"bbb542b\" data-element_type=\"widget\" data-widget_type=\"woocommerce-product-short-description.default\">\n<div class=\"elementor-widget-container\">\n<div class=\"woocommerce-product-details__short-description\">\n<p>V pr\u016fb\u011bhu let <strong>Microtech\u00ae<\/strong> Knives naplnil v\u00e1\u0161n\u00ed a dovednost\u00ed v\u00fdrobu no\u017e\u016f, a\u017e z nich vytvo\u0159il t\u00e9m\u011b\u0159 um\u011bleck\u00e1 d\u00edla,kter\u00e9 jsou vrcholem funk\u010dnosti.V\u0161echny d\u00edly jsou vyrobeny v USA.<br \/>\n<strong>Na v\u0161echny no\u017ee Microtech je do\u017eivotn\u00ed z\u00e1ruka.<\/strong><\/p>\n<p><strong>Doprava zdarma.<\/strong><\/p>\n<\/div>\n<\/div>\n<\/div>\n<\/div>\n<\/div>\n<\/div>\n<\/div>\n<\/div>\n<\/div>\n","protected":false},"featured_media":213872,"comment_status":"open","ping_status":"closed","template":"","meta":[],"pwb-brand":[431],"product_brand":[],"product_cat":[2019,17],"product_tag":[3667],"class_list":{"0":"post-213852","1":"product","2":"type-product","3":"status-publish","4":"has-post-thumbnail","6":"pwb-brand-microtech","7":"product_cat-vystrelovaci-noze","8":"product_cat-noze","9":"product_tag-b2b","11":"first","12":"outofstock","13":"taxable","14":"shipping-taxable","15":"purchasable","16":"product-type-simple"},"brands":[{"id":431,"name":"Microtech","slug":"microtech"}],"_links":{"self":[{"href":"https:\/\/www.moskito.cz\/es\/wp-json\/wp\/v2\/product\/213852","targetHints":{"allow":["GET"]}}],"collection":[{"href":"https:\/\/www.moskito.cz\/es\/wp-json\/wp\/v2\/product"}],"about":[{"href":"https:\/\/www.moskito.cz\/es\/wp-json\/wp\/v2\/types\/product"}],"replies":[{"embeddable":true,"href":"https:\/\/www.moskito.cz\/es\/wp-json\/wp\/v2\/comments?post=213852"}],"wp:featuredmedia":[{"embeddable":true,"href":"https:\/\/www.moskito.cz\/es\/wp-json\/wp\/v2\/media\/213872"}],"wp:attachment":[{"href":"https:\/\/www.moskito.cz\/es\/wp-json\/wp\/v2\/media?parent=213852"}],"wp:term":[{"taxonomy":"pwb-brand","embeddable":true,"href":"https:\/\/www.moskito.cz\/es\/wp-json\/wp\/v2\/pwb-brand?post=213852"},{"taxonomy":"product_brand","embeddable":true,"href":"https:\/\/www.moskito.cz\/es\/wp-json\/wp\/v2\/product_brand?post=213852"},{"taxonomy":"product_cat","embeddable":true,"href":"https:\/\/www.moskito.cz\/es\/wp-json\/wp\/v2\/product_cat?post=213852"},{"taxonomy":"product_tag","embeddable":true,"href":"https:\/\/www.moskito.cz\/es\/wp-json\/wp\/v2\/product_tag?post=213852"}],"curies":[{"name":"wp","href":"https:\/\/api.w.org\/{rel}","templated":true}]}}