{"id":214026,"date":"2022-04-07T21:08:30","date_gmt":"2022-04-07T20:08:30","guid":{"rendered":"https:\/\/www.moskito.cz\/?post_type=product&#038;p=214026"},"modified":"2025-05-07T10:38:00","modified_gmt":"2025-05-07T09:38:00","slug":"vystrelovaci-nuz-microtech-marfione-mini-halo-iii","status":"publish","type":"product","link":"https:\/\/www.moskito.cz\/es\/produkt\/vystrelovaci-nuz-microtech-marfione-mini-halo-iii\/","title":{"rendered":"Vyst\u0159elovac\u00ed N\u016f\u017e Microtech Marfione Mini Halo III"},"content":{"rendered":"<p>Vyst\u0159elovac\u00ed N\u016f\u017e <strong>Microtech<\/strong> Marfione Mini Halo III<\/p>\n<p><strong>Jedin\u00fd kus v Evrop\u011b !!!!<\/strong><\/p>\n<p>Halo Automatic od Tonyho Marfionea je t\u0159\u00eddou sv\u011bta OTF a m\u00e1 jednu z nejsiln\u011bj\u0161\u00edch vyst\u0159elovac\u00edch \u010depel\u00ed, jak\u00e9 jsme kdy vid\u011bli. Tla\u010d\u00edtko bleskurychle vyst\u0159el\u00ed \u010depel a z\u00e1rove\u0148 \u010depel odjist\u00ed, tak\u017ee kdy\u017e zat\u00e1hnete za poutko na tupom konci no\u017ee, \u010depel se snadno zasune do rukojeti a znovu vyst\u0159el\u00ed. Tento Mini Halo III OTF obsahuje zrcadlov\u011b le\u0161t\u011bnou \u010depel M390 tanto, \u010dernou hlin\u00edkovou rukoje\u0165, dvojit\u011b otryskan\u00fd hardware a dod\u00e1v\u00e1 se ve vlastn\u00edm pouzd\u0159e z uhl\u00edkov\u00fdch vl\u00e1ken s kovov\u00fdm certifik\u00e1tem pravosti. Jedn\u00e1 se o naprosto \u00fa\u017easn\u00fd vysoce sb\u011bratelsk\u00fd kousek a skute\u010dn\u011b v\u00e1m d\u00e1v\u00e1 nahl\u00e9dnout do toho, jak p\u011bkn\u00e9 mohou b\u00fdt p\u0159edn\u00ed AUTO, zvl\u00e1\u0161t\u011b ty takto mal\u00e9.<\/p>\n<p>Specifikace<br \/>\nD\u00e9lka \u010depele: 5 cm<br \/>\nCelkov\u00e1 d\u00e9lka: 12 cm<br \/>\nMateri\u00e1l \u010depele: M390 Nerezov\u00e1 ocel<br \/>\nStyl \u010depele: Tanto<br \/>\nBrou\u0161en\u00ed \u010depele: Dut\u00e1, hv\u011bzdicov\u00e1 m\u0159\u00ed\u017eka<br \/>\nPovrchov\u00e1 \u00faprava \u010depele: Mirror Polish<br \/>\nMateri\u00e1l rukojeti: Tvrd\u00fd eloxovan\u00fd hlin\u00edk 6061-T6<br \/>\nUzamykac\u00ed mechanismus: Tla\u010d\u00edtko<br \/>\nKapesn\u00ed klip: \u017d\u00e1dn\u00fd<br \/>\nMateri\u00e1l pouzdra: Vlastn\u00ed pouzdro z uhl\u00edkov\u00fdch vl\u00e1ken<br \/>\nHmotnost: 0,5 oz.<br \/>\nDesign\u00e9\u0159i: Tony a Sean Marfione<br \/>\nRu\u010dn\u00ed v\u00fdroba v USA<\/p>\n<p><iframe title=\"Microtech Combat Troodon Torture Test\" width=\"800\" height=\"450\" src=\"https:\/\/www.youtube.com\/embed\/xE9TeOFYEjg?feature=oembed\" frameborder=\"0\" allow=\"accelerometer; autoplay; clipboard-write; encrypted-media; gyroscope; picture-in-picture; web-share\" referrerpolicy=\"strict-origin-when-cross-origin\" allowfullscreen><\/iframe><\/p>\n<p>&nbsp;<\/p>\n<p>MCKMHALO3SG: Mini Halo III OTF AUTO &#8211; Mirror Polish Star Grind<br \/>\nMarfione Custom Knives<br \/>\nThe Halo Automatic from Tony Marfione is the class of the OTF world and has one of the strongest firing blades we&#8217;ve ever seen. The push-button fires the blade out lightning-fast and it also unlocks the blade so that when you pull the tab at the butt end of the knife, the blade retracts easily into the handle to fire again. This Mini Halo III OTF includes a mirror-polished M390 tanto blade, black aluminum handle, double vapor blasted hardware, and it comes in its own custom carbon fiber case with a metal certificate of authenticity. This is an absolutely amazing highly collectible and it really gives you an insight into how nice out the front AUTOs, especially ones this small, can be.<\/p>\n<p>Specifications<br \/>\nBlade Length: 2.00&#8243;<br \/>\nCutting Edge: 1.92&#8243;<br \/>\nClosed Length: 2.69&#8243;<br \/>\nOverall Length: 4.65&#8243;<br \/>\nBlade Materials: M390 Stainless Steel<br \/>\nBlade Thickness: 0.075&#8243;<br \/>\nBlade Style: Tanto<br \/>\nBlade Grind: Hollow, Star Grid<br \/>\nBlade Finish: Mirror Polish<br \/>\nHandle Material: Hard Coat Anodized 6061-T6 Aluminum<br \/>\nHandle Thickness: 0.214&#8243;<br \/>\nLocking Mechanism: Button<br \/>\nPocket Clip: None<br \/>\nCase Material: Custom Carbon Fiber Case<br \/>\nWeight: 0.5 oz.<br \/>\nDesigners: Tony and Sean Marfione<br \/>\nHandmade in the USA<\/p>\n","protected":false},"excerpt":{"rendered":"<p>Vyst\u0159elovac\u00ed N\u016f\u017e Microtech Marfione Mini Halo III Jedin\u00fd kus v Evrop\u011b !!!! Halo Automatic od Tonyho Marfionea je t\u0159\u00eddou sv\u011bta OTF a m\u00e1 jednu z nejsiln\u011bj\u0161\u00edch vyst\u0159elovac\u00edch \u010depel\u00ed, jak\u00e9 jsme kdy vid\u011bli. Tla\u010d\u00edtko bleskurychle vyst\u0159el\u00ed \u010depel a z\u00e1rove\u0148 \u010depel odjist\u00ed, tak\u017ee kdy\u017e zat\u00e1hnete za poutko na tupom konci no\u017ee, \u010depel se snadno zasune do rukojeti [&hellip;]<\/p>\n","protected":false},"featured_media":214030,"comment_status":"open","ping_status":"closed","template":"","meta":[],"pwb-brand":[431],"product_brand":[],"product_cat":[2019,17],"product_tag":[3667],"class_list":{"0":"post-214026","1":"product","2":"type-product","3":"status-publish","4":"has-post-thumbnail","6":"pwb-brand-microtech","7":"product_cat-vystrelovaci-noze","8":"product_cat-noze","9":"product_tag-b2b","11":"first","12":"outofstock","13":"taxable","14":"shipping-taxable","15":"purchasable","16":"product-type-simple"},"brands":[{"id":431,"name":"Microtech","slug":"microtech"}],"_links":{"self":[{"href":"https:\/\/www.moskito.cz\/es\/wp-json\/wp\/v2\/product\/214026","targetHints":{"allow":["GET"]}}],"collection":[{"href":"https:\/\/www.moskito.cz\/es\/wp-json\/wp\/v2\/product"}],"about":[{"href":"https:\/\/www.moskito.cz\/es\/wp-json\/wp\/v2\/types\/product"}],"replies":[{"embeddable":true,"href":"https:\/\/www.moskito.cz\/es\/wp-json\/wp\/v2\/comments?post=214026"}],"wp:featuredmedia":[{"embeddable":true,"href":"https:\/\/www.moskito.cz\/es\/wp-json\/wp\/v2\/media\/214030"}],"wp:attachment":[{"href":"https:\/\/www.moskito.cz\/es\/wp-json\/wp\/v2\/media?parent=214026"}],"wp:term":[{"taxonomy":"pwb-brand","embeddable":true,"href":"https:\/\/www.moskito.cz\/es\/wp-json\/wp\/v2\/pwb-brand?post=214026"},{"taxonomy":"product_brand","embeddable":true,"href":"https:\/\/www.moskito.cz\/es\/wp-json\/wp\/v2\/product_brand?post=214026"},{"taxonomy":"product_cat","embeddable":true,"href":"https:\/\/www.moskito.cz\/es\/wp-json\/wp\/v2\/product_cat?post=214026"},{"taxonomy":"product_tag","embeddable":true,"href":"https:\/\/www.moskito.cz\/es\/wp-json\/wp\/v2\/product_tag?post=214026"}],"curies":[{"name":"wp","href":"https:\/\/api.w.org\/{rel}","templated":true}]}}