{"id":214252,"date":"2022-04-12T20:10:08","date_gmt":"2022-04-12T19:10:08","guid":{"rendered":"https:\/\/www.moskito.cz\/?post_type=product&#038;p=214252"},"modified":"2025-05-07T10:38:06","modified_gmt":"2025-05-07T09:38:06","slug":"vystrelovaci-nuz-boker-magnum-thunder-storm-auto-01bo792","status":"publish","type":"product","link":"https:\/\/www.moskito.cz\/es\/produkt\/vystrelovaci-nuz-boker-magnum-thunder-storm-auto-01bo792\/","title":{"rendered":"Vyst\u0159elovac\u00ed N\u016f\u017e B\u00f6ker Magnum Thunder Storm Auto 01BO792"},"content":{"rendered":"<p>Vyst\u0159elovac\u00ed N\u016f\u017e <strong>B\u00f6ker<\/strong> Magnum Thunder Storm Auto 01BO792.<\/p>\n<p><strong>Boker<\/strong> Plus Thunder Storm Auto navr\u017een\u00fd Borisem Manasherovem je stabiln\u00ed taktick\u00fd n\u016f\u017e, kter\u00fd d\u00edky v\u00fdrazn\u00e9mu vybr\u00e1n\u00ed pro ukazov\u00e1\u010dek perfektn\u011b padne do ruky t\u00e9m\u011b\u0159 v jak\u00e9koli poloze \u00fachopu. Rychl\u00e9 zm\u011bny \u00fachopu na reverzn\u00ed \u00fachop nebo h\u0159bet jsou podporov\u00e1ny zvln\u011bn\u00edm na h\u0159betu \u010depele a na rukojeti. \u010cern\u00e1 rukoje\u0165 v\u00e1hy je vyfr\u00e9zov\u00e1na z hlin\u00edku a m\u00e1 z\u00e1\u0159ezy sni\u017euj\u00edc\u00ed hmotnost. \u010cepel AUS-8 m\u00e1 povrchovou \u00fapravu Stonewash a otev\u00edr\u00e1 se automaticky tla\u010d\u00edtkem . S rozb\u00edje\u010dem skla z karbidu wolframu, otvorem pro \u0161\u0148\u016frku a oboustrannou sponou pro hlubok\u00e9 no\u0161en\u00ed (sklopnou).<\/p>\n<p>Typ polo\u017eky: kapesn\u00ed n\u016f\u017e<br \/>\nCelkov\u00e1 d\u00e9lka: 18,50 cm<br \/>\nD\u00e9lka \u010depele: 7,20 cm<br \/>\nS\u00edla \u010depele: 3,30 mm<br \/>\nHmotnost: 101,00 g<br \/>\nN\u00e1vrh\u00e1\u0159i: Boris Manasherov<br \/>\nMateri\u00e1l \u010depele: VYP-8<br \/>\nMateri\u00e1l rukojeti: hlin\u00edk<br \/>\nPomoc p\u0159i otev\u00edr\u00e1n\u00ed: stiskn\u011bte tla\u010d\u00edtko<br \/>\nOtev\u00edrac\u00ed: automatick\u00fd<\/p>\n<p>The Boker Plus Thunder Storm Auto designed by Boris Manasherov is a rugged tactical knife. Its pronounced finger choil makes it very handy in any grip position. Fast position changes to a reverse grip or vice versa are supported by the ridges in the blade spine and handle. The black handle scales are milled from aluminum with weight-reducing jimpings. The AUS-8 blade has a light stonewash finish and opens automatically with a push button. With a tungsten carbide glass breaker, lanyard hole and repositionable deep-carry clip (tip-up).<\/p>\n<p>Type:<br \/>\nPocket Knife<br \/>\nOverall Length:<br \/>\n18,50 cm<br \/>\nBlade Length:<br \/>\n7,20 cm<br \/>\nBlade Thickness:<br \/>\n3,30 mm<br \/>\nWeight:<br \/>\n101,00 g<br \/>\nDesigner:<br \/>\nBoris Manasherov<br \/>\nBlade Material:<br \/>\nAUS-8<br \/>\nHandle Material:<br \/>\nAluminum<br \/>\nOpener:<br \/>\nPush Button<br \/>\nOpening:<br \/>\nAutomatic<br \/>\nLock Type:<br \/>\nPush Button<br \/>\nMade in:<br \/>\nTaiwan<br \/>\nColor:<br \/>\nBlack<br \/>\nItem Number:<br \/>\n01BO792<\/p>\n<p>&nbsp;<\/p>\n","protected":false},"excerpt":{"rendered":"<p>No\u017e\u00ed\u0159sk\u00e1 manufaktura\u00a0<strong>B\u00f6ker<\/strong>\u00a0se postupem \u010dasu vypracovala na glob\u00e1ln\u00edho inova\u010dn\u00edho l\u00eddra a nejv\u011bt\u0161\u00edho v\u00fdrobce sportovn\u00edch no\u017e\u016f, taktick\u00fdch no\u017e\u016f a sb\u011bratelsk\u00fdch no\u017e\u016f v Evrop\u011b.<\/p>\n","protected":false},"featured_media":214253,"comment_status":"open","ping_status":"closed","template":"","meta":[],"pwb-brand":[140],"product_brand":[],"product_cat":[2019,17],"product_tag":[3667],"class_list":{"0":"post-214252","1":"product","2":"type-product","3":"status-publish","4":"has-post-thumbnail","6":"pwb-brand-boker","7":"product_cat-vystrelovaci-noze","8":"product_cat-noze","9":"product_tag-b2b","11":"first","12":"outofstock","13":"taxable","14":"shipping-taxable","15":"purchasable","16":"product-type-simple"},"brands":[{"id":140,"name":"Boker","slug":"boker"}],"_links":{"self":[{"href":"https:\/\/www.moskito.cz\/es\/wp-json\/wp\/v2\/product\/214252","targetHints":{"allow":["GET"]}}],"collection":[{"href":"https:\/\/www.moskito.cz\/es\/wp-json\/wp\/v2\/product"}],"about":[{"href":"https:\/\/www.moskito.cz\/es\/wp-json\/wp\/v2\/types\/product"}],"replies":[{"embeddable":true,"href":"https:\/\/www.moskito.cz\/es\/wp-json\/wp\/v2\/comments?post=214252"}],"wp:featuredmedia":[{"embeddable":true,"href":"https:\/\/www.moskito.cz\/es\/wp-json\/wp\/v2\/media\/214253"}],"wp:attachment":[{"href":"https:\/\/www.moskito.cz\/es\/wp-json\/wp\/v2\/media?parent=214252"}],"wp:term":[{"taxonomy":"pwb-brand","embeddable":true,"href":"https:\/\/www.moskito.cz\/es\/wp-json\/wp\/v2\/pwb-brand?post=214252"},{"taxonomy":"product_brand","embeddable":true,"href":"https:\/\/www.moskito.cz\/es\/wp-json\/wp\/v2\/product_brand?post=214252"},{"taxonomy":"product_cat","embeddable":true,"href":"https:\/\/www.moskito.cz\/es\/wp-json\/wp\/v2\/product_cat?post=214252"},{"taxonomy":"product_tag","embeddable":true,"href":"https:\/\/www.moskito.cz\/es\/wp-json\/wp\/v2\/product_tag?post=214252"}],"curies":[{"name":"wp","href":"https:\/\/api.w.org\/{rel}","templated":true}]}}