{"id":214513,"date":"2022-04-15T20:15:40","date_gmt":"2022-04-15T19:15:40","guid":{"rendered":"https:\/\/www.moskito.cz\/?post_type=product&#038;p=214513"},"modified":"2025-12-14T17:37:02","modified_gmt":"2025-12-14T16:37:02","slug":"zaviraci-nuz-rockstead-shu-cb-zdp","status":"publish","type":"product","link":"https:\/\/www.moskito.cz\/es\/produkt\/zaviraci-nuz-rockstead-shu-cb-zdp\/","title":{"rendered":"Zav\u00edrac\u00ed N\u016f\u017e Rockstead SHU-CB-ZDP"},"content":{"rendered":"<p>Zav\u00edrac\u00ed N\u016f\u017e <strong>Rockstead<\/strong> SHU-CB-ZDP<\/p>\n<p>Rockstead Knives jsou podle na\u0161eho n\u00e1zoru jedny z nejlep\u0161\u00edch no\u017e\u016f dostupn\u00fdch na trhu. D\u00edky pe\u010dliv\u00e9mu \u0159emesln\u00e9mu zpracov\u00e1n\u00ed a jedine\u010dn\u00fdm design\u016fm Rockstead stoj\u00ed tato polozak\u00e1zkov\u00e1 slo\u017eka za pr\u00e9miovou cenu. Slo\u017eka SHU-C-ZDP je vybavena 3,25&#8243; ZDP-189 \u010depel\u00ed se zrcadlovou povrchovou \u00fapravou s tryskan\u00fdmi plochami a lehk\u00fdmi titanov\u00fdmi rukoje\u0165mi pota\u017een\u00fdmi \u00abDLC Prism\u00bb (DLCP) s rytinami meru\u0148kov\u00fdch um\u011bleck\u00fdch d\u011bl na obou stran\u00e1ch. Proces povrchov\u00e9 \u00fapravy DLC Prism je stejn\u00fd jako DLC povlak s n\u011bkter\u00fdmi drobn\u00fdmi rozd\u00edly. Trouba je zah\u0159\u00e1t\u00e1 na 400 stup\u0148\u016f Celsia, \u010d\u00edm\u017e je dosa\u017eeno povrchov\u00e9 tvrdosti bl\u00edzk\u00e9 diamantu. Tlou\u0161\u0165ka povlaku je 0,3 mikronu a pou\u017e\u00edv\u00e1 se k pota\u017een\u00ed titanov\u00fdch rukojet\u00ed. V\u00fd\u0159ez v rukojeti v\u00e1hy poskytuj\u00ed dobrou ergonomii, zat\u00edmco chv\u011bn\u00ed prst\u016f v\u00e1m umo\u017e\u0148uje p\u0159i\u0161krtit \u010depel pro p\u0159esn\u011bj\u0161\u00ed \u00fakoly. Neuv\u011b\u0159iteln\u00e9ho zrcadlov\u00e9ho povrchu je dosa\u017eeno tepeln\u00fdm zpracov\u00e1n\u00edm ost\u0159\u00ed a postupn\u00fdm ru\u010dn\u00edm brou\u0161en\u00edm brusn\u00fdm pap\u00edrem o zrnitosti 400, 600, 800, 1 200 a 2 000 zrnitosti za mokra a sucha. To je velmi intenzivn\u00ed a zdlouhav\u00e9, proto\u017ee pokud by se b\u011bhem tohoto procesu objevily n\u011bjak\u00e9 \u0161kr\u00e1bance, \u010depel mus\u00ed b\u00fdt odesl\u00e1na zp\u011bt do p\u0159edchoz\u00edho kroku pro p\u0159elakov\u00e1n\u00ed. Jakmile je toto dokon\u010deno, bude \u010depel obrou\u0161ena pro fin\u00e1ln\u00ed \u00fapravu. Lid\u00e9 z Rockstead tento proces zvl\u00e1dli, aby no\u017ei z\u00edskali kr\u00e1sn\u00fd povrch a ostrou hranu jako \u017e\u00e1dn\u00fd jin\u00fd. P\u0159ilo\u017eenou kapesn\u00ed sponu lze p\u0159ipevnit pro vyklopen\u00ed a no\u0161en\u00ed na prav\u00e9 stran\u011b. Ka\u017ed\u00fd n\u016f\u017e je individu\u00e1ln\u011b o\u010d\u00edslov\u00e1n a obsahuje certifik\u00e1t pravosti. To je velmi intenzivn\u00ed a zdlouhav\u00e9, proto\u017ee pokud by se b\u011bhem tohoto procesu objevily n\u011bjak\u00e9 \u0161kr\u00e1bance, \u010depel mus\u00ed b\u00fdt odesl\u00e1na zp\u011bt do p\u0159edchoz\u00edho kroku pro p\u0159elakov\u00e1n\u00ed. Jakmile je toto dokon\u010deno, bude \u010depel obrou\u0161ena pro fin\u00e1ln\u00ed \u00fapravu. Lid\u00e9 z Rockstead tento proces zvl\u00e1dli, aby no\u017ei z\u00edskali kr\u00e1sn\u00fd povrch a ostrou hranu jako \u017e\u00e1dn\u00fd jin\u00fd. P\u0159ilo\u017eenou kapesn\u00ed sponu lze p\u0159ipevnit pro vyklopen\u00ed a no\u0161en\u00ed na prav\u00e9 stran\u011b. Ka\u017ed\u00fd n\u016f\u017e je individu\u00e1ln\u011b o\u010d\u00edslov\u00e1n a obsahuje certifik\u00e1t pravosti. To je velmi intenzivn\u00ed a zdlouhav\u00e9, proto\u017ee pokud by se b\u011bhem tohoto procesu objevily n\u011bjak\u00e9 \u0161kr\u00e1bance, \u010depel mus\u00ed b\u00fdt odesl\u00e1na zp\u011bt do p\u0159edchoz\u00edho kroku pro p\u0159elakov\u00e1n\u00ed. Jakmile je toto dokon\u010deno, bude \u010depel obrou\u0161ena pro fin\u00e1ln\u00ed \u00fapravu. Lid\u00e9 z Rockstead tento proces zvl\u00e1dli, aby no\u017ei z\u00edskali kr\u00e1sn\u00fd povrch a ostrou hranu jako \u017e\u00e1dn\u00fd jin\u00fd. P\u0159ilo\u017eenou kapesn\u00ed sponu lze p\u0159ipevnit pro vyklopen\u00ed a no\u0161en\u00ed na prav\u00e9 stran\u011b. Ka\u017ed\u00fd n\u016f\u017e je individu\u00e1ln\u011b o\u010d\u00edslov\u00e1n a obsahuje certifik\u00e1t pravosti.<\/p>\n<p>Specifikace<br \/>\nD\u00e9lka \u010depele: 8.2 cm<br \/>\nCelkov\u00e1 d\u00e9lka: 19.4 cm<br \/>\nMateri\u00e1l \u010depele: ZDP-189 Nerezov\u00e1 ocel<br \/>\nTvrdost \u010depele: 67 HRC (p\u0159ibli\u017en\u011b)<br \/>\nStyl \u010depele: Drop Point<br \/>\nBrou\u0161en\u00ed \u010depele: Konvexn\u00ed<br \/>\nPovrchov\u00e1 \u00faprava \u010depele: zrcadlo<br \/>\nMateri\u00e1l rukojeti: Titan s rytinami Meru\u0148kov\u00e9ho um\u011bleck\u00e9ho d\u00edla<br \/>\nPovrchov\u00e1 \u00faprava rukojeti: DLC Prism (DLCP)<br \/>\nUzamykac\u00ed mechanismus: Z\u00e1mek tla\u010d\u00edtka<br \/>\nKapesn\u00ed klip: Vykl\u00e1p\u011bc\u00ed, prav\u00e9 no\u0161en\u00ed<br \/>\nHmotnost: 3,4 oz.<br \/>\nVyrobeno v Japonsku<\/p>\n<p>&nbsp;<\/p>\n<p>Rockstead Knives are, in our opinion, some of the best knives available on the market. With Rockstead&#8217;s meticulous craftsmanship and unique designs, this semi-custom folder is worth the premium price tag. The SHU-CB-ZDP folder features a 3.25&#8243; ZDP-189, mirror-finish blade with blasted flats and lightweight titanium handles with apricot artwork engravings on both sides. The cutout in the handle scales provide good ergonomics while the finger choil allows you to choke up on the blade for more precise tasks. The incredible mirror finish is achieved by heat treating the blade and gradually hand grinding through 400, 600, 800, 1,200 and 2,000 grits wet-dry sandpaper. This is very intense and time-consuming because if any scratches were to occur during this process, the blade must be sent back to the previous step for refinishing. Once this is complete, the blade will be buffed for the final finish. The folks at Rockstead have mastered this process to give the knife a beautiful finish and sharp edge like no other. The included pocket clip can be attached for tip-up, right side carry. Each knife is individually numbered and includes a certificate of authenticity.<\/p>\n<p>With proper maintenance, Rocksteads are known to keep a sharp edge for 2-3 years. Rockstead Knives come with free sharpening and regrinding. You would be responsible for shipping charges to and from Japan.<\/p>\n<p>Be sure to register your Rockstead Knife here.<\/p>\n<p>Specifications<br \/>\nBlade Length: 3.25&#8243;<br \/>\nClosed Length: 4.5&#8243;<br \/>\nOverall Length: 7.75&#8243;<br \/>\nBlade Thickness: 0.125&#8243;<br \/>\nBlade Material: ZDP-189 Stainless Steel<br \/>\nBlade Hardness: 67 HRC (approximate)<br \/>\nBlade Style: Drop Point<br \/>\nBlade Grind: Convex<br \/>\nBlade Finish: Mirror<br \/>\nHandle Thickness: 0.48&#8243;<br \/>\nHandle Material: DLC Coated Titanium with Apricot Artwork Engravings<br \/>\nLocking Mechanism: Button Lock<br \/>\nPocket Clip: Tip-Up, Right Carry<br \/>\nWeight: 3.4 oz.<br \/>\nMade in Japan<\/p>\n<p>&nbsp;<\/p>\n","protected":false},"excerpt":{"rendered":"<p>N\u016f\u017e\u00a0<strong>Rockstead<\/strong>\u00a0je uzn\u00e1v\u00e1n jako tov\u00e1rn\u00ed zak\u00e1zkov\u00fd n\u016f\u017e. Vyu\u017e\u00edv\u00e1me jak pou\u017eit\u00ed pokro\u010dil\u00fdch obr\u00e1b\u011bc\u00edch n\u00e1stroj\u016f, tak \u0159emeslnou zru\u010dnost na\u0161ich osmi\u010dlenn\u00fdch zam\u011bstnanc\u016f. N\u00e1\u0161 \u0159emesln\u00edk ru\u010dn\u011b opracov\u00e1v\u00e1 \u010depel po procesu zrcadlov\u00e9ho le\u0161t\u011bn\u00ed a poskytuje stejn\u011b vysokou kvalitu pr\u00e1ce, jakou lze o\u010dek\u00e1vat u skute\u010dn\u00e9ho zak\u00e1zkov\u00e9ho no\u017ee. Na\u0161e tov\u00e1rn\u00ed zak\u00e1zkov\u00e9 no\u017ee jsou zcela jin\u00e9 kvality ne\u017e s\u00e9riov\u011b vyr\u00e1b\u011bn\u00e9 no\u017ee.<\/p>\n<p><strong>Doprava zdarma.<\/strong><\/p>\n","protected":false},"featured_media":214514,"comment_status":"open","ping_status":"closed","template":"","meta":[],"pwb-brand":[3227],"product_brand":[],"product_cat":[22,17],"product_tag":[],"class_list":{"0":"post-214513","1":"product","2":"type-product","3":"status-publish","4":"has-post-thumbnail","6":"pwb-brand-rockstead","7":"product_cat-zaviraci-noze","8":"product_cat-noze","10":"first","11":"outofstock","12":"taxable","13":"shipping-taxable","14":"purchasable","15":"product-type-simple"},"brands":[{"id":3227,"name":"Rockstead","slug":"rockstead"}],"_links":{"self":[{"href":"https:\/\/www.moskito.cz\/es\/wp-json\/wp\/v2\/product\/214513","targetHints":{"allow":["GET"]}}],"collection":[{"href":"https:\/\/www.moskito.cz\/es\/wp-json\/wp\/v2\/product"}],"about":[{"href":"https:\/\/www.moskito.cz\/es\/wp-json\/wp\/v2\/types\/product"}],"replies":[{"embeddable":true,"href":"https:\/\/www.moskito.cz\/es\/wp-json\/wp\/v2\/comments?post=214513"}],"wp:featuredmedia":[{"embeddable":true,"href":"https:\/\/www.moskito.cz\/es\/wp-json\/wp\/v2\/media\/214514"}],"wp:attachment":[{"href":"https:\/\/www.moskito.cz\/es\/wp-json\/wp\/v2\/media?parent=214513"}],"wp:term":[{"taxonomy":"pwb-brand","embeddable":true,"href":"https:\/\/www.moskito.cz\/es\/wp-json\/wp\/v2\/pwb-brand?post=214513"},{"taxonomy":"product_brand","embeddable":true,"href":"https:\/\/www.moskito.cz\/es\/wp-json\/wp\/v2\/product_brand?post=214513"},{"taxonomy":"product_cat","embeddable":true,"href":"https:\/\/www.moskito.cz\/es\/wp-json\/wp\/v2\/product_cat?post=214513"},{"taxonomy":"product_tag","embeddable":true,"href":"https:\/\/www.moskito.cz\/es\/wp-json\/wp\/v2\/product_tag?post=214513"}],"curies":[{"name":"wp","href":"https:\/\/api.w.org\/{rel}","templated":true}]}}