{"id":214602,"date":"2022-04-16T10:11:30","date_gmt":"2022-04-16T09:11:30","guid":{"rendered":"https:\/\/www.moskito.cz\/?post_type=product&#038;p=214602"},"modified":"2025-05-07T10:38:08","modified_gmt":"2025-05-07T09:38:08","slug":"pevny-nuz-hibben-expendables-bowie","status":"publish","type":"product","link":"https:\/\/www.moskito.cz\/es\/produkt\/pevny-nuz-hibben-expendables-bowie\/","title":{"rendered":"Pevn\u00fd N\u016f\u017e Hibben Expendables Bowie"},"content":{"rendered":"<p>Pevn\u00fd N\u016f\u017e <strong>Hibben<\/strong> Expendables Bowie<\/p>\n<p>\u00abThe Expendables\u00bb je ak\u010dn\u00ed\/thrillerov\u00fd film z roku 2010 o skupin\u011b \u017eold\u00e1k\u016f najat\u00fdch, aby infiltrovali jihoamerickou zemi a svrhli jej\u00edho nel\u00edtostn\u00e9ho dikt\u00e1tora. Jakmile mise za\u010dne, mu\u017ei si uv\u011bdom\u00ed, \u017ee v\u011bci nejsou tak, jak se zd\u00e1, a ocitnou se v nebezpe\u010dn\u00e9 s\u00edti klamu a zrady. S jejich mis\u00ed zma\u0159enou a nevinn\u00fdm \u017eivotem v ohro\u017een\u00ed se mu\u017ei pot\u00fdkaj\u00ed s je\u0161t\u011b t\u011b\u017e\u0161\u00ed v\u00fdzvou, kter\u00e1 hroz\u00ed zni\u010den\u00edm t\u00e9to skupiny bratr\u016f. Mistr no\u017e\u00ed\u0159 Gil Hibben navrhl tohoto bowie pro film Expendables z roku 2010. Toto mistrovsk\u00e9 d\u00edlo na p\u0159\u00edbory nab\u00edz\u00ed stabilizovanou rukoje\u0165 ze syntetick\u00e9 slonoviny zv\u00fdrazn\u011bnou pozlacen\u00fdm zachycova\u010dem \u010depele a z\u00e1\u0161titou, kter\u00e9 p\u0159ipom\u00ednaj\u00ed styl origin\u00e1ln\u00edch bowies. Na rukojeti je kresba Expendables a pozlacen\u00e1 z\u00e1\u0161tita nab\u00edz\u00ed na obou konc\u00edch lit\u00e9 hv\u011bzdy. Klasick\u00e1 35.0 cm \u010depel je vyrobena z le\u0161t\u011bn\u00e9 nerezov\u00e9 oceli. Sou\u010d\u00e1st\u00ed je zak\u00e1zkov\u00e1 ko\u017een\u00e1 pochva s logem Hibben Knives a certifik\u00e1tem pravosti.<\/p>\n<p>Celkov\u00e1 d\u00e9lka: 50.2 cm<br \/>\nD\u00e9lka \u010depele: 35.0 cm<br \/>\nTlou\u0161\u0165ka \u010depele: 5.7 mm<br \/>\nMateri\u00e1l \u010depele: 3Cr13<br \/>\nMateri\u00e1l rukojeti: Micarta<\/p>\n<p>\u00abThe Expendables\u00bb is a 2010 hard-hitting action\/thriller movie about a group of mercenaries hired to infiltrate a South American country and overthrow its ruthless dictator. Once the mission begins, the men realize things aren\u2019t quite as they appear, finding themselves caught in a dangerous web of deceit and betrayal. With their mission thwarted and an innocent life in danger, the men struggle with an even tougher challenge one that threatens to destroy this band of brothers. Master knife maker Gil Hibben designed this bowie for 2010 Expendables movie. This cutlery masterpiece offers a stabilized synthetic ivory handle accented by the gold-plated blade catcher and guard which are reminiscent of the styling of original bowies. Expendables artwork is featured on the handle and the gold-plated guard offers cast star designs on both ends. The classic 14&#8243; blade is constructed from polished stainless steel. Included is a custom leather sheath with Hibben Knives logo and certificate of authenticity.<\/p>\n<p>&nbsp;<\/p>\n<p>&nbsp;<\/p>\n<p><iframe title=\"Gil Hibben Expendables Bowie with Sheath\" width=\"800\" height=\"450\" src=\"https:\/\/www.youtube.com\/embed\/7gg1LY6udSY?feature=oembed\" frameborder=\"0\" allow=\"accelerometer; autoplay; clipboard-write; encrypted-media; gyroscope; picture-in-picture\" allowfullscreen><\/iframe><\/p>\n<p>&nbsp;<\/p>\n","protected":false},"excerpt":{"rendered":"<p><strong>Hibben<\/strong> Expendables Bowie, pevn\u00fd n\u016f\u017e\u00a0 pouzdrem.<\/p>\n","protected":false},"featured_media":214603,"comment_status":"open","ping_status":"closed","template":"","meta":[],"pwb-brand":[304],"product_brand":[],"product_cat":[23,17],"product_tag":[],"class_list":{"0":"post-214602","1":"product","2":"type-product","3":"status-publish","4":"has-post-thumbnail","6":"pwb-brand-hibben","7":"product_cat-pevne-noze","8":"product_cat-noze","10":"first","11":"outofstock","12":"taxable","13":"shipping-taxable","14":"purchasable","15":"product-type-simple"},"brands":[{"id":304,"name":"Hibben","slug":"hibben"}],"_links":{"self":[{"href":"https:\/\/www.moskito.cz\/es\/wp-json\/wp\/v2\/product\/214602","targetHints":{"allow":["GET"]}}],"collection":[{"href":"https:\/\/www.moskito.cz\/es\/wp-json\/wp\/v2\/product"}],"about":[{"href":"https:\/\/www.moskito.cz\/es\/wp-json\/wp\/v2\/types\/product"}],"replies":[{"embeddable":true,"href":"https:\/\/www.moskito.cz\/es\/wp-json\/wp\/v2\/comments?post=214602"}],"wp:featuredmedia":[{"embeddable":true,"href":"https:\/\/www.moskito.cz\/es\/wp-json\/wp\/v2\/media\/214603"}],"wp:attachment":[{"href":"https:\/\/www.moskito.cz\/es\/wp-json\/wp\/v2\/media?parent=214602"}],"wp:term":[{"taxonomy":"pwb-brand","embeddable":true,"href":"https:\/\/www.moskito.cz\/es\/wp-json\/wp\/v2\/pwb-brand?post=214602"},{"taxonomy":"product_brand","embeddable":true,"href":"https:\/\/www.moskito.cz\/es\/wp-json\/wp\/v2\/product_brand?post=214602"},{"taxonomy":"product_cat","embeddable":true,"href":"https:\/\/www.moskito.cz\/es\/wp-json\/wp\/v2\/product_cat?post=214602"},{"taxonomy":"product_tag","embeddable":true,"href":"https:\/\/www.moskito.cz\/es\/wp-json\/wp\/v2\/product_tag?post=214602"}],"curies":[{"name":"wp","href":"https:\/\/api.w.org\/{rel}","templated":true}]}}