{"id":214723,"date":"2022-04-17T09:31:59","date_gmt":"2022-04-17T08:31:59","guid":{"rendered":"https:\/\/www.moskito.cz\/?post_type=product&#038;p=214723"},"modified":"2025-05-07T10:38:10","modified_gmt":"2025-05-07T09:38:10","slug":"pevny-nuz-karambit-boker-magnum-spike-karambit","status":"publish","type":"product","link":"https:\/\/www.moskito.cz\/es\/produkt\/pevny-nuz-karambit-boker-magnum-spike-karambit\/","title":{"rendered":"Pevn\u00fd N\u016f\u017e Karambit B\u00f6ker Spike Karambit 02SC028"},"content":{"rendered":"<p>Pevn\u00fd N\u016f\u017e Karambit B\u00f6ker Spike Karambit 02SC028.<\/p>\n<p>Tento plnohodnotn\u00fd Karambit neponech\u00e1v\u00e1 nic, co by bylo spln\u011bno. Ocel 440A pln\u00e9ho proveden\u00ed m\u00e1 \u010dern\u00fd povlak. Rukoje\u0165 G10 v p\u00edskov\u00e9 barv\u011b poskytuje vynikaj\u00edc\u00ed \u00fachop. Prsten s hlavic\u00ed charakteristick\u00fd pro Karambits je nav\u00edc vybaven hrotem pro zv\u00fd\u0161en\u00ed funk\u010dnosti. Jednoduchost tohoto designu zvy\u0161uje p\u0159ita\u017elivost Spike Karambit, zcela bez zbyte\u010dn\u00fdch kudrlinek. Dod\u00e1v\u00e1no s\u00a0 pochvou a adapt\u00e9rem na opasek.<\/p>\n<p>Typ: Pevn\u00e1 \u010depel<br \/>\nCelkov\u00e1 d\u00e9lka: 21,00 cm<br \/>\nD\u00e9lka \u010depele: 10,20 cm<br \/>\nTlou\u0161\u0165ka \u010depele: 4,70 mm<br \/>\nHmotnost: 213,00 g<br \/>\nMateri\u00e1l \u010depele: 440A<br \/>\nMateri\u00e1l rukojeti: G10<br \/>\nBarva: Pou\u0161tn\u00ed<br \/>\nBarva \u010depele: \u010cern\u00e1<br \/>\nMateri\u00e1l pl\u00e1\u0161t\u011b: Kydex<br \/>\n\u010c\u00edslo polo\u017eky: 02SC028<\/p>\n<p>&nbsp;<\/p>\n","protected":false},"excerpt":{"rendered":"<p><strong>No\u017e\u00ed\u0159sk\u00e1 manufaktura\u00a0B\u00f6ker\u00a0se postupem \u010dasu vypracovala na glob\u00e1ln\u00edho inova\u010dn\u00edho l\u00eddra a nejv\u011bt\u0161\u00edho v\u00fdrobce sportovn\u00edch no\u017e\u016f, taktick\u00fdch no\u017e\u016f a sb\u011bratelsk\u00fdch no\u017e\u016f v Evrop\u011b.<\/strong><\/p>\n","protected":false},"featured_media":214724,"comment_status":"open","ping_status":"closed","template":"","meta":[],"pwb-brand":[140],"product_brand":[],"product_cat":[2062,17],"product_tag":[],"class_list":{"0":"post-214723","1":"product","2":"type-product","3":"status-publish","4":"has-post-thumbnail","6":"pwb-brand-boker","7":"product_cat-karambity","8":"product_cat-noze","10":"first","11":"instock","12":"taxable","13":"shipping-taxable","14":"purchasable","15":"product-type-simple"},"brands":[{"id":140,"name":"Boker","slug":"boker"}],"_links":{"self":[{"href":"https:\/\/www.moskito.cz\/es\/wp-json\/wp\/v2\/product\/214723","targetHints":{"allow":["GET"]}}],"collection":[{"href":"https:\/\/www.moskito.cz\/es\/wp-json\/wp\/v2\/product"}],"about":[{"href":"https:\/\/www.moskito.cz\/es\/wp-json\/wp\/v2\/types\/product"}],"replies":[{"embeddable":true,"href":"https:\/\/www.moskito.cz\/es\/wp-json\/wp\/v2\/comments?post=214723"}],"wp:featuredmedia":[{"embeddable":true,"href":"https:\/\/www.moskito.cz\/es\/wp-json\/wp\/v2\/media\/214724"}],"wp:attachment":[{"href":"https:\/\/www.moskito.cz\/es\/wp-json\/wp\/v2\/media?parent=214723"}],"wp:term":[{"taxonomy":"pwb-brand","embeddable":true,"href":"https:\/\/www.moskito.cz\/es\/wp-json\/wp\/v2\/pwb-brand?post=214723"},{"taxonomy":"product_brand","embeddable":true,"href":"https:\/\/www.moskito.cz\/es\/wp-json\/wp\/v2\/product_brand?post=214723"},{"taxonomy":"product_cat","embeddable":true,"href":"https:\/\/www.moskito.cz\/es\/wp-json\/wp\/v2\/product_cat?post=214723"},{"taxonomy":"product_tag","embeddable":true,"href":"https:\/\/www.moskito.cz\/es\/wp-json\/wp\/v2\/product_tag?post=214723"}],"curies":[{"name":"wp","href":"https:\/\/api.w.org\/{rel}","templated":true}]}}