{"id":214881,"date":"2022-04-17T15:17:05","date_gmt":"2022-04-17T14:17:05","guid":{"rendered":"https:\/\/www.moskito.cz\/?post_type=product&#038;p=214881"},"modified":"2025-05-07T10:38:17","modified_gmt":"2025-05-07T09:38:17","slug":"cold-steel-willow-leaf-sword-2020","status":"publish","type":"product","link":"https:\/\/www.moskito.cz\/es\/produkt\/cold-steel-willow-leaf-sword-2020\/","title":{"rendered":"Cold Steel WILLOW LEAF SWORD 2020"},"content":{"rendered":"<p><strong>Cold Steel<\/strong> WILLOW LEAF SWORD 2020.<\/p>\n<p>Jedn\u00e1 se o klasick\u00fd \u010d\u00ednsk\u00fd \u0161irok\u00fd me\u010d pou\u017e\u00edvan\u00fd voj\u00e1ky i civilisty od starov\u011bku a\u017e do 40. let 20. stolet\u00ed. Jeho \u0161irok\u00e1, t\u011b\u017ek\u00e1 \u010depel je\u00a0 zkosen\u00e1, aby napom\u00e1hala vyv\u00e1\u017een\u00ed, a dokonale tvarovan\u00e1 pro v\u0161echny \u0159ezn\u00e9, sekac\u00ed a sekac\u00ed tahy. Pro snadnou manipulaci je dod\u00e1v\u00e1n s dlouhou rukojet\u00ed omotanou \u0161\u0148\u016frou a tak\u00e9 tradi\u010dn\u00ed mosaznou z\u00e1\u0161titou a hlavic\u00ed. Dod\u00e1v\u00e1 se s pevnou ko\u017eenou pochvou a je to me\u010d p\u0159ipraven\u00fd k boji, na kter\u00fd budete hrd\u00ed!<\/p>\n<p>Hmotnost: 40,8 oz<\/p>\n<p>D\u00e9lka \u010depele: 67 cm<\/p>\n<p>Ocel \u010depele: 1055 s vysok\u00fdm obsahem uhl\u00edku<\/p>\n<p>D\u00e9lka rukojeti : 17.5<\/p>\n<p>Dal\u0161\u00ed funkce: Ko\u017een\u00e1 pochva Styl me\u010de: \u010d\u00edn\u0161tina<\/p>\n<p>Rozsah d\u00e9lek \u010depele: 20-30 palc\u016f<\/p>\n<p>Rodina oceli: Vysoce uhl\u00edkov\u00e9 oceli<\/p>\n<p>This is the classic Chinese broadsword used by soldiers and civilians alike from ancient times right up through the 1940&#8217;s. Its broad, heavy blade is distal tapered to aid balance and perfectly shaped for all cutting, slashing, and chopping strokes. For ease in handling, it comes with a long, cord wrapped handle as well as a traditional brass guard and pommel. Supplied with a sturdy leather scabbard, it&#8217;s a battle ready sword you&#8217;ll be proud to own!<\/p>\n<p>Weight: 40.8oz Blade Thickness: 5\/16&#8243; Blade Length: 26-5\/8&#8243; Blade Steel: 1055 High Carbon Handle Length\/Material: 7&#8243; Overall Length: 33-5\/8&#8243; Additional Features: Leather Scabbard Sword Style: Chinese Blade Length Range: 20-30 in Steel Family: High Carbon Steels<\/p>\n","protected":false},"excerpt":{"rendered":"<p>\u010c\u00ednsk\u00fd \u0161irok\u00fd me\u010d\u00a0 <strong>Cold Steel<\/strong> .<\/p>\n<p><strong>Doprava zdarma.<\/strong><\/p>\n","protected":false},"featured_media":214882,"comment_status":"open","ping_status":"closed","template":"","meta":[],"pwb-brand":[211],"product_brand":[],"product_cat":[24,1942],"product_tag":[3667],"class_list":{"0":"post-214881","1":"product","2":"type-product","3":"status-publish","4":"has-post-thumbnail","6":"pwb-brand-cold-steel","7":"product_cat-katany-a-mece","8":"product_cat-mece-dyky-repliky","9":"product_tag-b2b","11":"first","12":"instock","13":"taxable","14":"shipping-taxable","15":"purchasable","16":"product-type-simple"},"brands":[{"id":211,"name":"Cold Steel","slug":"cold-steel"}],"_links":{"self":[{"href":"https:\/\/www.moskito.cz\/es\/wp-json\/wp\/v2\/product\/214881","targetHints":{"allow":["GET"]}}],"collection":[{"href":"https:\/\/www.moskito.cz\/es\/wp-json\/wp\/v2\/product"}],"about":[{"href":"https:\/\/www.moskito.cz\/es\/wp-json\/wp\/v2\/types\/product"}],"replies":[{"embeddable":true,"href":"https:\/\/www.moskito.cz\/es\/wp-json\/wp\/v2\/comments?post=214881"}],"wp:featuredmedia":[{"embeddable":true,"href":"https:\/\/www.moskito.cz\/es\/wp-json\/wp\/v2\/media\/214882"}],"wp:attachment":[{"href":"https:\/\/www.moskito.cz\/es\/wp-json\/wp\/v2\/media?parent=214881"}],"wp:term":[{"taxonomy":"pwb-brand","embeddable":true,"href":"https:\/\/www.moskito.cz\/es\/wp-json\/wp\/v2\/pwb-brand?post=214881"},{"taxonomy":"product_brand","embeddable":true,"href":"https:\/\/www.moskito.cz\/es\/wp-json\/wp\/v2\/product_brand?post=214881"},{"taxonomy":"product_cat","embeddable":true,"href":"https:\/\/www.moskito.cz\/es\/wp-json\/wp\/v2\/product_cat?post=214881"},{"taxonomy":"product_tag","embeddable":true,"href":"https:\/\/www.moskito.cz\/es\/wp-json\/wp\/v2\/product_tag?post=214881"}],"curies":[{"name":"wp","href":"https:\/\/api.w.org\/{rel}","templated":true}]}}