{"id":215081,"date":"2022-04-19T21:59:15","date_gmt":"2022-04-19T20:59:15","guid":{"rendered":"https:\/\/www.moskito.cz\/?post_type=product&#038;p=215081"},"modified":"2025-12-15T18:53:44","modified_gmt":"2025-12-15T17:53:44","slug":"pevny-nuz-cold-steel-oss","status":"publish","type":"product","link":"https:\/\/www.moskito.cz\/es\/produkt\/pevny-nuz-cold-steel-oss\/","title":{"rendered":"Pevn\u00fd N\u016f\u017e Cold Steel OSS"},"content":{"rendered":"<p>Pevn\u00fd N\u016f\u017e <strong>Cold Steel<\/strong> OSS.<\/p>\n<p>Dvoub\u0159it\u00e9 OSS, kter\u00e9 si velmi cenili lovci a \u010dlenov\u00e9 vojensk\u00e9 komunity hledaj\u00edc\u00ed specializovan\u00fd bojov\u00fd n\u00e1stroj, bylo prim\u00e1rn\u011b navr\u017eeno pro tah, ale proto\u017ee jeho dvojit\u00e9 hrany jsou vybrou\u0161eny do ostrosti b\u0159itvy, je tak\u00e9 schopen poskytnout bleskurychl\u00e9 seknut\u00ed. prakticky jak\u00fdmkoliv sm\u011brem.<\/p>\n<p>Materi\u00e1l rukojeti : Long Kray-Ex\u2122<br \/>\nBarva : \u010cern\u00e1\/St\u0159\u00edbrn\u00e1<br \/>\nOcel : Japanese AUS 8A Stainless<br \/>\nCelkov\u00e1 velikost : 339 mm<br \/>\nD\u00e9lka rukojeti : 130 mm<br \/>\nD\u00e9lka \u010depele : 209 mm<br \/>\nHmotnost : 243,8 g<br \/>\nTlou\u0161\u0165ka \u010depele : 5 mm<br \/>\nMateri\u00e1l pouzdra : Secure-Ex\u00ae Sheath<\/p>\n<p>Much prized by hunters, and members of the military community looking for a dedicated combative tool, the double edged OSS was primarily designed for the thrust, however, because its twin edges are honed to razor sharpness, it&#8217;s also capable of delivering a lightning quick slash in virtually any direction.<\/p>\n<p>Weight: 8.6oz Blade Thickness: 4.7mm Blade Length: 8-1\/4&#8243; Blade Steel: Japanese AUS8A Stainless Handle Length\/Material: 5-1\/8&#8243; Kray-Ex\u2122 Overall Length: 13-3\/8&#8243; Additional Features: Secure-Ex\u00ae Sheath Knife Type: Fixed Blade Length Range: 5+ in Steel Family: AUS Blade Shape: Clip Point<\/p>\n","protected":false},"excerpt":{"rendered":"<p>Pevn\u00fd n\u016f\u017e OSS od firmy Cold Steel s oboustrann\u011b brou\u0161en\u00fdm ost\u0159\u00edm je cen\u011bn mezi lovci a p\u0159\u00edslu\u0161n\u00edky ozbrojen\u00fdch slo\u017eek, zejm\u00e9na pak \u010dleny vojensk\u00e9 komunity.<\/p>\n","protected":false},"featured_media":215082,"comment_status":"open","ping_status":"closed","template":"","meta":[],"pwb-brand":[211],"product_brand":[],"product_cat":[23,17],"product_tag":[3667],"class_list":{"0":"post-215081","1":"product","2":"type-product","3":"status-publish","4":"has-post-thumbnail","6":"pwb-brand-cold-steel","7":"product_cat-pevne-noze","8":"product_cat-noze","9":"product_tag-b2b","11":"first","12":"outofstock","13":"taxable","14":"shipping-taxable","15":"purchasable","16":"product-type-simple"},"brands":[{"id":211,"name":"Cold Steel","slug":"cold-steel"}],"_links":{"self":[{"href":"https:\/\/www.moskito.cz\/es\/wp-json\/wp\/v2\/product\/215081","targetHints":{"allow":["GET"]}}],"collection":[{"href":"https:\/\/www.moskito.cz\/es\/wp-json\/wp\/v2\/product"}],"about":[{"href":"https:\/\/www.moskito.cz\/es\/wp-json\/wp\/v2\/types\/product"}],"replies":[{"embeddable":true,"href":"https:\/\/www.moskito.cz\/es\/wp-json\/wp\/v2\/comments?post=215081"}],"wp:featuredmedia":[{"embeddable":true,"href":"https:\/\/www.moskito.cz\/es\/wp-json\/wp\/v2\/media\/215082"}],"wp:attachment":[{"href":"https:\/\/www.moskito.cz\/es\/wp-json\/wp\/v2\/media?parent=215081"}],"wp:term":[{"taxonomy":"pwb-brand","embeddable":true,"href":"https:\/\/www.moskito.cz\/es\/wp-json\/wp\/v2\/pwb-brand?post=215081"},{"taxonomy":"product_brand","embeddable":true,"href":"https:\/\/www.moskito.cz\/es\/wp-json\/wp\/v2\/product_brand?post=215081"},{"taxonomy":"product_cat","embeddable":true,"href":"https:\/\/www.moskito.cz\/es\/wp-json\/wp\/v2\/product_cat?post=215081"},{"taxonomy":"product_tag","embeddable":true,"href":"https:\/\/www.moskito.cz\/es\/wp-json\/wp\/v2\/product_tag?post=215081"}],"curies":[{"name":"wp","href":"https:\/\/api.w.org\/{rel}","templated":true}]}}