{"id":216099,"date":"2022-05-03T20:19:47","date_gmt":"2022-05-03T19:19:47","guid":{"rendered":"https:\/\/www.moskito.cz\/?post_type=product&#038;p=216099"},"modified":"2025-12-10T12:45:21","modified_gmt":"2025-12-10T11:45:21","slug":"pevny-nuz-magnum-boker-challenger-02ry869","status":"publish","type":"product","link":"https:\/\/www.moskito.cz\/es\/produkt\/pevny-nuz-magnum-boker-challenger-02ry869\/","title":{"rendered":"Pevn\u00fd N\u016f\u017e Magnum B\u00f6ker Challenger 02RY869"},"content":{"rendered":"<p>Pevn\u00fd N\u016f\u017e Magnum B\u00f6ker Challenger 02RY869<\/p>\n<p>Magnum Challenger je kompaktn\u00ed n\u016f\u017e na krk se stabiln\u00ed \u010depel\u00ed Wharncliffe , kter\u00fd je vhodn\u00fd jako mal\u00fd EDC i jako \u0161ikovn\u00e1 z\u00e1loha. \u0160t\u00edhl\u00e1 full tang konstrukce je velmi ploch\u00e1 a kompaktn\u00ed a nab\u00edz\u00ed vynikaj\u00edc\u00ed pohodl\u00ed. \u010c\u00e1ste\u010dn\u011b pota\u017een\u00e1 \u010depel z nerezu 440A m\u00e1 n\u00e1padnou dvoubarevnou \u00fapravu, st\u0159enky jsou z protiskluzov\u00e9ho materi\u00e1lu G10 . Dod\u00e1v\u00e1no s praktick\u00fdm Kydexov\u00fdm pouzdrem a kuli\u010dkov\u00fdm \u0159et\u00edzkem.<\/p>\n<p>Typ polo\u017eky: Pevn\u00fd n\u016f\u017e<\/p>\n<p>Celkov\u00e1 d\u00e9lka: : 12,20 cm<br \/>\nD\u00e9lka \u010depele: 5,20 cm<br \/>\nS\u00edla \u010depele: 2,70 mm<br \/>\nHmotnost: 46,00 g<br \/>\nMateri\u00e1l \u010depele: 440A<br \/>\nMateri\u00e1l rukojeti: G10<br \/>\nBarva: \u010cern\u00e1<br \/>\nBarva \u010depele: \u0160ed\u00e1<br \/>\n\u010c\u00edslo polo\u017eky: 02RY869<\/p>\n","protected":false},"excerpt":{"rendered":"<p><strong>B\u00d6KER\u00ae<\/strong> je n\u011bmeck\u00e1 firma, kter\u00e1 vyr\u00e1b\u00ed no\u017ee t\u00e9 nejvy\u0161\u0161\u00ed kvality. No\u017ee s\u00a0pevnou \u010depel\u00ed, zav\u00edrac\u00ed no\u017ee, kuchy\u0148sk\u00e9 no\u017ee a stojany si d\u00edky v\u00fdjime\u010dn\u00e9 kvalit\u011b obl\u00edbila \u0159ada z\u00e1kazn\u00edk\u016f z\u00a0cel\u00e9ho sv\u011bta.<\/p>\n","protected":false},"featured_media":216100,"comment_status":"open","ping_status":"closed","template":"","meta":[],"pwb-brand":[140],"product_brand":[],"product_cat":[23,17],"product_tag":[3667],"class_list":{"0":"post-216099","1":"product","2":"type-product","3":"status-publish","4":"has-post-thumbnail","6":"pwb-brand-boker","7":"product_cat-pevne-noze","8":"product_cat-noze","9":"product_tag-b2b","11":"first","12":"instock","13":"taxable","14":"shipping-taxable","15":"purchasable","16":"product-type-simple"},"brands":[{"id":140,"name":"Boker","slug":"boker"}],"_links":{"self":[{"href":"https:\/\/www.moskito.cz\/es\/wp-json\/wp\/v2\/product\/216099","targetHints":{"allow":["GET"]}}],"collection":[{"href":"https:\/\/www.moskito.cz\/es\/wp-json\/wp\/v2\/product"}],"about":[{"href":"https:\/\/www.moskito.cz\/es\/wp-json\/wp\/v2\/types\/product"}],"replies":[{"embeddable":true,"href":"https:\/\/www.moskito.cz\/es\/wp-json\/wp\/v2\/comments?post=216099"}],"wp:featuredmedia":[{"embeddable":true,"href":"https:\/\/www.moskito.cz\/es\/wp-json\/wp\/v2\/media\/216100"}],"wp:attachment":[{"href":"https:\/\/www.moskito.cz\/es\/wp-json\/wp\/v2\/media?parent=216099"}],"wp:term":[{"taxonomy":"pwb-brand","embeddable":true,"href":"https:\/\/www.moskito.cz\/es\/wp-json\/wp\/v2\/pwb-brand?post=216099"},{"taxonomy":"product_brand","embeddable":true,"href":"https:\/\/www.moskito.cz\/es\/wp-json\/wp\/v2\/product_brand?post=216099"},{"taxonomy":"product_cat","embeddable":true,"href":"https:\/\/www.moskito.cz\/es\/wp-json\/wp\/v2\/product_cat?post=216099"},{"taxonomy":"product_tag","embeddable":true,"href":"https:\/\/www.moskito.cz\/es\/wp-json\/wp\/v2\/product_tag?post=216099"}],"curies":[{"name":"wp","href":"https:\/\/api.w.org\/{rel}","templated":true}]}}