{"id":216121,"date":"2022-05-03T20:53:36","date_gmt":"2022-05-03T19:53:36","guid":{"rendered":"https:\/\/www.moskito.cz\/?post_type=product&#038;p=216121"},"modified":"2025-05-07T10:38:43","modified_gmt":"2025-05-07T09:38:43","slug":"magnum-boker-balisong-black-09sc011","status":"publish","type":"product","link":"https:\/\/www.moskito.cz\/es\/produkt\/magnum-boker-balisong-black-09sc011\/","title":{"rendered":"Magnum B\u00f6ker Balisong Black 09SC011"},"content":{"rendered":"<p>Magnum B\u00f6ker Balisong Black 09SC011<\/p>\n<p>Magnum Balisong Black bude hitem p\u0159\u00ed\u0161t\u00ed party nebo upout\u00e1 pozornost v dom\u00e1c\u00edm baru. Kdy\u017e je zav\u0159en\u00fd, otv\u00edr\u00e1k vypad\u00e1 jako mot\u00fdl\u00ed n\u016f\u017e, ale je to pouze otv\u00edr\u00e1k. Dvoud\u00edln\u00e1, perforovan\u00e1 rukoje\u0165 je ponech\u00e1na v taktick\u00e9 \u010dern\u00e9 barv\u011b, samotn\u00e1 p\u00e1ka m\u00e1 povrchovou \u00fapravu stonewash . N\u00e1stroj pro profesion\u00e1ly v t\u011b\u017ek\u00e9 pr\u00e1ci.<\/p>\n<p>Typ polo\u017eky: otv\u00edr\u00e1k na l\u00e1hve<br \/>\nCelkov\u00e1 d\u00e9lka: 21,00 cm<br \/>\nHmotnost: 129,00 g<br \/>\n\u010c\u00edslo polo\u017eky: 09SC011<\/p>\n","protected":false},"excerpt":{"rendered":"<p><strong>B\u00d6KER\u00ae<\/strong>\u00a0je n\u011bmeck\u00e1 firma, kter\u00e1 vyr\u00e1b\u00ed no\u017ee t\u00e9 nejvy\u0161\u0161\u00ed kvality. No\u017ee s\u00a0pevnou \u010depel\u00ed, zav\u00edrac\u00ed no\u017ee, kuchy\u0148sk\u00e9 no\u017ee a stojany si d\u00edky v\u00fdjime\u010dn\u00e9 kvalit\u011b obl\u00edbila \u0159ada z\u00e1kazn\u00edk\u016f z\u00a0cel\u00e9ho sv\u011bta.<\/p>\n","protected":false},"featured_media":216122,"comment_status":"open","ping_status":"closed","template":"","meta":[],"pwb-brand":[140],"product_brand":[],"product_cat":[22,17],"product_tag":[3667],"class_list":{"0":"post-216121","1":"product","2":"type-product","3":"status-publish","4":"has-post-thumbnail","6":"pwb-brand-boker","7":"product_cat-zaviraci-noze","8":"product_cat-noze","9":"product_tag-b2b","11":"first","12":"instock","13":"taxable","14":"shipping-taxable","15":"purchasable","16":"product-type-simple"},"brands":[{"id":140,"name":"Boker","slug":"boker"}],"_links":{"self":[{"href":"https:\/\/www.moskito.cz\/es\/wp-json\/wp\/v2\/product\/216121","targetHints":{"allow":["GET"]}}],"collection":[{"href":"https:\/\/www.moskito.cz\/es\/wp-json\/wp\/v2\/product"}],"about":[{"href":"https:\/\/www.moskito.cz\/es\/wp-json\/wp\/v2\/types\/product"}],"replies":[{"embeddable":true,"href":"https:\/\/www.moskito.cz\/es\/wp-json\/wp\/v2\/comments?post=216121"}],"wp:featuredmedia":[{"embeddable":true,"href":"https:\/\/www.moskito.cz\/es\/wp-json\/wp\/v2\/media\/216122"}],"wp:attachment":[{"href":"https:\/\/www.moskito.cz\/es\/wp-json\/wp\/v2\/media?parent=216121"}],"wp:term":[{"taxonomy":"pwb-brand","embeddable":true,"href":"https:\/\/www.moskito.cz\/es\/wp-json\/wp\/v2\/pwb-brand?post=216121"},{"taxonomy":"product_brand","embeddable":true,"href":"https:\/\/www.moskito.cz\/es\/wp-json\/wp\/v2\/product_brand?post=216121"},{"taxonomy":"product_cat","embeddable":true,"href":"https:\/\/www.moskito.cz\/es\/wp-json\/wp\/v2\/product_cat?post=216121"},{"taxonomy":"product_tag","embeddable":true,"href":"https:\/\/www.moskito.cz\/es\/wp-json\/wp\/v2\/product_tag?post=216121"}],"curies":[{"name":"wp","href":"https:\/\/api.w.org\/{rel}","templated":true}]}}