{"id":216349,"date":"2022-05-07T10:19:19","date_gmt":"2022-05-07T09:19:19","guid":{"rendered":"https:\/\/www.moskito.cz\/?post_type=product&#038;p=216349"},"modified":"2025-05-07T10:38:46","modified_gmt":"2025-05-07T09:38:46","slug":"zaviraci-nuz-victorinox-huntsman-bily-1-3713-7","status":"publish","type":"product","link":"https:\/\/www.moskito.cz\/es\/produkt\/zaviraci-nuz-victorinox-huntsman-bily-1-3713-7\/","title":{"rendered":"Zav\u00edrac\u00ed N\u016f\u017e Victorinox Huntsman B\u00edl\u00fd 1.3713.7"},"content":{"rendered":"<p>Zav\u00edrac\u00ed N\u016f\u017e <strong>Victorinox<\/strong> Huntsman B\u00edl\u00fd 1.3713.7<\/p>\n<p>Praktick\u00fd spole\u010dn\u00edk kapesn\u00ed n\u016f\u017e Huntsman o velikosti 91 mm je vybaven 15 funk\u010dn\u00edmi n\u00e1stroji:<\/p>\n<p>velk\u00fd n\u016f\u017e<br \/>\nmal\u00fd n\u016f\u017e<br \/>\npilka na d\u0159evo<br \/>\nn\u016f\u017eky<br \/>\nv\u00edce\u00fa\u010delov\u00fd h\u00e1\u010dek<br \/>\nv\u00fdvrtka<br \/>\notv\u00edr\u00e1k na konzervy s mal\u00fdm \u0161roubov\u00e1kem (i pro k\u0159\u00ed\u017eov\u00e9 \u0161rouby)<br \/>\notv\u00edr\u00e1k na l\u00e1hve se \u0161roubov\u00e1kem<br \/>\nodstra\u0148ova\u010d izolace z dr\u00e1t\u016f<br \/>\nv\u00fdstru\u017en\u00edk, bodec<br \/>\nnerezov\u00fd krou\u017eek na kl\u00ed\u010de<br \/>\npinzeta<br \/>\np\u00e1r\u00e1tko<\/p>\n","protected":false},"excerpt":{"rendered":"<p><span lang=\"CS\">Kapesn\u00ed n\u016f\u017e Huntsman je multifunk\u010dn\u00ed n\u00e1stroj ide\u00e1ln\u00ed pro \u0159ez\u00e1n\u00ed d\u0159eva nebo lan p\u0159i lezen\u00ed, turistice a kempov\u00e1n\u00ed. \u017d\u00e1dn\u00e1 objemn\u00e1 v\u00fdbava nav\u00edc, jenom pocit jistoty s no\u017eem v kapse.<\/span><\/p>\n","protected":false},"featured_media":216350,"comment_status":"open","ping_status":"closed","template":"","meta":[],"pwb-brand":[1175],"product_brand":[],"product_cat":[22,17],"product_tag":[],"class_list":{"0":"post-216349","1":"product","2":"type-product","3":"status-publish","4":"has-post-thumbnail","6":"pwb-brand-victorinox","7":"product_cat-zaviraci-noze","8":"product_cat-noze","10":"first","11":"outofstock","12":"taxable","13":"shipping-taxable","14":"purchasable","15":"product-type-simple"},"brands":[{"id":1175,"name":"Victorinox","slug":"victorinox"}],"_links":{"self":[{"href":"https:\/\/www.moskito.cz\/es\/wp-json\/wp\/v2\/product\/216349","targetHints":{"allow":["GET"]}}],"collection":[{"href":"https:\/\/www.moskito.cz\/es\/wp-json\/wp\/v2\/product"}],"about":[{"href":"https:\/\/www.moskito.cz\/es\/wp-json\/wp\/v2\/types\/product"}],"replies":[{"embeddable":true,"href":"https:\/\/www.moskito.cz\/es\/wp-json\/wp\/v2\/comments?post=216349"}],"wp:featuredmedia":[{"embeddable":true,"href":"https:\/\/www.moskito.cz\/es\/wp-json\/wp\/v2\/media\/216350"}],"wp:attachment":[{"href":"https:\/\/www.moskito.cz\/es\/wp-json\/wp\/v2\/media?parent=216349"}],"wp:term":[{"taxonomy":"pwb-brand","embeddable":true,"href":"https:\/\/www.moskito.cz\/es\/wp-json\/wp\/v2\/pwb-brand?post=216349"},{"taxonomy":"product_brand","embeddable":true,"href":"https:\/\/www.moskito.cz\/es\/wp-json\/wp\/v2\/product_brand?post=216349"},{"taxonomy":"product_cat","embeddable":true,"href":"https:\/\/www.moskito.cz\/es\/wp-json\/wp\/v2\/product_cat?post=216349"},{"taxonomy":"product_tag","embeddable":true,"href":"https:\/\/www.moskito.cz\/es\/wp-json\/wp\/v2\/product_tag?post=216349"}],"curies":[{"name":"wp","href":"https:\/\/api.w.org\/{rel}","templated":true}]}}