{"id":217215,"date":"2022-06-09T14:59:59","date_gmt":"2022-06-09T13:59:59","guid":{"rendered":"https:\/\/www.moskito.cz\/?post_type=product&#038;p=217215"},"modified":"2025-05-07T10:39:05","modified_gmt":"2025-05-07T09:39:05","slug":"pevny-nuz-heretic-knives-nephilim-dlc-blade-red-blk-g10-handle-h003-6a-redblk","status":"publish","type":"product","link":"https:\/\/www.moskito.cz\/es\/produkt\/pevny-nuz-heretic-knives-nephilim-dlc-blade-red-blk-g10-handle-h003-6a-redblk\/","title":{"rendered":"Pevn\u00fd N\u016f\u017e Heretic Knives Nephilim DLC Blade, Red\/Blk G10 Handle H003-6A-REDBLK"},"content":{"rendered":"<p>Pevn\u00fd N\u016f\u017e <strong>Heretic Knives<\/strong> Nephilim DLC Blade, Red\/Blk G10 Handle H003-6A-REDBLK<\/p>\n<p>Nephilim od Heretic je neuv\u011b\u0159iteln\u00e1 d\u00fdka s pevnou \u010depel\u00ed. Je velk\u00fd a dob\u0159e vyv\u00e1\u017een\u00fd s dokonale symetrick\u00fdm designem. Vyrobeno z pevn\u00e9ho kusu tlust\u00e9 nerezov\u00e9 oceli Elmax. Modern\u00ed, taktick\u00fd bojov\u00fd design zd\u00e1nliv\u011b inspirovan\u00fd st\u0159edov\u011bkou d\u00fdkou. Textura kolem hrotu \u010depele poskytuje dal\u0161\u00ed p\u0159ilnavost. Otvor pro \u0161\u0148\u016frku zabudovan\u00fd do pa\u017eby. Je to zni\u010duj\u00edc\u00ed d\u00fdka kter\u00e1 dok\u00e1\u017ee odolat v\u0161emu!<\/p>\n<p>Tento model je vybaven \u010dervenou a \u010dernou rukojet\u00ed G-10. \u010cepel d\u00fdky z nerezov\u00e9 oceli ELMAX v \u010dern\u00e9 barv\u011b DLC s dvojit\u00fdm ost\u0159\u00edm. Black DLC hotov\u00fd hardware. \u010cepel m\u00e1 logo Heretic Knives, informace o modelu a s\u00e9riov\u00e9 \u010d\u00edslo. Obsahuje nylonov\u00e9 pouzdro.<\/p>\n<p>Celkov\u00e1 d\u00edlka : 30 cm<br \/>\n\u010cepel: 16 cm Elmax<br \/>\nTlou\u0161\u0165ka \u010depele: 0.5 cm<br \/>\nMateri\u00e1l rukojeti G10<br \/>\nHmotnost 9,05 oz.<br \/>\nNylonov\u00e9 pouzdro<br \/>\nTyp: Pevn\u00e1 \u010depel<br \/>\nVyrobeno v USA<\/p>\n<p><iframe title=\"Heretic Shop Video\" width=\"800\" height=\"450\" src=\"https:\/\/www.youtube.com\/embed\/7qUL5q7Cvgo?feature=oembed\" frameborder=\"0\" allow=\"accelerometer; autoplay; clipboard-write; encrypted-media; gyroscope; picture-in-picture; web-share\" referrerpolicy=\"strict-origin-when-cross-origin\" allowfullscreen><\/iframe><\/p>\n<p>&nbsp;<\/p>\n","protected":false},"excerpt":{"rendered":"<div class=\"elementor-element elementor-element-bbb542b elementor-widget elementor-widget-woocommerce-product-short-description\" data-id=\"bbb542b\" data-element_type=\"widget\" data-widget_type=\"woocommerce-product-short-description.default\">\n<div class=\"elementor-widget-container\">\n<div class=\"woocommerce-product-details__short-description\">\n<div class=\"elementor-element elementor-element-bbb542b elementor-widget elementor-widget-woocommerce-product-short-description\" data-id=\"bbb542b\" data-element_type=\"widget\" data-widget_type=\"woocommerce-product-short-description.default\">\n<div class=\"elementor-widget-container\">\n<div class=\"woocommerce-product-details__short-description\">\n<div class=\"elementor-element elementor-element-bbb542b elementor-widget elementor-widget-woocommerce-product-short-description\" data-id=\"bbb542b\" data-element_type=\"widget\" data-widget_type=\"woocommerce-product-short-description.default\">\n<div class=\"elementor-widget-container\">\n<div class=\"woocommerce-product-details__short-description\">\n<p>V\u0161echny na\u0161e no\u017ee jsou vyrobeny v USA a my to tak zachov\u00e1me. Kdy\u017e si koup\u00edte n\u011bkter\u00fd z na\u0161ich no\u017e\u016f, m\u016f\u017eete m\u00edt d\u016fv\u011bru ve sv\u016fj n\u00e1stroj s v\u011bdom\u00edm, \u017ee je podporov\u00e1n americkou spole\u010dnost\u00ed. Na\u0161e no\u017ee jsou vyr\u00e1b\u011bny v mal\u00fdch s\u00e9ri\u00edch, abychom zajistili, \u017ee dostanete kvalitn\u00ed n\u016f\u017e, kter\u00e9mu se v\u011bnuje pozornost, kterou jin\u00e9 s\u00e9riov\u011b vyr\u00e1b\u011bn\u00e9 no\u017ee nemaj\u00ed.<\/p>\n<p><strong>Doprava zdarma.<\/strong><\/p>\n<\/div>\n<\/div>\n<\/div>\n<\/div>\n<\/div>\n<\/div>\n<\/div>\n<\/div>\n<\/div>\n","protected":false},"featured_media":217217,"comment_status":"open","ping_status":"closed","template":"","meta":[],"pwb-brand":[318],"product_brand":[],"product_cat":[23,17],"product_tag":[],"class_list":{"0":"post-217215","1":"product","2":"type-product","3":"status-publish","4":"has-post-thumbnail","6":"pwb-brand-heretic-knives","7":"product_cat-pevne-noze","8":"product_cat-noze","10":"first","11":"instock","12":"taxable","13":"shipping-taxable","14":"purchasable","15":"product-type-simple"},"brands":[{"id":318,"name":"Heretic Knives","slug":"heretic-knives"}],"_links":{"self":[{"href":"https:\/\/www.moskito.cz\/es\/wp-json\/wp\/v2\/product\/217215","targetHints":{"allow":["GET"]}}],"collection":[{"href":"https:\/\/www.moskito.cz\/es\/wp-json\/wp\/v2\/product"}],"about":[{"href":"https:\/\/www.moskito.cz\/es\/wp-json\/wp\/v2\/types\/product"}],"replies":[{"embeddable":true,"href":"https:\/\/www.moskito.cz\/es\/wp-json\/wp\/v2\/comments?post=217215"}],"wp:featuredmedia":[{"embeddable":true,"href":"https:\/\/www.moskito.cz\/es\/wp-json\/wp\/v2\/media\/217217"}],"wp:attachment":[{"href":"https:\/\/www.moskito.cz\/es\/wp-json\/wp\/v2\/media?parent=217215"}],"wp:term":[{"taxonomy":"pwb-brand","embeddable":true,"href":"https:\/\/www.moskito.cz\/es\/wp-json\/wp\/v2\/pwb-brand?post=217215"},{"taxonomy":"product_brand","embeddable":true,"href":"https:\/\/www.moskito.cz\/es\/wp-json\/wp\/v2\/product_brand?post=217215"},{"taxonomy":"product_cat","embeddable":true,"href":"https:\/\/www.moskito.cz\/es\/wp-json\/wp\/v2\/product_cat?post=217215"},{"taxonomy":"product_tag","embeddable":true,"href":"https:\/\/www.moskito.cz\/es\/wp-json\/wp\/v2\/product_tag?post=217215"}],"curies":[{"name":"wp","href":"https:\/\/api.w.org\/{rel}","templated":true}]}}