{"id":217346,"date":"2022-06-10T15:33:02","date_gmt":"2022-06-10T14:33:02","guid":{"rendered":"https:\/\/www.moskito.cz\/?post_type=product&#038;p=217346"},"modified":"2025-05-07T10:39:07","modified_gmt":"2025-05-07T09:39:07","slug":"vystrelovaci-nuz-heretic-knives-manticore-e-otf-auto-knife-elmax-battleworn-two-tone-recurve-blade-black-aluminum-handles-h029-8a","status":"publish","type":"product","link":"https:\/\/www.moskito.cz\/es\/produkt\/vystrelovaci-nuz-heretic-knives-manticore-e-otf-auto-knife-elmax-battleworn-two-tone-recurve-blade-black-aluminum-handles-h029-8a\/","title":{"rendered":"Vyst\u0159elovac\u00ed N\u016f\u017e Heretic Knives Manticore E OTF AUTO Knife Elmax Battleworn Two-Tone Recurve Blade, Black Aluminum Handles &#8211; H029-8A"},"content":{"rendered":"<p>Vyst\u0159elovac\u00ed N\u016f\u017e <strong>Heretic Knives<\/strong> Manticore E OTF AUTO Knife Elmax Battleworn Two-Tone Recurve Blade, Black Aluminum Handles &#8211; H029-8A<\/p>\n<p>Manticore E od Heretic Knives spad\u00e1 p\u0159\u00edmo do \u0159ady Manticore, velikosti p\u0159\u00edmo mezi modely S a X. Nejen, \u017ee tento Manticore E\u00a0 m\u00e1 perfektn\u00ed velikost pro v\u011bt\u0161inu z n\u00e1s, p\u0159\u00edmo na stejn\u00e9 \u00farovni jako slavn\u00fd Microtech Ultratech. Tento n\u016f\u017e je 100% vyroben a sestaven v USA, je podpo\u0159en do\u017eivotn\u00ed z\u00e1rukou, tak\u017ee si m\u016f\u017eete b\u00fdt jisti, \u017ee tento OTF vydr\u017e\u00ed. Vyzna\u010duje se hedv\u00e1bn\u011b hladk\u00fdm nasazen\u00edm a zata\u017een\u00edm jednou rukou, co\u017e je standardn\u00ed v \u0159ad\u011b Manticore. Varianta E se vyzna\u010duje ide\u00e1ln\u00ed t\u0159\u00edpalcovou \u010depel\u00ed, integrovan\u00fdm otvorem pro \u0161\u0148\u016frku, rozb\u00edje\u010dem skla z tvrzen\u00e9 oceli a hlubokou sponou. Jeho \u0161t\u00edhl\u00fd profil a lehk\u00e1 povaha umo\u017e\u0148uj\u00ed snadn\u00e9 p\u0159en\u00e1\u0161en\u00ed na dosah ruky a p\u0159ipraven\u00e9 okam\u017eit\u011b. Akce je n\u00e1vykov\u00e1, ergonomie je na m\u00edst\u011b a kvalita zpracov\u00e1n\u00ed je \u0161pi\u010dkov\u00e1.<strong> Nebudete zklam\u00e1ni !!<\/strong><br \/>\nSpecifikace<\/p>\n<p>D\u00e9lka \u010depele: <span id=\"cwos\" class=\"qv3Wpe\">7.62<\/span> cm<br \/>\nCelkov\u00e1 d\u00e9lka: <span id=\"cwos\" class=\"qv3Wpe\">19.37<\/span> cm<br \/>\nMateri\u00e1l \u010depele: Elmax nerezov\u00e1 ocel<br \/>\nStyl \u010depele: Recurve<br \/>\nBrou\u0161en\u00ed \u010depele: Ploch\u00e9<br \/>\nPovrchov\u00e1 \u00faprava \u010depele: Bojov\u00e1 dvoubarevn\u00e1<br \/>\nMateri\u00e1l rukojeti: \u010dern\u00fd hlin\u00edk<br \/>\nUzamykac\u00ed mechanismus: Posuvn\u00fd<br \/>\nKapesn\u00ed spona: Hlubok\u00e9 no\u0161en\u00ed (sklopen\u00ed dol\u016f, prav\u00e9 no\u0161en\u00ed)<br \/>\nHmotnost: 3,3 oz.<br \/>\nDesign\u00e9r: Tony Marfione Jr.<br \/>\nVyrobeno v USA<\/p>\n<p><iframe title=\"Heretic Shop Video\" width=\"800\" height=\"450\" src=\"https:\/\/www.youtube.com\/embed\/7qUL5q7Cvgo?feature=oembed\" frameborder=\"0\" allow=\"accelerometer; autoplay; clipboard-write; encrypted-media; gyroscope; picture-in-picture; web-share\" referrerpolicy=\"strict-origin-when-cross-origin\" allowfullscreen><\/iframe><\/p>\n<p>&nbsp;<\/p>\n<p>&nbsp;<\/p>\n","protected":false},"excerpt":{"rendered":"<p>V\u0161echny na\u0161e no\u017ee jsou vyrobeny v USA a tak to zachov\u00e1me. Kdy\u017e si koup\u00edte n\u011bkter\u00fd z na\u0161ich no\u017e\u016f, m\u016f\u017eete m\u00edt d\u016fv\u011bru ve sv\u016fj n\u00e1stroj s v\u011bdom\u00edm, \u017ee je podporov\u00e1n americkou spole\u010dnost\u00ed. Na\u0161e no\u017ee jsou vyr\u00e1b\u011bny v mal\u00fdch s\u00e9ri\u00edch, abychom zajistili, \u017ee dostanete kvalitn\u00ed n\u016f\u017e, kter\u00e9mu se dost\u00e1v\u00e1 pozornosti, jak\u00e9 se nedost\u00e1v\u00e1 jin\u00fdm s\u00e9riov\u011b vyr\u00e1b\u011bn\u00fdm no\u017e\u016fm!!<\/p>\n","protected":false},"featured_media":217347,"comment_status":"open","ping_status":"closed","template":"","meta":[],"pwb-brand":[318],"product_brand":[],"product_cat":[2019,17],"product_tag":[3667],"class_list":{"0":"post-217346","1":"product","2":"type-product","3":"status-publish","4":"has-post-thumbnail","6":"pwb-brand-heretic-knives","7":"product_cat-vystrelovaci-noze","8":"product_cat-noze","9":"product_tag-b2b","11":"first","12":"outofstock","13":"taxable","14":"shipping-taxable","15":"purchasable","16":"product-type-simple"},"brands":[{"id":318,"name":"Heretic Knives","slug":"heretic-knives"}],"_links":{"self":[{"href":"https:\/\/www.moskito.cz\/es\/wp-json\/wp\/v2\/product\/217346","targetHints":{"allow":["GET"]}}],"collection":[{"href":"https:\/\/www.moskito.cz\/es\/wp-json\/wp\/v2\/product"}],"about":[{"href":"https:\/\/www.moskito.cz\/es\/wp-json\/wp\/v2\/types\/product"}],"replies":[{"embeddable":true,"href":"https:\/\/www.moskito.cz\/es\/wp-json\/wp\/v2\/comments?post=217346"}],"wp:featuredmedia":[{"embeddable":true,"href":"https:\/\/www.moskito.cz\/es\/wp-json\/wp\/v2\/media\/217347"}],"wp:attachment":[{"href":"https:\/\/www.moskito.cz\/es\/wp-json\/wp\/v2\/media?parent=217346"}],"wp:term":[{"taxonomy":"pwb-brand","embeddable":true,"href":"https:\/\/www.moskito.cz\/es\/wp-json\/wp\/v2\/pwb-brand?post=217346"},{"taxonomy":"product_brand","embeddable":true,"href":"https:\/\/www.moskito.cz\/es\/wp-json\/wp\/v2\/product_brand?post=217346"},{"taxonomy":"product_cat","embeddable":true,"href":"https:\/\/www.moskito.cz\/es\/wp-json\/wp\/v2\/product_cat?post=217346"},{"taxonomy":"product_tag","embeddable":true,"href":"https:\/\/www.moskito.cz\/es\/wp-json\/wp\/v2\/product_tag?post=217346"}],"curies":[{"name":"wp","href":"https:\/\/api.w.org\/{rel}","templated":true}]}}