{"id":217502,"date":"2022-06-22T22:10:22","date_gmt":"2022-06-22T21:10:22","guid":{"rendered":"https:\/\/www.moskito.cz\/?post_type=product&#038;p=217502"},"modified":"2025-05-07T10:39:08","modified_gmt":"2025-05-07T09:39:08","slug":"vystrelovaci-nuz-kershaw-launch-14","status":"publish","type":"product","link":"https:\/\/www.moskito.cz\/es\/produkt\/vystrelovaci-nuz-kershaw-launch-14\/","title":{"rendered":"Vyst\u0159elovac\u00ed N\u016f\u017e KERSHAW LAUNCH 14"},"content":{"rendered":"<p>Vyst\u0159elovac\u00ed N\u016f\u017e <strong>KERSHAW<\/strong> LAUNCH 14<\/p>\n<p>Cleaver blade p\u0159ich\u00e1z\u00ed do automatick\u00e9 \u0159ady Kershaw s Launch 14. Uchopte auto bezpe\u010dn\u011b pomoc\u00ed dvoud\u00edln\u00e9 p\u0159edn\u00ed rukojeti z hlin\u00edku a uhl\u00edkov\u00fdch vl\u00e1ken. Zat\u00edmco honosn\u00e1 uhl\u00edkov\u00e1 vl\u00e1kna k\u0159i\u010d\u00ed \u201epod\u00edvejte se na m\u011b\u201c, Launch 14 m\u00e1 daleko k bezpe\u010dn\u00e9 kr\u00e1lovn\u011b. Ucp\u00e1v\u00e1n\u00ed prst\u016f umo\u017e\u0148uje u\u017eivatel\u016fm udusit se \u010depel\u00ed b\u011bhem t\u011b\u017ek\u00fdch pracovn\u00edch \u00fakol\u016f. Povrchov\u00e1 \u00faprava BlackWash\u2122 skryje \u0161kr\u00e1bance po n\u00e1ro\u010dn\u00e9m pracovn\u00edm dni. Dal\u0161\u00ed detaily to v\u0161e spojuj\u00ed, v\u010detn\u011b bronzov\u00e9 eloxovan\u00e9 titanov\u00e9 rozp\u011brky, oboustrann\u00e9 spony na kapsu a integrovan\u00e9 zadn\u00ed rozp\u011brky s otvorem pro \u0161\u0148\u016frku. Ale je to dr\u00e1\u017ediv\u00fd sek\u00e1\u010dek, kter\u00fd pros\u00ed fanou\u0161ky Kershaw, aby toto tla\u010d\u00edtko ma\u010dkali znovu a znovu.<\/p>\n<p>Vyrobeno v USA; sek\u00e1\u010dek<br \/>\nDvoud\u00edln\u00e1 p\u0159edn\u00ed rukoje\u0165 obsahuje uhl\u00edkov\u00e1 vl\u00e1kna a hlin\u00edk; integrovan\u00fd backspacer s otvorem pro \u0161\u0148\u016frku<br \/>\n\u010cepelov\u00e1 ocel CPM 154 z pr\u00e1\u0161kov\u00e9 metalurgie m\u00e1 a dr\u017e\u00ed vynikaj\u00edc\u00ed ost\u0159\u00ed, poskytuje odolnost proti korozi, odolnost proti opot\u0159eben\u00ed, hou\u017eevnatost; Povrchov\u00e1 \u00faprava BlackWash\u2122 pom\u00e1h\u00e1 skr\u00fdt \u0161kr\u00e1bance od pou\u017e\u00edv\u00e1n\u00ed<br \/>\nN\u00edzkoprofilov\u00e9 tla\u010d\u00edtko zt\u011b\u017euje necht\u011bn\u00e9 rozvinut\u00ed \u010depele<br \/>\nPou\u017e\u00edvejte ka\u017ed\u00fd den, pracujte<br \/>\nStylov\u00fd kapesn\u00ed n\u016f\u017e<br \/>\nDesigner Kershaw Originals<br \/>\nSek\u00e1\u010dek ve stylu \u010depele<br \/>\nBlade Edge Plain<br \/>\nAutomatick\u00e1 akce otev\u0159en\u00ed<br \/>\nOtev\u0159e se tla\u010d\u00edtkem<br \/>\nTyp z\u00e1mku Tla\u010d\u00edtkov\u00fd z\u00e1mek<br \/>\nKapesn\u00ed spona oboustrann\u00e1 (prav\u00e1\/lev\u00e1, sklopn\u00e1)<br \/>\nBarva rukojeti st\u0159\u00edbrn\u00e1 a \u010dern\u00e1<br \/>\nVyrobeno v USA Ano<br \/>\nZem\u011b p\u016fvodu USA: Design, Prototyp, Kontrola kvality, V\u00fdroba<br \/>\nZ\u00e1ruka Omezen\u00e1 do\u017eivotn\u00ed z\u00e1ruka<\/p>\n<p>Ocel: CPM-154<br \/>\nD\u00e9lka \u010depele: 86 mm<br \/>\nD\u00e9lka no\u017ee: 197 mm<br \/>\nD\u00e9lka rukojeti: 111 mm<br \/>\nTlou\u0161\u0165ka \u010depele: 3 mm<br \/>\nTlou\u0161\u0165ka rukojeti: 12 mm<br \/>\nHmotnost: 90 g<br \/>\nRukoje\u0165: karbon a hlin\u00edk<br \/>\nOtv\u00edr\u00e1n\u00ed: tla\u010d\u00edtkov\u00fd automat<br \/>\nPojistka: buttonlock<br \/>\nOko na pletenec<br \/>\nKapesn\u00ed klip<\/p>\n<p>&nbsp;<\/p>\n<p>&nbsp;<\/p>\n<p>&nbsp;<\/p>\n<p><iframe title=\"Kershaw Launch 14 - Model 7850\" width=\"800\" height=\"450\" src=\"https:\/\/www.youtube.com\/embed\/j9uzQOSQrGE?feature=oembed\" frameborder=\"0\" allow=\"accelerometer; autoplay; clipboard-write; encrypted-media; gyroscope; picture-in-picture\" allowfullscreen><\/iframe><\/p>\n<p>&nbsp;<\/p>\n","protected":false},"excerpt":{"rendered":"<p>Zakladatel spole\u010dnosti Kershaw, Pete Kershaw, v\u011bd\u011bl, jak je d\u016fle\u017eit\u00e1 zaru\u010den\u00e1 kvalita.\u00a0 Koncem roku 1974 se rozhodl zalo\u017eit vlastn\u00ed no\u017e\u00ed\u0159skou spole\u010dnost v cement\u00e1rn\u011b v Lake Oswego v Oregonu.<\/p>\n<p>V Japonsku se gener\u00e1ln\u00ed \u0159editel Kai Koji Endo domn\u00edval, \u017ee Kershaw m\u00e1 je\u0161t\u011b v\u011bt\u0161\u00ed potenci\u00e1l k r\u016fstu. V roce 1996 Endo investoval do americk\u00e9ho v\u00fdrobn\u00edho z\u00e1vodu na z\u00e1kladn\u011b Kai USA ve Wilsonville. V\u011b\u0159il, \u017ee to Kershawovi pom\u016f\u017ee dos\u00e1hnout pln\u00e9ho potenci\u00e1lu. A brzy Kai USA najal nov\u00fd produk\u010dn\u00ed t\u00fdm pro tuto pr\u00e1ci.<\/p>\n","protected":false},"featured_media":217503,"comment_status":"open","ping_status":"closed","template":"","meta":[],"pwb-brand":[385],"product_brand":[],"product_cat":[2019,17],"product_tag":[],"class_list":{"0":"post-217502","1":"product","2":"type-product","3":"status-publish","4":"has-post-thumbnail","6":"pwb-brand-kershaw","7":"product_cat-vystrelovaci-noze","8":"product_cat-noze","10":"first","11":"instock","12":"taxable","13":"shipping-taxable","14":"purchasable","15":"product-type-simple"},"brands":[{"id":385,"name":"Kershaw","slug":"kershaw"}],"_links":{"self":[{"href":"https:\/\/www.moskito.cz\/es\/wp-json\/wp\/v2\/product\/217502","targetHints":{"allow":["GET"]}}],"collection":[{"href":"https:\/\/www.moskito.cz\/es\/wp-json\/wp\/v2\/product"}],"about":[{"href":"https:\/\/www.moskito.cz\/es\/wp-json\/wp\/v2\/types\/product"}],"replies":[{"embeddable":true,"href":"https:\/\/www.moskito.cz\/es\/wp-json\/wp\/v2\/comments?post=217502"}],"wp:featuredmedia":[{"embeddable":true,"href":"https:\/\/www.moskito.cz\/es\/wp-json\/wp\/v2\/media\/217503"}],"wp:attachment":[{"href":"https:\/\/www.moskito.cz\/es\/wp-json\/wp\/v2\/media?parent=217502"}],"wp:term":[{"taxonomy":"pwb-brand","embeddable":true,"href":"https:\/\/www.moskito.cz\/es\/wp-json\/wp\/v2\/pwb-brand?post=217502"},{"taxonomy":"product_brand","embeddable":true,"href":"https:\/\/www.moskito.cz\/es\/wp-json\/wp\/v2\/product_brand?post=217502"},{"taxonomy":"product_cat","embeddable":true,"href":"https:\/\/www.moskito.cz\/es\/wp-json\/wp\/v2\/product_cat?post=217502"},{"taxonomy":"product_tag","embeddable":true,"href":"https:\/\/www.moskito.cz\/es\/wp-json\/wp\/v2\/product_tag?post=217502"}],"curies":[{"name":"wp","href":"https:\/\/api.w.org\/{rel}","templated":true}]}}