{"id":217797,"date":"2022-06-28T13:25:30","date_gmt":"2022-06-28T12:25:30","guid":{"rendered":"https:\/\/www.moskito.cz\/?post_type=product&#038;p=217797"},"modified":"2025-05-07T10:39:10","modified_gmt":"2025-05-07T09:39:10","slug":"zaviraci-nuz-magnum-boker-advance-desert-pro-42","status":"publish","type":"product","link":"https:\/\/www.moskito.cz\/es\/produkt\/zaviraci-nuz-magnum-boker-advance-desert-pro-42\/","title":{"rendered":"Zav\u00edrac\u00ed N\u016f\u017e Magnum B\u00f6ker Advance Desert Pro 42"},"content":{"rendered":"<p>Zav\u00edrac\u00ed N\u016f\u017e <strong>Magnum B\u00f6ker<\/strong> Advance Desert Pro 42<\/p>\n<p>Magnum Advance Desert Pro pat\u0159\u00ed do profesion\u00e1ln\u00edho, taktick\u00e9ho, vojensk\u00e9ho nebo civiln\u00edho prost\u0159ed\u00ed. Plastov\u00e1 rukoje\u0165 vyztu\u017een\u00e1 vl\u00e1kny m\u00e1 protiskluzov\u00e9 pry\u017eov\u00e9 vlo\u017eky pro bezpe\u010dn\u011bj\u0161\u00ed uchopen\u00ed. \u010cepel o\u0161t\u011bpu vyroben\u00e1 z nerezov\u00e9 oceli 440C m\u00e1 \u010dern\u00fd povlak. Linerlock zaji\u0161\u0165uje n\u016f\u017e \u010dist\u011b a spolehliv\u011b. Obouru\u010dn\u00ed verze se z\u00e1\u0159ezem na h\u0159eb\u00edk je jako stvo\u0159en\u00e1 pro fanou\u0161ky klasick\u00fdch konstrukc\u00ed no\u017e\u016f. \u0160irok\u00e1 \u010dern\u00e1 spona se \u0161pi\u010dkou dr\u017e\u00ed n\u016f\u017e na m\u00edst\u011b. K zaji\u0161t\u011bn\u00ed tohoto d\u016fle\u017eit\u00e9ho za\u0159\u00edzen\u00ed lze tak\u00e9 pou\u017e\u00edt otvor pro \u0161\u0148\u016frku. Dod\u00e1v\u00e1 se s pevn\u00fdm nylonov\u00fdm pouzdrem na opasek.<\/p>\n<p>Typ: Kapesn\u00ed n\u016f\u017e<br \/>\nCelkov\u00e1 d\u00e9lka: 21,50 cm<br \/>\nD\u00e9lka \u010depele: 9,50 cm<br \/>\nTlou\u0161\u0165ka \u010depele: 2,80 mm<br \/>\nHmotnost: 129,00 g<br \/>\nMateri\u00e1l \u010depele: 440C<br \/>\nMateri\u00e1l rukojeti: Syntetick\u00fd<br \/>\nOtev\u00edrac\u00ed: Manu\u00e1l<br \/>\nTyp z\u00e1mku: Linerlock<br \/>\nBarva: \u010cern\u00e1<br \/>\nBarva \u010depele: \u010cern\u00e1<\/p>\n<p>&nbsp;<\/p>\n<p>&nbsp;<\/p>\n<p>&nbsp;<\/p>\n<p>&nbsp;<\/p>\n","protected":false},"excerpt":{"rendered":"<p><strong>Magnum Advance Desert Pro pat\u0159\u00ed do profesion\u00e1ln\u00edho, taktick\u00e9ho, vojensk\u00e9ho nebo civiln\u00edho prost\u0159ed\u00ed.<\/strong><\/p>\n","protected":false},"featured_media":217798,"comment_status":"open","ping_status":"closed","template":"","meta":[],"pwb-brand":[140],"product_brand":[],"product_cat":[22,17],"product_tag":[3667],"class_list":{"0":"post-217797","1":"product","2":"type-product","3":"status-publish","4":"has-post-thumbnail","6":"pwb-brand-boker","7":"product_cat-zaviraci-noze","8":"product_cat-noze","9":"product_tag-b2b","11":"first","12":"instock","13":"taxable","14":"shipping-taxable","15":"purchasable","16":"product-type-simple"},"brands":[{"id":140,"name":"Boker","slug":"boker"}],"_links":{"self":[{"href":"https:\/\/www.moskito.cz\/es\/wp-json\/wp\/v2\/product\/217797","targetHints":{"allow":["GET"]}}],"collection":[{"href":"https:\/\/www.moskito.cz\/es\/wp-json\/wp\/v2\/product"}],"about":[{"href":"https:\/\/www.moskito.cz\/es\/wp-json\/wp\/v2\/types\/product"}],"replies":[{"embeddable":true,"href":"https:\/\/www.moskito.cz\/es\/wp-json\/wp\/v2\/comments?post=217797"}],"wp:featuredmedia":[{"embeddable":true,"href":"https:\/\/www.moskito.cz\/es\/wp-json\/wp\/v2\/media\/217798"}],"wp:attachment":[{"href":"https:\/\/www.moskito.cz\/es\/wp-json\/wp\/v2\/media?parent=217797"}],"wp:term":[{"taxonomy":"pwb-brand","embeddable":true,"href":"https:\/\/www.moskito.cz\/es\/wp-json\/wp\/v2\/pwb-brand?post=217797"},{"taxonomy":"product_brand","embeddable":true,"href":"https:\/\/www.moskito.cz\/es\/wp-json\/wp\/v2\/product_brand?post=217797"},{"taxonomy":"product_cat","embeddable":true,"href":"https:\/\/www.moskito.cz\/es\/wp-json\/wp\/v2\/product_cat?post=217797"},{"taxonomy":"product_tag","embeddable":true,"href":"https:\/\/www.moskito.cz\/es\/wp-json\/wp\/v2\/product_tag?post=217797"}],"curies":[{"name":"wp","href":"https:\/\/api.w.org\/{rel}","templated":true}]}}