{"id":217828,"date":"2022-06-28T20:14:02","date_gmt":"2022-06-28T19:14:02","guid":{"rendered":"https:\/\/www.moskito.cz\/?post_type=product&#038;p=217828"},"modified":"2025-05-07T10:39:10","modified_gmt":"2025-05-07T09:39:10","slug":"zaviraci-nuz-zero-tolerance-0770cf","status":"publish","type":"product","link":"https:\/\/www.moskito.cz\/es\/produkt\/zaviraci-nuz-zero-tolerance-0770cf\/","title":{"rendered":"Zav\u00edrac\u00ed N\u016f\u017e Zero Tolerance 0770CF"},"content":{"rendered":"<p>Zav\u00edrac\u00ed N\u016f\u017e <strong>Zero Tolerance<\/strong> 0770CF<\/p>\n<p>0770CF vych\u00e1z\u00ed z origin\u00e1ln\u00edho, cenami ov\u011bn\u010den\u00e9ho Zero Tolerance 0777 od ZT a je i nad\u00e1le jedn\u00edm z na\u0161ich nejobl\u00edben\u011bj\u0161\u00edch no\u017e\u016f. 0770CF nab\u00edz\u00ed styl a v\u00fdkon 0777, ale ve zjednodu\u0161en\u00e9 verzi. \u010cepel je vyrobena z nerezov\u00e9 oceli CPM S35VN pro hou\u017eevnatost a odolnost proti vylamov\u00e1n\u00ed ost\u0159\u00ed. Zametac\u00ed linie 0777 jsou zachov\u00e1ny v lehk\u00e9 rukojeti z uhl\u00edkov\u00fdch vl\u00e1ken, kter\u00e1 bezpe\u010dn\u011b padne do ruky.<\/p>\n<p>Vyrobeno v USA<br \/>\nZjednodu\u0161en\u00e1 verze p\u016fvodn\u00edho, cenami ov\u011bn\u010den\u00e9ho Zero Tolerance 0777<br \/>\n\u010cepelov\u00e1 ocel CPM S35VN pro v\u00fdjime\u010dnou hou\u017eevnatost, odolnost proti opot\u0159eben\u00ed a zachov\u00e1n\u00ed ost\u0159\u00ed; Stonewashed povrch \u010depele vypad\u00e1 dob\u0159e, k\u016f\u017ee pou\u017e\u00edv\u00e1 \u0161kr\u00e1bance<br \/>\nLehk\u00e1 rukoje\u0165 z uhl\u00edkov\u00fdch vl\u00e1ken pevn\u011bj\u0161\u00ed ne\u017e ocel je tvarovan\u00e1 pro pevn\u00e9 a pohodln\u00e9 uchopen\u00ed<br \/>\nAsistovan\u00e9 otev\u00edr\u00e1n\u00ed pro rychl\u00e9 a snadn\u00e9 nasazen\u00ed \u010depele; kapesn\u00ed spona je oboustrann\u00e1 pro no\u0161en\u00ed v lev\u00e9\/prav\u00e9 kapse.<\/p>\n<p>Typ Assisted, Folder<br \/>\nPou\u017e\u00edvejte ka\u017ed\u00fd den<br \/>\nStylov\u00fd kapesn\u00ed n\u016f\u017e<br \/>\nDesign\u00e9r ZT Originals<br \/>\nBod p\u00e1du ve stylu \u010depele<br \/>\nBlade Edge Plain<br \/>\nAsistovan\u00e1 akce p\u0159i otev\u00edr\u00e1n\u00ed<br \/>\nOtev\u00edr\u00e1 pomoc\u00ed Flipper<br \/>\nTyp z\u00e1mku Vlo\u017een\u00fd z\u00e1mek vlo\u017eky<br \/>\nKapesn\u00ed spona Oboustrann\u00e9 hlubok\u00e9 no\u0161en\u00ed (prav\u00e1\/lev\u00e1, skl\u00e1p\u011bc\u00ed)<br \/>\nVyrobeno v USA Ano<br \/>\nHardware Ocelov\u00fd oto\u010dn\u00fd \u0161roub s otryskan\u00fdm povrchem, ocelov\u00e9 distan\u010dn\u00ed vlo\u017eky, \u0161rouby a kapesn\u00ed spona s povrchovou \u00fapravou brun\u00fdrov\u00e1n\u00edm<\/p>\n<p>\u010cepel ocel CPM S35VN<br \/>\nD\u00e9lka \u010depele 3,25 palce (8,3 cm)<br \/>\nHRC 60\u201362<br \/>\nPovrchov\u00e1 \u00faprava \u010depele\/potah Povrchov\u00e1 \u00faprava Stonewash<br \/>\nTlou\u0161\u0165ka \u010depele 0,121 palce (0,307 cm)<br \/>\nD\u00e9lka v zav\u0159en\u00e9m stavu 4,3 palce (10,9 cm)<br \/>\nMateri\u00e1l rukojeti Karbonov\u00e9 vl\u00e1kno<br \/>\nBarva rukojeti \u010cern\u00e1<br \/>\nPovrchov\u00e1 \u00faprava rukojeti\/n\u00e1t\u011br \u2013<br \/>\nTlou\u0161\u0165ka rukojeti 0,41 palce (10,4 mm)<br \/>\nCelkov\u00e1 d\u00e9lka 7,5 palce (19,2 cm)<br \/>\nHmotnost 3 oz. (85 g)<\/p>\n","protected":false},"excerpt":{"rendered":"<p>Budeme i nad\u00e1le stav\u011bt profesion\u00e1ln\u00ed no\u017ee pr\u00e9miov\u00e9 kvality, na kter\u00e9 se na\u0161i z\u00e1kazn\u00edci mohou ka\u017ed\u00fd den spolehnout!!<\/p>\n<p>To je\u00a0<strong>Zero Tolerance<\/strong>!!<\/p>\n<p><strong>Doprava zdarma.<\/strong><\/p>\n","protected":false},"featured_media":217832,"comment_status":"open","ping_status":"closed","template":"","meta":[],"pwb-brand":[717],"product_brand":[],"product_cat":[22,17],"product_tag":[],"class_list":{"0":"post-217828","1":"product","2":"type-product","3":"status-publish","4":"has-post-thumbnail","6":"pwb-brand-zero-tolerance","7":"product_cat-zaviraci-noze","8":"product_cat-noze","10":"first","11":"outofstock","12":"taxable","13":"shipping-taxable","14":"purchasable","15":"product-type-simple"},"brands":[{"id":717,"name":"Zero Tolerance","slug":"zero-tolerance"}],"_links":{"self":[{"href":"https:\/\/www.moskito.cz\/es\/wp-json\/wp\/v2\/product\/217828","targetHints":{"allow":["GET"]}}],"collection":[{"href":"https:\/\/www.moskito.cz\/es\/wp-json\/wp\/v2\/product"}],"about":[{"href":"https:\/\/www.moskito.cz\/es\/wp-json\/wp\/v2\/types\/product"}],"replies":[{"embeddable":true,"href":"https:\/\/www.moskito.cz\/es\/wp-json\/wp\/v2\/comments?post=217828"}],"wp:featuredmedia":[{"embeddable":true,"href":"https:\/\/www.moskito.cz\/es\/wp-json\/wp\/v2\/media\/217832"}],"wp:attachment":[{"href":"https:\/\/www.moskito.cz\/es\/wp-json\/wp\/v2\/media?parent=217828"}],"wp:term":[{"taxonomy":"pwb-brand","embeddable":true,"href":"https:\/\/www.moskito.cz\/es\/wp-json\/wp\/v2\/pwb-brand?post=217828"},{"taxonomy":"product_brand","embeddable":true,"href":"https:\/\/www.moskito.cz\/es\/wp-json\/wp\/v2\/product_brand?post=217828"},{"taxonomy":"product_cat","embeddable":true,"href":"https:\/\/www.moskito.cz\/es\/wp-json\/wp\/v2\/product_cat?post=217828"},{"taxonomy":"product_tag","embeddable":true,"href":"https:\/\/www.moskito.cz\/es\/wp-json\/wp\/v2\/product_tag?post=217828"}],"curies":[{"name":"wp","href":"https:\/\/api.w.org\/{rel}","templated":true}]}}