{"id":217844,"date":"2022-06-28T20:41:46","date_gmt":"2022-06-28T19:41:46","guid":{"rendered":"https:\/\/www.moskito.cz\/?post_type=product&#038;p=217844"},"modified":"2025-06-28T11:30:41","modified_gmt":"2025-06-28T10:30:41","slug":"zaviraci-nuz-zero-tolerance-0022","status":"publish","type":"product","link":"https:\/\/www.moskito.cz\/es\/produkt\/zaviraci-nuz-zero-tolerance-0022\/","title":{"rendered":"Zav\u00edrac\u00ed N\u016f\u017e Zero Tolerance 0022"},"content":{"rendered":"<p>Zav\u00edrac\u00ed N\u016f\u017e <strong>Zero Tolerance<\/strong> 0022<\/p>\n<p>Toto je nejmen\u0161\u00ed ZT, jak\u00e9 jsme kdy vyrobili. A ano, je to p\u016fsobiv\u00fd kus techniky. 0022 od ZT a Tima Galyeana je nejkompaktn\u011bj\u0161\u00ed ZT v\u0161ech dob. Ale tohle mini je mocn\u00e9. 1,8palcov\u00e1 \u010depel s klipsem je p\u0159ipraven\u00e1, ochotn\u00e1 a schopn\u00e1 p\u0159evz\u00edt t\u00e9m\u011b\u0159 jak\u00fdkoli \u00fakol. Pro dobr\u00fd vzhled je titanov\u00fd ozdobn\u00fd krou\u017eek kolem \u010depu a rozp\u011brky trubky eloxov\u00e1n mod\u0159e. Vyr\u00e1b\u00ed v\u00fdjime\u010dn\u011b snadno p\u0159enosn\u00fd EDC.<\/p>\n<p>Vyrobeno v USA<br \/>\nPod 2-palcovou \u010depel\u00ed; \u010cepelov\u00e1 ocel CPM 20 CV pro vynikaj\u00edc\u00ed tvrdost, odolnost proti korozi a zachov\u00e1n\u00ed ost\u0159\u00ed<br \/>\nP\u0159edn\u00ed stupnice z uhl\u00edkov\u00fdch vl\u00e1ken, titanov\u00e1 zadn\u00ed strana s r\u00e1mov\u00fdm z\u00e1mkem pro bezpe\u010dn\u00e9 uzam\u010den\u00ed \u010depele b\u011bhem pou\u017e\u00edv\u00e1n\u00ed<br \/>\nI kdy\u017e je 0022 mal\u00fd, je navr\u017een pro pohodl\u00ed rukou s hlubok\u00fdmi obrysy prst\u016f, kter\u00e9 zaji\u0161\u0165uj\u00ed dobr\u00fd \u00fachop<br \/>\nTitanov\u00fd ozdobn\u00fd krou\u017eek kolem \u010depu a titanov\u00e1 rozp\u011brka trubky jsou eloxov\u00e1ny mod\u0159e a dod\u00e1vaj\u00ed tomuto mocn\u00e9mu mini na vizu\u00e1ln\u00ed zaj\u00edmavosti.<\/p>\n<p>Typ Manual, Folder<br \/>\nPou\u017e\u00edvejte ka\u017ed\u00fd den<br \/>\nStylov\u00fd kapesn\u00ed n\u016f\u017e<br \/>\nDesign\u00e9r Tim Galyean<br \/>\nBod klipu ve stylu \u010depele<br \/>\nBlade Edge Plain<br \/>\nOtev\u00edr\u00e1n\u00ed Ru\u010dn\u00ed kuli\u010dkov\u00e1 lo\u017eiska KVT<br \/>\nOtev\u00edr\u00e1 pomoc\u00ed Flipper<br \/>\nTyp z\u00e1mku Titanov\u00fd r\u00e1mov\u00fd z\u00e1mek, vlo\u017eka z\u00e1mku z tvrzen\u00e9 oceli<br \/>\nKapesn\u00ed spona oboustrann\u00e1 (prav\u00e1\/lev\u00e1, sklopn\u00e1)<br \/>\nVyrobeno v USA Ano<br \/>\nHardware Ocelov\u00fd \u010dep a \u0161rouby, modr\u00fd eloxovan\u00fd titanov\u00fd oto\u010dn\u00fd krou\u017eek a rozp\u011brka trubky, kapesn\u00ed spona z \u010dern\u011bn\u00e9 oceli<\/p>\n<p>\u010cepel ocel CPM 20CV<br \/>\nD\u00e9lka \u010depele 1,8 palce (4,9 cm)<br \/>\nHRC 60\u201362<br \/>\nPovrchov\u00e1 \u00faprava \u010depele\/potah Povrchov\u00e1 \u00faprava Stonewash<br \/>\nTlou\u0161\u0165ka \u010depele 0,121 palce (0,31 cm)<br \/>\nD\u00e9lka v zav\u0159en\u00e9m stavu 3 palce (7,6 cm)<br \/>\nMateri\u00e1l rukojeti P\u0159edn\u00ed strana z uhl\u00edkov\u00fdch vl\u00e1ken, zadn\u00ed strana titan<br \/>\nBarva rukojeti \u010cern\u00e1<br \/>\nPovrchov\u00e1 \u00faprava rukojeti\/Povlak H\u0159bet s povrchovou \u00fapravou Stonewash<br \/>\nTlou\u0161\u0165ka rukojeti 0,435 palce (11 mm)<br \/>\nCelkov\u00e1 d\u00e9lka 4,75 palce (12,2 cm)<br \/>\nHmotnost 1,7 oz. (50 g)<\/p>\n","protected":false},"excerpt":{"rendered":"<p>Budeme i nad\u00e1le stav\u011bt profesion\u00e1ln\u00ed no\u017ee pr\u00e9miov\u00e9 kvality, na kter\u00e9 se na\u0161i z\u00e1kazn\u00edci mohou ka\u017ed\u00fd den spolehnout!!<\/p>\n<p>To je\u00a0<strong>Zero Tolerance<\/strong>!!<\/p>\n<p><strong>Doprava zdarma.<\/strong><\/p>\n","protected":false},"featured_media":217845,"comment_status":"open","ping_status":"closed","template":"","meta":[],"pwb-brand":[717],"product_brand":[],"product_cat":[22,17],"product_tag":[],"class_list":{"0":"post-217844","1":"product","2":"type-product","3":"status-publish","4":"has-post-thumbnail","6":"pwb-brand-zero-tolerance","7":"product_cat-zaviraci-noze","8":"product_cat-noze","10":"first","11":"instock","12":"sale","13":"taxable","14":"shipping-taxable","15":"purchasable","16":"product-type-simple"},"brands":[{"id":717,"name":"Zero Tolerance","slug":"zero-tolerance"}],"_links":{"self":[{"href":"https:\/\/www.moskito.cz\/es\/wp-json\/wp\/v2\/product\/217844","targetHints":{"allow":["GET"]}}],"collection":[{"href":"https:\/\/www.moskito.cz\/es\/wp-json\/wp\/v2\/product"}],"about":[{"href":"https:\/\/www.moskito.cz\/es\/wp-json\/wp\/v2\/types\/product"}],"replies":[{"embeddable":true,"href":"https:\/\/www.moskito.cz\/es\/wp-json\/wp\/v2\/comments?post=217844"}],"wp:featuredmedia":[{"embeddable":true,"href":"https:\/\/www.moskito.cz\/es\/wp-json\/wp\/v2\/media\/217845"}],"wp:attachment":[{"href":"https:\/\/www.moskito.cz\/es\/wp-json\/wp\/v2\/media?parent=217844"}],"wp:term":[{"taxonomy":"pwb-brand","embeddable":true,"href":"https:\/\/www.moskito.cz\/es\/wp-json\/wp\/v2\/pwb-brand?post=217844"},{"taxonomy":"product_brand","embeddable":true,"href":"https:\/\/www.moskito.cz\/es\/wp-json\/wp\/v2\/product_brand?post=217844"},{"taxonomy":"product_cat","embeddable":true,"href":"https:\/\/www.moskito.cz\/es\/wp-json\/wp\/v2\/product_cat?post=217844"},{"taxonomy":"product_tag","embeddable":true,"href":"https:\/\/www.moskito.cz\/es\/wp-json\/wp\/v2\/product_tag?post=217844"}],"curies":[{"name":"wp","href":"https:\/\/api.w.org\/{rel}","templated":true}]}}