{"id":217855,"date":"2022-06-28T21:07:33","date_gmt":"2022-06-28T20:07:33","guid":{"rendered":"https:\/\/www.moskito.cz\/?post_type=product&#038;p=217855"},"modified":"2025-05-07T10:39:11","modified_gmt":"2025-05-07T09:39:11","slug":"zaviraci-nuz-zero-tolerance-0393glcf","status":"publish","type":"product","link":"https:\/\/www.moskito.cz\/es\/produkt\/zaviraci-nuz-zero-tolerance-0393glcf\/","title":{"rendered":"Zav\u00edrac\u00ed N\u016f\u017e Zero Tolerance 0393GLCF"},"content":{"rendered":"<p>Zav\u00edrac\u00ed N\u016f\u017e <strong>Zero Tolerance<\/strong> 0393GLCF<\/p>\n<p>0393 byl hit, kdy\u017e byl poprv\u00e9 p\u0159edstaven. Nyn\u00ed ZT nab\u00edz\u00ed skute\u010dn\u011b jedine\u010dnou verzi s \u201epracovn\u00edm\u201c povrchem Ricka Hinderera a p\u0159ekryvy rukojeti z uhl\u00edkov\u00fdch vl\u00e1ken, kter\u00e9 sv\u00edt\u00ed ve tm\u011b. 0393GLCF se vyzna\u010duje Rickov\u00fdm \u201espanto\u201c tvarem \u010depele pro maxim\u00e1ln\u00ed \u0159ezn\u00fd v\u00fdkon s robustn\u00ed \u0161pi\u010dkou pro propichov\u00e1n\u00ed. Dod\u00e1v\u00e1 se tak\u00e9 s oboustrannou kapesn\u00ed sponou a p\u0159ijme v\u00fdb\u011br vlastn\u00edho hardwaru Hinderer, tak\u017ee si jej m\u016f\u017eete skute\u010dn\u011b p\u0159izp\u016fsobit.<\/p>\n<p>Vyrobeno v USA<br \/>\nP\u0159ekryvn\u00e1 vrstva rukojeti z uhl\u00edkov\u00fdch vl\u00e1ken sv\u00edt\u00edc\u00ed ve tm\u011b; najd\u011bte sv\u016fj n\u016f\u017e snadno ve tm\u011b a za\u010dn\u011bte \u017eiv\u011b konverzovat<br \/>\nOcel CPM 20CV poskytuje vynikaj\u00edc\u00ed tvrdost \u010depele, odolnost proti korozi, hou\u017eevnatost, odolnost proti opot\u0159eben\u00ed, zachov\u00e1n\u00ed horn\u00ed hrany<br \/>\n\u201ePracovn\u00ed\u201c povrchov\u00e1 \u00faprava Rick Hinderer skryje je\u0161t\u011b tvrd\u0161\u00ed \u0161kr\u00e1bance ne\u017e kamenn\u00e1.<\/p>\n<p>Type Manual, Folder<br \/>\nUse Everyday, Work, Tactical<br \/>\nStyle Pocketknife<br \/>\nDesigner Rick Hinderer<br \/>\nBlade Style Drop Point<br \/>\nBlade Edge Plain<br \/>\nOpening Action Manual KVT ball bearings<br \/>\nOpens With Flipper<br \/>\nLock Type Titanium frame lock, hardened steel lockbar insert<br \/>\nPocketclip Reversible (right\/left, tip-up)<br \/>\nMade in USA Yes<br \/>\nHardware Steel pivot, screws, pocketclip<\/p>\n<pre id=\"tw-target-text\" class=\"tw-data-text tw-text-large tw-ta\" dir=\"ltr\" data-placeholder=\"P\u0159eklad\"><span class=\"Y2IQFc\" lang=\"cs\">\u010cepel ocel CPM 20CV\r\nD\u00e9lka \u010depele 3,5 palce (8,9 cm)\r\nHRC 60\u201362\r\nPovrchov\u00e1 \u00faprava \u010depele\/potah Pracovn\u00ed povrchov\u00e1 \u00faprava\r\nTlou\u0161\u0165ka \u010depele 0,156 palce (0,396 cm)\r\nD\u00e9lka v zav\u0159en\u00e9m stavu 4,75 palce (12,1 cm)\r\nMateri\u00e1l rukojeti Titan, ve tm\u011b sv\u00edt\u00edc\u00ed p\u0159ekryv z uhl\u00edkov\u00fdch vl\u00e1ken\r\nBarva rukojeti \u010dern\u00e1 a st\u0159\u00edbrn\u00e1\r\nPovrchov\u00e1 \u00faprava rukojeti\/potah Pracovn\u00ed povrchov\u00e1 \u00faprava\r\nTlou\u0161\u0165ka rukojeti 0,5475 palce (13,9 mm)\r\nCelkov\u00e1 d\u00e9lka 8,25 palce (20,9 cm)\r\nHmotnost 5 oz. (142 g)<\/span><\/pre>\n","protected":false},"excerpt":{"rendered":"<p>Budeme i nad\u00e1le stav\u011bt profesion\u00e1ln\u00ed no\u017ee pr\u00e9miov\u00e9 kvality, na kter\u00e9 se na\u0161i z\u00e1kazn\u00edci mohou ka\u017ed\u00fd den spolehnout!!<\/p>\n<p>To je\u00a0<strong>Zero Tolerance<\/strong>!!<\/p>\n<p><strong>Doprava zdarma.<\/strong><\/p>\n","protected":false},"featured_media":217856,"comment_status":"open","ping_status":"closed","template":"","meta":[],"pwb-brand":[717],"product_brand":[],"product_cat":[22,17],"product_tag":[],"class_list":{"0":"post-217855","1":"product","2":"type-product","3":"status-publish","4":"has-post-thumbnail","6":"pwb-brand-zero-tolerance","7":"product_cat-zaviraci-noze","8":"product_cat-noze","10":"first","11":"outofstock","12":"taxable","13":"shipping-taxable","14":"purchasable","15":"product-type-simple"},"brands":[{"id":717,"name":"Zero Tolerance","slug":"zero-tolerance"}],"_links":{"self":[{"href":"https:\/\/www.moskito.cz\/es\/wp-json\/wp\/v2\/product\/217855","targetHints":{"allow":["GET"]}}],"collection":[{"href":"https:\/\/www.moskito.cz\/es\/wp-json\/wp\/v2\/product"}],"about":[{"href":"https:\/\/www.moskito.cz\/es\/wp-json\/wp\/v2\/types\/product"}],"replies":[{"embeddable":true,"href":"https:\/\/www.moskito.cz\/es\/wp-json\/wp\/v2\/comments?post=217855"}],"wp:featuredmedia":[{"embeddable":true,"href":"https:\/\/www.moskito.cz\/es\/wp-json\/wp\/v2\/media\/217856"}],"wp:attachment":[{"href":"https:\/\/www.moskito.cz\/es\/wp-json\/wp\/v2\/media?parent=217855"}],"wp:term":[{"taxonomy":"pwb-brand","embeddable":true,"href":"https:\/\/www.moskito.cz\/es\/wp-json\/wp\/v2\/pwb-brand?post=217855"},{"taxonomy":"product_brand","embeddable":true,"href":"https:\/\/www.moskito.cz\/es\/wp-json\/wp\/v2\/product_brand?post=217855"},{"taxonomy":"product_cat","embeddable":true,"href":"https:\/\/www.moskito.cz\/es\/wp-json\/wp\/v2\/product_cat?post=217855"},{"taxonomy":"product_tag","embeddable":true,"href":"https:\/\/www.moskito.cz\/es\/wp-json\/wp\/v2\/product_tag?post=217855"}],"curies":[{"name":"wp","href":"https:\/\/api.w.org\/{rel}","templated":true}]}}