{"id":217922,"date":"2022-06-29T10:30:57","date_gmt":"2022-06-29T09:30:57","guid":{"rendered":"https:\/\/www.moskito.cz\/?post_type=product&#038;p=217922"},"modified":"2025-06-16T09:25:30","modified_gmt":"2025-06-16T08:25:30","slug":"zaviraci-nuz-magnum-boker-dia-de-los-muertos","status":"publish","type":"product","link":"https:\/\/www.moskito.cz\/es\/produkt\/zaviraci-nuz-magnum-boker-dia-de-los-muertos\/","title":{"rendered":"Zav\u00edrac\u00ed N\u016f\u017e Magnum B\u00f6ker Dia de los Muertos"},"content":{"rendered":"<p>Zav\u00edrac\u00ed N\u016f\u017e Magnum B\u00f6ker Dia de los Muertos.<\/p>\n<p>Magnum Dia de los Muertos je origin\u00e1ln\u00ed kapesn\u00ed n\u016f\u017e s velk\u00fdm po\u010dtem lebek. Sv\u016fj n\u00e1zev m\u00e1 podle Dne mrtv\u00fdch, jednoho z nejv\u00fdznamn\u011bj\u0161\u00edch mexick\u00fdch sv\u00e1tk\u016f. Zam\u011b\u0159uje se na setk\u00e1n\u00ed rodiny a p\u0159\u00e1tel, aby se modlili a pamatovali na p\u0159\u00e1tele a \u010dleny rodiny, kte\u0159\u00ed zem\u0159eli. Tvarovan\u00e1 rukoje\u0165 dod\u00e1v\u00e1 lebk\u00e1m neuv\u011b\u0159iteln\u011b strukturovan\u00fd vzhled. \u010cepel 440A je tak\u00e9 ozdobena velk\u00fdm mno\u017estv\u00edm lebek a kost\u00ed a lze ji snadno otev\u0159\u00edt pomoc\u00ed ploutve s pru\u017einou. Obsahuje Linerlock a klip.<\/p>\n<p>Typ: Kapesn\u00ed n\u016f\u017e<br \/>\nCelkov\u00e1 d\u00e9lka: 20,00 cm<br \/>\nD\u00e9lka \u010depele: 8,50 cm<br \/>\nTlou\u0161\u0165ka \u010depele: 2,80 mm<br \/>\nHmotnost: 152,00 g<br \/>\nMateri\u00e1l \u010depele: 440A<br \/>\nOtev\u00edrac\u00ed: Spring Assisted<br \/>\nTyp z\u00e1mku: Linerlock<br \/>\nBarva: \u0160ed\u00e1<br \/>\nBarva \u010depele: \u0160ed\u00e1<br \/>\n\u010c\u00edslo polo\u017eky: 01SC519<\/p>\n","protected":false},"excerpt":{"rendered":"<p><strong>Magnum Dia de los Muertos<\/strong> je origin\u00e1ln\u00ed kapesn\u00ed n\u016f\u017e s velk\u00fdm po\u010dtem lebek.<\/p>\n","protected":false},"featured_media":217923,"comment_status":"open","ping_status":"closed","template":"","meta":[],"pwb-brand":[140],"product_brand":[],"product_cat":[22,17],"product_tag":[3667],"class_list":{"0":"post-217922","1":"product","2":"type-product","3":"status-publish","4":"has-post-thumbnail","6":"pwb-brand-boker","7":"product_cat-zaviraci-noze","8":"product_cat-noze","9":"product_tag-b2b","11":"first","12":"outofstock","13":"taxable","14":"shipping-taxable","15":"purchasable","16":"product-type-simple"},"brands":[{"id":140,"name":"Boker","slug":"boker"}],"_links":{"self":[{"href":"https:\/\/www.moskito.cz\/es\/wp-json\/wp\/v2\/product\/217922","targetHints":{"allow":["GET"]}}],"collection":[{"href":"https:\/\/www.moskito.cz\/es\/wp-json\/wp\/v2\/product"}],"about":[{"href":"https:\/\/www.moskito.cz\/es\/wp-json\/wp\/v2\/types\/product"}],"replies":[{"embeddable":true,"href":"https:\/\/www.moskito.cz\/es\/wp-json\/wp\/v2\/comments?post=217922"}],"wp:featuredmedia":[{"embeddable":true,"href":"https:\/\/www.moskito.cz\/es\/wp-json\/wp\/v2\/media\/217923"}],"wp:attachment":[{"href":"https:\/\/www.moskito.cz\/es\/wp-json\/wp\/v2\/media?parent=217922"}],"wp:term":[{"taxonomy":"pwb-brand","embeddable":true,"href":"https:\/\/www.moskito.cz\/es\/wp-json\/wp\/v2\/pwb-brand?post=217922"},{"taxonomy":"product_brand","embeddable":true,"href":"https:\/\/www.moskito.cz\/es\/wp-json\/wp\/v2\/product_brand?post=217922"},{"taxonomy":"product_cat","embeddable":true,"href":"https:\/\/www.moskito.cz\/es\/wp-json\/wp\/v2\/product_cat?post=217922"},{"taxonomy":"product_tag","embeddable":true,"href":"https:\/\/www.moskito.cz\/es\/wp-json\/wp\/v2\/product_tag?post=217922"}],"curies":[{"name":"wp","href":"https:\/\/api.w.org\/{rel}","templated":true}]}}