{"id":217939,"date":"2022-06-29T11:07:55","date_gmt":"2022-06-29T10:07:55","guid":{"rendered":"https:\/\/www.moskito.cz\/?post_type=product&#038;p=217939"},"modified":"2025-05-07T10:39:14","modified_gmt":"2025-05-07T09:39:14","slug":"zaviraci-nuz-motylek-magnum-boker-balisong-trainer-2nd-gen","status":"publish","type":"product","link":"https:\/\/www.moskito.cz\/es\/produkt\/zaviraci-nuz-motylek-magnum-boker-balisong-trainer-2nd-gen\/","title":{"rendered":"Zav\u00edrac\u00ed N\u016f\u017e Mot\u00fdlek Magnum B\u00f6ker Balisong Trainer 2nd Gen"},"content":{"rendered":"<p>Zav\u00edrac\u00ed N\u016f\u017e Mot\u00fdlek <strong>Magnum B\u00f6ker<\/strong> Balisong Trainer 2nd Gen<\/p>\n<p>P\u0159epracovan\u00e1 verze tr\u00e9ninkov\u00e9ho n\u00e1stroje pro v\u0161echny nad\u0161ence a p\u0159\u00edznivce tohoto typu no\u017ee, kter\u00fd slou\u017e\u00ed k leg\u00e1ln\u00edmu u\u010den\u00ed a zdokonalov\u00e1n\u00ed no\u017e\u016f. \u010cepel z nerezov\u00e9 oceli nen\u00ed kalen\u00e1 a zcela tup\u00e1 a je s ob\u011bma segmenty rukojeti spojena utr\u017een\u00fdmi \u0161rouby, kter\u00e9 lze po del\u0161\u00edm tr\u00e9ninku tak\u00e9 snadno dot\u00e1hnout. Klasick\u00e1 T-ty\u010d je tak\u00e9 \u0161roubovac\u00ed. Perforovan\u00e1 rukoje\u0165 z nerezov\u00e9 oceli zaji\u0161\u0165uje bezpe\u010dnou manipulaci.<\/p>\n<p>Typ: Tr\u00e9ninkov\u00fd n\u016f\u017e<br \/>\nCelkov\u00e1 d\u00e9lka: 22,00 cm<br \/>\nD\u00e9lka \u010depele: 10,00 cm<br \/>\nTlou\u0161\u0165ka \u010depele: 2,20 mm<br \/>\nHmotnost: 140,00 g<br \/>\nMateri\u00e1l \u010depele: Nerezov\u00e1 ocel<br \/>\nMateri\u00e1l rukojeti: Nerezov\u00e1 ocel<br \/>\nOtev\u00edrac\u00ed: Manu\u00e1l<br \/>\nBarva: \u0160ed\u00e1<br \/>\nBarva \u010depele: \u0160ed\u00e1<\/p>\n<p>&nbsp;<\/p>\n<p>&nbsp;<\/p>\n","protected":false},"excerpt":{"rendered":"<p><strong>P\u0159epracovan\u00e1 verze tr\u00e9ninkov\u00e9ho n\u00e1stroje pro v\u0161echny nad\u0161ence a p\u0159\u00edznivce tohoto typu no\u017ee, kter\u00fd slou\u017e\u00ed k leg\u00e1ln\u00edmu u\u010den\u00ed a zdokonalov\u00e1n\u00ed no\u017e\u016f.<\/strong><\/p>\n","protected":false},"featured_media":217940,"comment_status":"open","ping_status":"closed","template":"","meta":[],"pwb-brand":[140],"product_brand":[],"product_cat":[2030,17],"product_tag":[3667],"class_list":{"0":"post-217939","1":"product","2":"type-product","3":"status-publish","4":"has-post-thumbnail","6":"pwb-brand-boker","7":"product_cat-motylky","8":"product_cat-noze","9":"product_tag-b2b","11":"first","12":"outofstock","13":"taxable","14":"shipping-taxable","15":"purchasable","16":"product-type-simple"},"brands":[{"id":140,"name":"Boker","slug":"boker"}],"_links":{"self":[{"href":"https:\/\/www.moskito.cz\/es\/wp-json\/wp\/v2\/product\/217939","targetHints":{"allow":["GET"]}}],"collection":[{"href":"https:\/\/www.moskito.cz\/es\/wp-json\/wp\/v2\/product"}],"about":[{"href":"https:\/\/www.moskito.cz\/es\/wp-json\/wp\/v2\/types\/product"}],"replies":[{"embeddable":true,"href":"https:\/\/www.moskito.cz\/es\/wp-json\/wp\/v2\/comments?post=217939"}],"wp:featuredmedia":[{"embeddable":true,"href":"https:\/\/www.moskito.cz\/es\/wp-json\/wp\/v2\/media\/217940"}],"wp:attachment":[{"href":"https:\/\/www.moskito.cz\/es\/wp-json\/wp\/v2\/media?parent=217939"}],"wp:term":[{"taxonomy":"pwb-brand","embeddable":true,"href":"https:\/\/www.moskito.cz\/es\/wp-json\/wp\/v2\/pwb-brand?post=217939"},{"taxonomy":"product_brand","embeddable":true,"href":"https:\/\/www.moskito.cz\/es\/wp-json\/wp\/v2\/product_brand?post=217939"},{"taxonomy":"product_cat","embeddable":true,"href":"https:\/\/www.moskito.cz\/es\/wp-json\/wp\/v2\/product_cat?post=217939"},{"taxonomy":"product_tag","embeddable":true,"href":"https:\/\/www.moskito.cz\/es\/wp-json\/wp\/v2\/product_tag?post=217939"}],"curies":[{"name":"wp","href":"https:\/\/api.w.org\/{rel}","templated":true}]}}