{"id":218059,"date":"2022-06-29T21:36:59","date_gmt":"2022-06-29T20:36:59","guid":{"rendered":"https:\/\/www.moskito.cz\/?post_type=product&#038;p=218059"},"modified":"2025-05-07T10:39:19","modified_gmt":"2025-05-07T09:39:19","slug":"zaviraci-nuz-magnum-boker-medic","status":"publish","type":"product","link":"https:\/\/www.moskito.cz\/es\/produkt\/zaviraci-nuz-magnum-boker-medic\/","title":{"rendered":"Zav\u00edrac\u00ed N\u016f\u017e Magnum B\u00f6ker Medic"},"content":{"rendered":"<p>Zav\u00edrac\u00ed N\u016f\u017e <strong>Magnum B\u00f6ker<\/strong> Medic<\/p>\n<p>Tato velmi \u00fasp\u011b\u0161n\u00e1 \u0159ada z\u00e1chran\u00e1\u0159sk\u00fdch no\u017e\u016f Magnum je v\u011bnov\u00e1na zn\u00e1m\u00fdm z\u00e1chran\u00e1\u0159sk\u00fdm a speci\u00e1ln\u00edm jednotk\u00e1m a nab\u00edz\u00ed n\u00e1sleduj\u00edc\u00ed funkce: hrot na rozb\u00edjen\u00ed skla, \u0159ezac\u00ed h\u00e1k na bezpe\u010dnostn\u00ed p\u00e1sy, klip na uchycen\u00ed a vysoce v\u00fdkonnou a odolnou \u010depel z nerezov\u00e9 oceli 440. Z\u00e1chran\u00e1\u0159sk\u00e9 no\u017ee Magnum jsou pln\u011b funk\u010dn\u00ed a p\u0159ipraveny k pou\u017eit\u00ed, av\u0161ak nejsou ur\u010deny pro ka\u017edodenn\u00ed n\u00e1ro\u010dn\u00e9 pou\u017eit\u00ed profesion\u00e1ln\u00edch z\u00e1chran\u00e1\u0159\u016f. Pro profesion\u00e1ln\u00ed u\u017eivatele doporu\u010dujeme modely B\u00f6ker Plus Savior.<\/p>\n<p>Popis produktu<br \/>\ncelkov\u00e1 d\u00e9lka: 20,5 cm<br \/>\nd\u00e9lka \u010depele: 8,5 mm<br \/>\nhmotnost: 123 g<br \/>\nmateri\u00e1l \u010depele: 440A<br \/>\nmateri\u00e1l rukojeti: hlin\u00edk<br \/>\ntyp pojistky: Linerlock<\/p>\n","protected":false},"excerpt":{"rendered":"<p><strong>Tato velmi \u00fasp\u011b\u0161n\u00e1 \u0159ada z\u00e1chran\u00e1\u0159sk\u00fdch no\u017e\u016f Magnum je v\u011bnov\u00e1na zn\u00e1m\u00fdm z\u00e1chran\u00e1\u0159sk\u00fdm a speci\u00e1ln\u00edm jednotk\u00e1m.<\/strong><\/p>\n","protected":false},"featured_media":218060,"comment_status":"open","ping_status":"closed","template":"","meta":[],"pwb-brand":[140],"product_brand":[],"product_cat":[22,17],"product_tag":[3667],"class_list":{"0":"post-218059","1":"product","2":"type-product","3":"status-publish","4":"has-post-thumbnail","6":"pwb-brand-boker","7":"product_cat-zaviraci-noze","8":"product_cat-noze","9":"product_tag-b2b","11":"first","12":"instock","13":"taxable","14":"shipping-taxable","15":"purchasable","16":"product-type-simple"},"brands":[{"id":140,"name":"Boker","slug":"boker"}],"_links":{"self":[{"href":"https:\/\/www.moskito.cz\/es\/wp-json\/wp\/v2\/product\/218059","targetHints":{"allow":["GET"]}}],"collection":[{"href":"https:\/\/www.moskito.cz\/es\/wp-json\/wp\/v2\/product"}],"about":[{"href":"https:\/\/www.moskito.cz\/es\/wp-json\/wp\/v2\/types\/product"}],"replies":[{"embeddable":true,"href":"https:\/\/www.moskito.cz\/es\/wp-json\/wp\/v2\/comments?post=218059"}],"wp:featuredmedia":[{"embeddable":true,"href":"https:\/\/www.moskito.cz\/es\/wp-json\/wp\/v2\/media\/218060"}],"wp:attachment":[{"href":"https:\/\/www.moskito.cz\/es\/wp-json\/wp\/v2\/media?parent=218059"}],"wp:term":[{"taxonomy":"pwb-brand","embeddable":true,"href":"https:\/\/www.moskito.cz\/es\/wp-json\/wp\/v2\/pwb-brand?post=218059"},{"taxonomy":"product_brand","embeddable":true,"href":"https:\/\/www.moskito.cz\/es\/wp-json\/wp\/v2\/product_brand?post=218059"},{"taxonomy":"product_cat","embeddable":true,"href":"https:\/\/www.moskito.cz\/es\/wp-json\/wp\/v2\/product_cat?post=218059"},{"taxonomy":"product_tag","embeddable":true,"href":"https:\/\/www.moskito.cz\/es\/wp-json\/wp\/v2\/product_tag?post=218059"}],"curies":[{"name":"wp","href":"https:\/\/api.w.org\/{rel}","templated":true}]}}