{"id":218207,"date":"2022-07-05T13:02:12","date_gmt":"2022-07-05T12:02:12","guid":{"rendered":"https:\/\/www.moskito.cz\/?post_type=product&#038;p=218207"},"modified":"2026-03-24T10:27:26","modified_gmt":"2026-03-24T09:27:26","slug":"zaviraci-nuz-extrema-ratio-resolza-8-black","status":"publish","type":"product","link":"https:\/\/www.moskito.cz\/es\/produkt\/zaviraci-nuz-extrema-ratio-resolza-8-black\/","title":{"rendered":"Zav\u00edrac\u00ed N\u016f\u017e Extrema Ratio RESOLZA 8 Black"},"content":{"rendered":"<p>Zav\u00edrac\u00ed N\u016f\u017e <strong>Extrema Ratio<\/strong> RESOLZA 8 Black.<\/p>\n<p><strong>RESOLZA<\/strong>, term\u00edn starov\u011bk\u00e9ho p\u016fvodu, je dnes jedn\u00edm z nejzn\u00e1m\u011bj\u0161\u00edch tradi\u010dn\u00edch no\u017e\u016f na\u0161\u00ed zem\u011b. Nen\u00ed n\u00e1hodou, \u017ee n\u00e1zev napov\u00edd\u00e1 nebo \u017eiletce. Zrodilo se p\u0159ed stalet\u00edmi na Sardinii a dodnes doprov\u00e1z\u00ed sv\u00e9 obyvatele v ka\u017edodenn\u00ed pr\u00e1ci roln\u00edka a past\u00fd\u0159e a n\u00e1sleduje je, i kdy\u017e byli jeho mu\u017ei povol\u00e1ni do v\u00e1lky. Kroniky brig\u00e1dy Sassari za prvn\u00ed sv\u011btov\u00e9 v\u00e1lky zmi\u0148uj\u00ed tento n\u016f\u017e mezi vybaven\u00edm jejich voj\u00e1k\u016f. Cht\u011bli jsme mu vzd\u00e1vat hold t\u00edm, \u017ee ji znovu nav\u0161t\u00edv\u00edme podle na\u0161ich k\u00e1non\u016f, ani\u017e bychom cht\u011bli ud\u011blat n\u011bco \u0161patn\u00e9ho na n\u011bkter\u00fdch z presti\u017en\u00edch sardinsk\u00fdch aritigianedj\u0159id\u00edv Rozm\u011bry a n\u00e1vrh jsou p\u016fvodn\u00ed, ale materi\u00e1ly a technologie jsou na\u0161e v\u00fdroby; rukoje\u0165 revidovan\u00e1 v na\u0161em stylu, \u010depel nejv\u011brn\u011bj\u0161\u00ed tradice. Krom\u011b origin\u00e1lu m\u00e1 u otvoru z\u00e1mku \u010depele. RESOLZA S je zmen\u0161en\u00e1 verze modelu RESOLZA. Dostupn\u00e9 ve verz\u00edch RESOLZA S BLACK, RESOLZA S STONE WASHED.<\/p>\n<p>V\u00c1HA G: 36<br \/>\nHMOTNOST OZ: 1,26<br \/>\nD\u00c9LKA \u010cEPELE (MM): 79<br \/>\nD\u00c9LKA \u010cEPELE (IN): 3.11<br \/>\nCELKOV\u00c1 D\u00c9LKA (MM): 173<br \/>\nCELKOV\u00c1 D\u00c9LKA (V): 6,81<br \/>\nTLOU\u0160\u0164KA \u010cEPELE (MM): 3<br \/>\nTLOU\u0160\u0164KA \u010cEPELE (IN): 0,12<br \/>\nMATERI\u00c1L \u010cEPELE: B\u00d6HLER N690 STEEL (58HRC)<br \/>\nPOVRCHOV\u00c1 \u00daPRAVA NO\u017dE: MIL-C-13924 BURNISH<br \/>\n\u0160IPKA \u010cEPELE: PLOCH\u00dd DR\u00c1T<br \/>\nMATERI\u00c1L RUKOJETI: ELOXOVAN\u00dd ANTIKOROD\u00c1LN\u00cd HLIN\u00cdK<\/p>\n<p>&nbsp;<\/p>\n","protected":false},"excerpt":{"rendered":"<p>Spole\u010dnost\u00a0<strong>Extrema Ratio<\/strong>\u00a0se s\u00eddlem v italsk\u00e9m Pratu navrhuje a vyr\u00e1b\u00ed vysoce v\u00fdkonn\u00e9 bojov\u00e9, vojensk\u00e9, kuchy\u0148sk\u00e9, loveck\u00e9 a taktick\u00e9 no\u017ee od roku 1997 a m\u00e1 pov\u011bst vynikaj\u00edc\u00ed kvality, kter\u00e1 je v oboru vojensk\u00fdch a taktick\u00fdch no\u017e\u016f nep\u0159ekonateln\u00e1.\u00a0<strong>Doprava zdarma.<\/strong><\/p>\n","protected":false},"featured_media":218208,"comment_status":"open","ping_status":"closed","template":"","meta":[],"pwb-brand":[267],"product_brand":[],"product_cat":[22,17],"product_tag":[3667],"class_list":{"0":"post-218207","1":"product","2":"type-product","3":"status-publish","4":"has-post-thumbnail","6":"pwb-brand-extrema-ratio","7":"product_cat-zaviraci-noze","8":"product_cat-noze","9":"product_tag-b2b","11":"first","12":"outofstock","13":"taxable","14":"shipping-taxable","15":"purchasable","16":"product-type-simple"},"brands":[{"id":267,"name":"Extrema Ratio","slug":"extrema-ratio"}],"_links":{"self":[{"href":"https:\/\/www.moskito.cz\/es\/wp-json\/wp\/v2\/product\/218207","targetHints":{"allow":["GET"]}}],"collection":[{"href":"https:\/\/www.moskito.cz\/es\/wp-json\/wp\/v2\/product"}],"about":[{"href":"https:\/\/www.moskito.cz\/es\/wp-json\/wp\/v2\/types\/product"}],"replies":[{"embeddable":true,"href":"https:\/\/www.moskito.cz\/es\/wp-json\/wp\/v2\/comments?post=218207"}],"wp:featuredmedia":[{"embeddable":true,"href":"https:\/\/www.moskito.cz\/es\/wp-json\/wp\/v2\/media\/218208"}],"wp:attachment":[{"href":"https:\/\/www.moskito.cz\/es\/wp-json\/wp\/v2\/media?parent=218207"}],"wp:term":[{"taxonomy":"pwb-brand","embeddable":true,"href":"https:\/\/www.moskito.cz\/es\/wp-json\/wp\/v2\/pwb-brand?post=218207"},{"taxonomy":"product_brand","embeddable":true,"href":"https:\/\/www.moskito.cz\/es\/wp-json\/wp\/v2\/product_brand?post=218207"},{"taxonomy":"product_cat","embeddable":true,"href":"https:\/\/www.moskito.cz\/es\/wp-json\/wp\/v2\/product_cat?post=218207"},{"taxonomy":"product_tag","embeddable":true,"href":"https:\/\/www.moskito.cz\/es\/wp-json\/wp\/v2\/product_tag?post=218207"}],"curies":[{"name":"wp","href":"https:\/\/api.w.org\/{rel}","templated":true}]}}