{"id":218294,"date":"2022-07-05T22:19:55","date_gmt":"2022-07-05T21:19:55","guid":{"rendered":"https:\/\/www.moskito.cz\/?post_type=product&#038;p=218294"},"modified":"2025-05-07T10:39:21","modified_gmt":"2025-05-07T09:39:21","slug":"zaviraci-nuz-extrema-ratio-panthera-satin","status":"publish","type":"product","link":"https:\/\/www.moskito.cz\/es\/produkt\/zaviraci-nuz-extrema-ratio-panthera-satin\/","title":{"rendered":"Zav\u00edrac\u00ed N\u016f\u017e Extrema Ratio PANTHERA SATIN"},"content":{"rendered":"<p>Zav\u00edrac\u00ed N\u016f\u017e <strong>Extrema Ratio<\/strong> PANTHERA SATIN<\/p>\n<p>Tv\u016fj zatahovac\u00ed dr\u00e1p.<\/p>\n<p>Hlin\u00edkov\u00e1 rukoje\u0165. Vysokorychlostn\u00ed syst\u00e9m otev\u00edr\u00e1n\u00ed b\u0159itvy.<\/p>\n<p>Taktick\u00fd zav\u00edrac\u00ed n\u016f\u017e Extrema Ratio Panther SATIN m\u00e1 \u010depel s hladkou hranou z oceli BOHLER N690 se sat\u00e9novou povrchovou \u00fapravou, otev\u00edr\u00e1 se manu\u00e1ln\u011b a zaji\u0161\u0165uje ji Linerlock. Rukoje\u0165 je z eloxovan\u00e9ho hlin\u00edku \u010dern\u00e9 barvy, s rozb\u00edje\u010d skla.<\/p>\n<p>Dostupn\u00e9 v \u010dern\u00e9 a sat\u00e9nov\u00e9 verzi.<\/p>\n","protected":false},"excerpt":{"rendered":"<p>Spole\u010dnost\u00a0<strong>Extrema Ratio<\/strong>\u00a0se s\u00eddlem v italsk\u00e9m Pratu navrhuje a vyr\u00e1b\u00ed vysoce v\u00fdkonn\u00e9 bojov\u00e9, vojensk\u00e9, kuchy\u0148sk\u00e9, loveck\u00e9 a taktick\u00e9 no\u017ee od roku 1997 a m\u00e1 pov\u011bst vynikaj\u00edc\u00ed kvality, kter\u00e1 je v oboru vojensk\u00fdch a taktick\u00fdch no\u017e\u016f nep\u0159ekonateln\u00e1.\u00a0<strong>Doprava zdarma.<\/strong><\/p>\n","protected":false},"featured_media":218295,"comment_status":"open","ping_status":"closed","template":"","meta":[],"pwb-brand":[267],"product_brand":[],"product_cat":[22,17],"product_tag":[3667],"class_list":{"0":"post-218294","1":"product","2":"type-product","3":"status-publish","4":"has-post-thumbnail","6":"pwb-brand-extrema-ratio","7":"product_cat-zaviraci-noze","8":"product_cat-noze","9":"product_tag-b2b","11":"first","12":"instock","13":"taxable","14":"shipping-taxable","15":"purchasable","16":"product-type-simple"},"brands":[{"id":267,"name":"Extrema Ratio","slug":"extrema-ratio"}],"_links":{"self":[{"href":"https:\/\/www.moskito.cz\/es\/wp-json\/wp\/v2\/product\/218294","targetHints":{"allow":["GET"]}}],"collection":[{"href":"https:\/\/www.moskito.cz\/es\/wp-json\/wp\/v2\/product"}],"about":[{"href":"https:\/\/www.moskito.cz\/es\/wp-json\/wp\/v2\/types\/product"}],"replies":[{"embeddable":true,"href":"https:\/\/www.moskito.cz\/es\/wp-json\/wp\/v2\/comments?post=218294"}],"wp:featuredmedia":[{"embeddable":true,"href":"https:\/\/www.moskito.cz\/es\/wp-json\/wp\/v2\/media\/218295"}],"wp:attachment":[{"href":"https:\/\/www.moskito.cz\/es\/wp-json\/wp\/v2\/media?parent=218294"}],"wp:term":[{"taxonomy":"pwb-brand","embeddable":true,"href":"https:\/\/www.moskito.cz\/es\/wp-json\/wp\/v2\/pwb-brand?post=218294"},{"taxonomy":"product_brand","embeddable":true,"href":"https:\/\/www.moskito.cz\/es\/wp-json\/wp\/v2\/product_brand?post=218294"},{"taxonomy":"product_cat","embeddable":true,"href":"https:\/\/www.moskito.cz\/es\/wp-json\/wp\/v2\/product_cat?post=218294"},{"taxonomy":"product_tag","embeddable":true,"href":"https:\/\/www.moskito.cz\/es\/wp-json\/wp\/v2\/product_tag?post=218294"}],"curies":[{"name":"wp","href":"https:\/\/api.w.org\/{rel}","templated":true}]}}