{"id":218994,"date":"2022-07-09T07:42:40","date_gmt":"2022-07-09T06:42:40","guid":{"rendered":"https:\/\/www.moskito.cz\/?post_type=product&#038;p=218994"},"modified":"2025-05-07T10:39:35","modified_gmt":"2025-05-07T09:39:35","slug":"zaviraci-nuz-extrema-ratio-mf2-desert-warfare","status":"publish","type":"product","link":"https:\/\/www.moskito.cz\/es\/produkt\/zaviraci-nuz-extrema-ratio-mf2-desert-warfare\/","title":{"rendered":"Zav\u00edrac\u00ed N\u016f\u017e Extrema Ratio MF2 DESERT WARFARE"},"content":{"rendered":"<p>Zav\u00edrac\u00ed N\u016f\u017e <strong>Extrema Ratio<\/strong> MF2 DESERT WARFARE<\/p>\n<p>Model MF2 je vybaven dv\u011bma ochrann\u00fdmi kryty, d\u00edky nim\u017e je rukoje\u0165 extr\u00e9mn\u011b stabiln\u00ed a zabra\u0148uje jak\u00e9mukoli sklouznut\u00ed ruky u\u017eivatele na \u010depel. Ochrann\u00fd kryt namontovan\u00fd na \u010depeli umo\u017e\u0148uje rychl\u00e9 otev\u0159en\u00ed ukazov\u00e1\u010dkem. MF2 ORDINANZA COL MOSCHIN je verze vydan\u00e1 9. v\u00fdsadkov\u00e9mu \u00fato\u010dn\u00e9mu pluku \u201eCol Moschin\u201c: zdoben\u00e1 logy pluku a je dod\u00e1v\u00e1na v grav\u00edrovan\u00e9m ABS pouzdru. Dostupn\u00e9 verze: MF2 BLACK, MF2 BLACK ROUGH, MF2 DESERT WARFARE, MF2 ORDINANZA COL MOSCHIN.<\/p>\n<p>V\u00c1HA G: 194<br \/>\nHMOTNOST OZ.: 6,8<br \/>\nD\u00c9LKA \u010cEPELE (MM): 113<br \/>\nD\u00c9LKA \u010cEPELE (IN): 4,4<br \/>\nCELKOV\u00c1 D\u00c9LKA (MM): 265<br \/>\nCELKOV\u00c1 D\u00c9LKA (IN): 10,4<br \/>\nTLOU\u0160\u0164KA \u010cEPELE (MM): 4<br \/>\nTLOU\u0160\u0164KA \u010cEPELE (IN): 0,16<br \/>\nMATERI\u00c1L \u010cEPELE: B\u00d6HLER N690 STEEL (58HRC)<br \/>\nPOVRCHOV\u00c1 \u00daPRAVA \u010cEPEL\u00cd: POU\u0160TN\u00cd V\u00c1LKA<br \/>\nHLAVN\u00cd M\u0158\u00cd\u017dKA: PLOCH\u00c1<br \/>\nMATERI\u00c1L RUKOJETI: ANTIKOROD\u00c1LN\u00cd ELOXOVAN\u00dd HLIN\u00cdK<\/p>\n","protected":false},"excerpt":{"rendered":"<p>Spole\u010dnost\u00a0<strong>Extrema Ratio<\/strong>\u00a0se s\u00eddlem v italsk\u00e9m Pratu navrhuje a vyr\u00e1b\u00ed vysoce v\u00fdkonn\u00e9 bojov\u00e9, vojensk\u00e9, kuchy\u0148sk\u00e9, loveck\u00e9 a taktick\u00e9 no\u017ee od roku 1997 a m\u00e1 pov\u011bst vynikaj\u00edc\u00ed kvality, kter\u00e1 je v oboru vojensk\u00fdch a taktick\u00fdch no\u017e\u016f nep\u0159ekonateln\u00e1.\u00a0<strong>Doprava zdarma<\/strong>.<\/p>\n","protected":false},"featured_media":218995,"comment_status":"open","ping_status":"closed","template":"","meta":[],"pwb-brand":[267],"product_brand":[],"product_cat":[22,17],"product_tag":[3667],"class_list":{"0":"post-218994","1":"product","2":"type-product","3":"status-publish","4":"has-post-thumbnail","6":"pwb-brand-extrema-ratio","7":"product_cat-zaviraci-noze","8":"product_cat-noze","9":"product_tag-b2b","11":"first","12":"instock","13":"taxable","14":"shipping-taxable","15":"purchasable","16":"product-type-simple"},"brands":[{"id":267,"name":"Extrema Ratio","slug":"extrema-ratio"}],"_links":{"self":[{"href":"https:\/\/www.moskito.cz\/es\/wp-json\/wp\/v2\/product\/218994","targetHints":{"allow":["GET"]}}],"collection":[{"href":"https:\/\/www.moskito.cz\/es\/wp-json\/wp\/v2\/product"}],"about":[{"href":"https:\/\/www.moskito.cz\/es\/wp-json\/wp\/v2\/types\/product"}],"replies":[{"embeddable":true,"href":"https:\/\/www.moskito.cz\/es\/wp-json\/wp\/v2\/comments?post=218994"}],"wp:featuredmedia":[{"embeddable":true,"href":"https:\/\/www.moskito.cz\/es\/wp-json\/wp\/v2\/media\/218995"}],"wp:attachment":[{"href":"https:\/\/www.moskito.cz\/es\/wp-json\/wp\/v2\/media?parent=218994"}],"wp:term":[{"taxonomy":"pwb-brand","embeddable":true,"href":"https:\/\/www.moskito.cz\/es\/wp-json\/wp\/v2\/pwb-brand?post=218994"},{"taxonomy":"product_brand","embeddable":true,"href":"https:\/\/www.moskito.cz\/es\/wp-json\/wp\/v2\/product_brand?post=218994"},{"taxonomy":"product_cat","embeddable":true,"href":"https:\/\/www.moskito.cz\/es\/wp-json\/wp\/v2\/product_cat?post=218994"},{"taxonomy":"product_tag","embeddable":true,"href":"https:\/\/www.moskito.cz\/es\/wp-json\/wp\/v2\/product_tag?post=218994"}],"curies":[{"name":"wp","href":"https:\/\/api.w.org\/{rel}","templated":true}]}}