{"id":219719,"date":"2022-07-13T20:14:44","date_gmt":"2022-07-13T19:14:44","guid":{"rendered":"https:\/\/www.moskito.cz\/?post_type=product&#038;p=219719"},"modified":"2025-05-07T10:39:52","modified_gmt":"2025-05-07T09:39:52","slug":"zaviraci-nuz-extrema-ratio-bfo-r-cd-desert-folder","status":"publish","type":"product","link":"https:\/\/www.moskito.cz\/es\/produkt\/zaviraci-nuz-extrema-ratio-bfo-r-cd-desert-folder\/","title":{"rendered":"Zav\u00edrac\u00ed N\u016f\u017e Extrema Ratio BF\u00d8 R CD Desert Folder"},"content":{"rendered":"<p>Zav\u00edrac\u00ed N\u016f\u017e <strong>Extrema Ratio<\/strong> BF\u00d8 R CD Desert Folder<\/p>\n<p>Extrema Ratio s hrdost\u00ed p\u0159edstavuje novou z\u00e1kladn\u00ed slo\u017eku BF0 R CD. Jedn\u00e1 se o mal\u00e9 z\u00e1kladn\u00ed slo\u017eky. Rukoje\u0165 vyroben\u00e1 z technopolymeru je lehk\u00e1 a odoln\u00e1, a to i d\u00edky ocelov\u00e9mu vnit\u0159n\u00edmu r\u00e1mu. BF0 R CD vyu\u017e\u00edv\u00e1 d\u016fv\u011bryhodn\u00fd syst\u00e9m blokov\u00e1n\u00ed \u010depel\u00ed LINER-LOCK. Udr\u017euje v\u0161echny vlastnosti BF0 vylep\u0161en\u00e9 d\u00edky nov\u00e9mu vysokorychlostn\u00edmu syst\u00e9mu otev\u00edr\u00e1n\u00ed b\u0159itvy. Dostupn\u00e9 verze: Black, Desert, HCS, Ranger Green, Wolf Grey.<\/p>\n<p>V\u00c1HA G.: 53<br \/>\nHMOTNOST OZ.: 1,86<br \/>\nD\u00c9LKA \u010cEPELE (MM): 55<br \/>\nD\u00c9LKA \u010cEPELE (IN): 2,16<br \/>\nCELKOV\u00c1 D\u00c9LKA (MM): 140<br \/>\nCELKOV\u00c1 D\u00c9LKA (V): 5,51<br \/>\nTLOU\u0160\u0164KA \u010cEPELE (MM): 2,5<br \/>\nTLOU\u0160\u0164KA \u010cEPELE (IN): 0,098<br \/>\nMATERI\u00c1L \u010cEPELE: B\u00d6HLER N690 STEEL (58HRC)<br \/>\nPOVRCHOV\u00c1 \u00daPRAVA \u010cEPELE: MYT\u00dd KAMENEM<br \/>\nHLAVN\u00cd M\u0158\u00cd\u017dKA: PLOCH\u00c1<br \/>\nMATERI\u00c1L RUKOJETI: NYLON<\/p>\n","protected":false},"excerpt":{"rendered":"<p>Spole\u010dnost\u00a0<strong>Extrema Ratio<\/strong>\u00a0se s\u00eddlem v italsk\u00e9m Pratu navrhuje a vyr\u00e1b\u00ed vysoce v\u00fdkonn\u00e9 bojov\u00e9, vojensk\u00e9, kuchy\u0148sk\u00e9, loveck\u00e9 a taktick\u00e9 no\u017ee od roku 1997 a m\u00e1 pov\u011bst vynikaj\u00edc\u00ed kvality, kter\u00e1 je v oboru vojensk\u00fdch a taktick\u00fdch no\u017e\u016f nep\u0159ekonateln\u00e1.<\/p>\n","protected":false},"featured_media":219723,"comment_status":"open","ping_status":"closed","template":"","meta":[],"pwb-brand":[267],"product_brand":[],"product_cat":[22,17],"product_tag":[3667],"class_list":{"0":"post-219719","1":"product","2":"type-product","3":"status-publish","4":"has-post-thumbnail","6":"pwb-brand-extrema-ratio","7":"product_cat-zaviraci-noze","8":"product_cat-noze","9":"product_tag-b2b","11":"first","12":"instock","13":"taxable","14":"shipping-taxable","15":"purchasable","16":"product-type-simple"},"brands":[{"id":267,"name":"Extrema Ratio","slug":"extrema-ratio"}],"_links":{"self":[{"href":"https:\/\/www.moskito.cz\/es\/wp-json\/wp\/v2\/product\/219719","targetHints":{"allow":["GET"]}}],"collection":[{"href":"https:\/\/www.moskito.cz\/es\/wp-json\/wp\/v2\/product"}],"about":[{"href":"https:\/\/www.moskito.cz\/es\/wp-json\/wp\/v2\/types\/product"}],"replies":[{"embeddable":true,"href":"https:\/\/www.moskito.cz\/es\/wp-json\/wp\/v2\/comments?post=219719"}],"wp:featuredmedia":[{"embeddable":true,"href":"https:\/\/www.moskito.cz\/es\/wp-json\/wp\/v2\/media\/219723"}],"wp:attachment":[{"href":"https:\/\/www.moskito.cz\/es\/wp-json\/wp\/v2\/media?parent=219719"}],"wp:term":[{"taxonomy":"pwb-brand","embeddable":true,"href":"https:\/\/www.moskito.cz\/es\/wp-json\/wp\/v2\/pwb-brand?post=219719"},{"taxonomy":"product_brand","embeddable":true,"href":"https:\/\/www.moskito.cz\/es\/wp-json\/wp\/v2\/product_brand?post=219719"},{"taxonomy":"product_cat","embeddable":true,"href":"https:\/\/www.moskito.cz\/es\/wp-json\/wp\/v2\/product_cat?post=219719"},{"taxonomy":"product_tag","embeddable":true,"href":"https:\/\/www.moskito.cz\/es\/wp-json\/wp\/v2\/product_tag?post=219719"}],"curies":[{"name":"wp","href":"https:\/\/api.w.org\/{rel}","templated":true}]}}