{"id":220764,"date":"2022-08-16T21:44:59","date_gmt":"2022-08-16T20:44:59","guid":{"rendered":"https:\/\/www.moskito.cz\/?post_type=product&#038;p=220764"},"modified":"2025-07-07T16:45:01","modified_gmt":"2025-07-07T15:45:01","slug":"zaviraci-nuz-crkt-fawkes-2372","status":"publish","type":"product","link":"https:\/\/www.moskito.cz\/es\/produkt\/zaviraci-nuz-crkt-fawkes-2372\/","title":{"rendered":"Zav\u00edrac\u00ed N\u016f\u017e CRKT FAWKES 2372"},"content":{"rendered":"<div class=\"flex-1 overflow-hidden @container\/thread\">\n<div class=\"h-full\">\n<div class=\"react-scroll-to-bottom--css-vxybp-79elbk h-full\">\n<div class=\"react-scroll-to-bottom--css-vxybp-1n7m0yu\">\n<div class=\"flex flex-col text-sm md:pb-9\">\n<article class=\"w-full scroll-mb-[var(--thread-trailing-height,150px)] text-token-text-primary focus-visible:outline-2 focus-visible:outline-offset-[-4px]\" dir=\"auto\" data-testid=\"conversation-turn-373\" data-scroll-anchor=\"true\">\n<div class=\"m-auto text-base py-[18px] px-3 md:px-4 w-full md:px-5 lg:px-4 xl:px-5\">\n<div class=\"mx-auto flex flex-1 gap-4 text-base md:gap-5 lg:gap-6 md:max-w-3xl\">\n<div class=\"group\/conversation-turn relative flex w-full min-w-0 flex-col agent-turn\">\n<div class=\"flex-col gap-1 md:gap-3\">\n<div class=\"flex max-w-full flex-col flex-grow\">\n<div class=\"min-h-8 text-message flex w-full flex-col items-end gap-2 whitespace-normal break-words text-start [.text-message+&amp;]:mt-5\" dir=\"auto\" data-message-author-role=\"assistant\" data-message-id=\"0c32eaab-ab8d-4a6a-87ef-79ba0abfbfcb\" data-message-model-slug=\"gpt-4o-mini\">\n<div class=\"flex w-full flex-col gap-1 empty:hidden first:pt-[3px]\">\n<div class=\"markdown prose w-full break-words dark:prose-invert light\">\n<p><strong>Zav\u00edrac\u00ed n\u016f\u017e CRKT Fawkes 2372<\/strong> je vynikaj\u00edc\u00edm p\u0159\u00edkladem designu, kter\u00fd spojuje v\u00fdkon s estetick\u00fdm vzhledem. Navr\u017een\u00fd Alanem Foltsem, zn\u00e1m\u00fdm pro sv\u00e9 inovativn\u00ed a funk\u010dn\u00ed no\u017ee, Fawkes vynik\u00e1 svou unik\u00e1tn\u00ed konstrukc\u00ed a schopnost\u00ed zvl\u00e1dnout ka\u017edodenn\u00ed \u00fakoly s efektivitou a stylem.<\/p>\n<h3>Kl\u00ed\u010dov\u00e9 vlastnosti <strong>CRKT Fawkes 2372<\/strong>:<\/h3>\n<h4>1. <strong>Kvalitn\u00ed \u010depel z oceli 1.4116<\/strong><\/h4>\n<ul>\n<li><strong>Materi\u00e1l \u010depele:<\/strong> Ocel 1.4116 je zn\u00e1m\u00e1 svou <strong>vysokou odolnost\u00ed proti korozi<\/strong> a <strong>dobrou schopnost\u00ed dr\u017eet ost\u0159\u00ed<\/strong>. Je to ocel, kter\u00e1 se dob\u0159e udr\u017euje a je ide\u00e1ln\u00ed pro ka\u017edodenn\u00ed no\u0161en\u00ed.<\/li>\n<li><strong>Povrchov\u00e1 \u00faprava:<\/strong> Povrch je o\u0161et\u0159en <strong>odst\u0159elov\u00e1n\u00edm kor\u00e1lk\u016f<\/strong>, co\u017e zaji\u0161\u0165uje odolnost proti opot\u0159eben\u00ed a zvy\u0161uje protiskluzovou vlastnost \u010depele, \u010d\u00edm\u017e poskytuje lep\u0161\u00ed kontrolu p\u0159i \u0159ez\u00e1n\u00ed.<\/li>\n<\/ul>\n<h4>2. <strong>Asistovan\u00e9 otev\u00edr\u00e1n\u00ed<\/strong><\/h4>\n<ul>\n<li><strong>Asistovan\u00fd mechanismus od Ken Onion:<\/strong> Tento mechanismus umo\u017e\u0148uje, \u017ee \u010depel se p\u0159i p\u0159\u00edtlaku na palcov\u00fd kol\u00edk nebo \u00abflipper\u00bb okam\u017eit\u011b otev\u0159e pomoc\u00ed pru\u017einy. Je to <strong>rychl\u00e9 a hladk\u00e9 otev\u00edr\u00e1n\u00ed<\/strong>, kter\u00e9 usnad\u0148uje pou\u017eit\u00ed jednou rukou.<\/li>\n<li><strong>IKBS\u2122 kuli\u010dkov\u00fd lo\u017eiskov\u00fd syst\u00e9m:<\/strong> Tento syst\u00e9m zaji\u0161\u0165uje <strong>plynul\u00e9 a rychl\u00e9 otev\u0159en\u00ed<\/strong> \u010depele s minim\u00e1ln\u00edm odporem, co\u017e umo\u017e\u0148uje je\u0161t\u011b snadn\u011bj\u0161\u00ed ovl\u00e1d\u00e1n\u00ed no\u017ee.<\/li>\n<\/ul>\n<h4>3. <strong>Konstrukce rukojeti<\/strong><\/h4>\n<ul>\n<li><strong>Rukoje\u0165 G10:<\/strong> G10 je <strong>odoln\u00fd, lehk\u00fd a protiskluzov\u00fd materi\u00e1l<\/strong>, kter\u00fd poskytuje skv\u011blou p\u0159ilnavost, i kdy\u017e jsou va\u0161e ruce mokr\u00e9 nebo zpocen\u00e9. Rukoje\u0165 je nav\u00edc ergonomicky tvarov\u00e1na pro pohodln\u00e9 dr\u017een\u00ed, co\u017e je v\u00fdhodn\u00e9 p\u0159i dlouhodob\u00e9m pou\u017e\u00edv\u00e1n\u00ed.<\/li>\n<li><strong>Hrot na rukojeti:<\/strong> Rukoje\u0165 je vybavena <strong>hrotem<\/strong>, kter\u00fd nejen \u017ee zpev\u0148uje rukoje\u0165 a \u010depel, ale tak\u00e9 poskytuje <strong>vylep\u0161en\u00fd grip<\/strong> a m\u016f\u017ee b\u00fdt u\u017eite\u010dn\u00fd pro ur\u010dit\u00e9 \u00fakoly, jako je <strong>prob\u00edjen\u00ed materi\u00e1l\u016f<\/strong>.<\/li>\n<\/ul>\n<h4>4. <strong>Kompaktn\u00ed a lehk\u00e1 konstrukce<\/strong><\/h4>\n<ul>\n<li><strong>Rozm\u011bry:<\/strong> S d\u00e9lkou \u010depele 2,74&#8243; (69,52 mm) a celkovou d\u00e9lkou 6,50&#8243; (165,10 mm) je tento n\u016f\u017e kompaktn\u00ed a snadno p\u0159enosn\u00fd, ide\u00e1ln\u00ed pro <strong>ka\u017edodenn\u00ed no\u0161en\u00ed<\/strong> (EDC). Uzav\u0159en\u00e1 d\u00e9lka 3,74&#8243; (95,07 mm) a hmotnost pouh\u00fdch 85,05 g (3,00 oz) znamenaj\u00ed, \u017ee n\u016f\u017e je lehk\u00fd a nezat\u011b\u017euje va\u0161i kapsu nebo v\u00fdbavu.<\/li>\n<li><strong>Lehk\u00e9 p\u0159en\u00e1\u0161en\u00ed:<\/strong> D\u00edky sv\u00e9 velikosti a v\u00e1ze je snadn\u00e9 ho nosit v kapse, batohu nebo ta\u0161ce.<\/li>\n<\/ul>\n<h4>5. <strong>Bezpe\u010dnostn\u00ed mechanismus \u2013 Liner Lock<\/strong><\/h4>\n<ul>\n<li><strong>Liner Lock syst\u00e9m:<\/strong> Tento z\u00e1mek bezpe\u010dn\u011b dr\u017e\u00ed \u010depel ve zcela otev\u0159en\u00e9 pozici, co\u017e minimalizuje riziko n\u00e1hodn\u00e9ho sklopen\u00ed \u010depele b\u011bhem pou\u017e\u00edv\u00e1n\u00ed. Liner Lock je spolehliv\u00fd a snadno se pou\u017e\u00edv\u00e1, co\u017e umo\u017e\u0148uje rychl\u00e9 slo\u017een\u00ed no\u017ee jednou rukou.<\/li>\n<\/ul>\n<h3>Mo\u017enosti pou\u017eit\u00ed <strong>CRKT Fawkes 2372<\/strong>:<\/h3>\n<ol>\n<li><strong>Ka\u017edodenn\u00ed no\u0161en\u00ed a \u00fakoly (EDC)<\/strong>:\n<ul>\n<li>Ide\u00e1ln\u00ed pro <strong>otev\u00edr\u00e1n\u00ed bal\u00edk\u016f<\/strong>, <strong>\u0159ez\u00e1n\u00ed ob\u00e1lek<\/strong>, <strong>krabic<\/strong> nebo <strong>bal\u00edc\u00ed p\u00e1sky<\/strong>.<\/li>\n<li>M\u016f\u017ee slou\u017eit i na <strong>\u0159ez\u00e1n\u00ed \u0161\u0148\u016fr, prov\u00e1zk\u016f, lepic\u00ed p\u00e1sky<\/strong> a podobn\u011b.<\/li>\n<\/ul>\n<\/li>\n<li><strong>Outdoorov\u00e9 aktivity<\/strong>:\n<ul>\n<li><strong>Turistika a kempov\u00e1n\u00ed:<\/strong> Tento n\u016f\u017e je dostate\u010dn\u011b kompaktn\u00ed, aby ho bylo snadn\u00e9 nosit na v\u00fdletech, a z\u00e1rove\u0148 dostate\u010dn\u011b siln\u00fd pro \u0159ez\u00e1n\u00ed <strong>d\u0159eva<\/strong>, <strong>kr\u00e1jen\u00ed potravin<\/strong> nebo <strong>\u0159e\u0161en\u00ed men\u0161\u00edch \u00fakol\u016f<\/strong> v p\u0159\u00edrod\u011b.<\/li>\n<li><strong>P\u0159e\u017eit\u00ed a krizov\u00e9 situace:<\/strong> D\u00edky sv\u00e9 pevnosti a mo\u017enosti snadn\u00e9ho pou\u017eit\u00ed jednou rukou je tento n\u016f\u017e dobr\u00fd n\u00e1stroj i pro <strong>p\u0159e\u017eit\u00ed<\/strong>, <strong>improvizovanou pr\u00e1ci<\/strong> a <strong>nouzov\u00e9 situace<\/strong>.<\/li>\n<\/ul>\n<\/li>\n<li><strong>Drobn\u00e9 \u00fadr\u017ebov\u00e9 pr\u00e1ce a opravy<\/strong>:\n<ul>\n<li>Skv\u011bl\u00e9 pro pr\u00e1ci kolem domu nebo na zahrad\u011b \u2013 <strong>opravov\u00e1n\u00ed nebo \u00faprava mal\u00fdch p\u0159edm\u011bt\u016f<\/strong>.<\/li>\n<\/ul>\n<\/li>\n<li><strong>Kreativn\u00ed a \u0159emesln\u00e9 projekty<\/strong>:\n<ul>\n<li>Tento n\u016f\u017e je dostate\u010dn\u011b ostr\u00fd pro <strong>\u0159ez\u00e1n\u00ed pap\u00edru<\/strong>, <strong>kreativn\u00ed pr\u00e1ci<\/strong> s kartonem nebo <strong>\u0159ez\u00e1n\u00ed jemn\u011bj\u0161\u00edch materi\u00e1l\u016f<\/strong> p\u0159i tvorb\u011b DIY projekt\u016f.<\/li>\n<\/ul>\n<\/li>\n<\/ol>\n<h3>Z\u00e1v\u011br:<\/h3>\n<p><strong>CRKT Fawkes 2372<\/strong> je skv\u011bl\u00fd volbou pro ka\u017edodenn\u00ed no\u0161en\u00ed d\u00edky sv\u00e9mu <strong>kvalitn\u00edmu zpracov\u00e1n\u00ed<\/strong>, <strong>asistovan\u00e9mu otev\u00edr\u00e1n\u00ed<\/strong> a <strong>kompaktn\u00ed konstrukci<\/strong>, kter\u00e1 kombinuje <strong>styl s v\u00fdkonem<\/strong>. Je ide\u00e1ln\u00ed pro ty, kte\u0159\u00ed hledaj\u00ed <strong>funk\u010dn\u00ed n\u016f\u017e<\/strong>, kter\u00fd je <strong>snadno pou\u017eiteln\u00fd<\/strong>, bezpe\u010dn\u00fd a p\u0159itom dostate\u010dn\u011b elegantn\u00ed na to, aby se stal nepostradateln\u00fdm n\u00e1strojem pro ka\u017edodenn\u00ed \u00fakoly i n\u00e1ro\u010dn\u011bj\u0161\u00ed situace.<\/p>\n<\/div>\n<\/div>\n<\/div>\n<\/div>\n<div class=\"mb-2 flex gap-3 empty:hidden -ml-2\">\n<div class=\"items-center justify-start rounded-xl p-1 flex\">\n<div class=\"flex items-center\"><\/div>\n<\/div>\n<\/div>\n<div class=\"pr-2 lg:pr-0\"><\/div>\n<\/div>\n<\/div>\n<\/div>\n<\/div>\n<\/article>\n<\/div>\n<\/div>\n<\/div>\n<\/div>\n<\/div>\n<p><iframe title=\"CRKT FAWKES | Alan Folts Design\" width=\"800\" height=\"450\" src=\"https:\/\/www.youtube.com\/embed\/hQcVSEzScTM?feature=oembed\" frameborder=\"0\" allow=\"accelerometer; autoplay; clipboard-write; encrypted-media; gyroscope; picture-in-picture; web-share\" referrerpolicy=\"strict-origin-when-cross-origin\" allowfullscreen><\/iframe><\/p>\n<p>&nbsp;<\/p>\n","protected":false},"excerpt":{"rendered":"<p><strong>CRKT Fawkes 2372 je skv\u011bl\u00fd volbou pro ka\u017edodenn\u00ed no\u0161en\u00ed d\u00edky sv\u00e9mu kvalitn\u00edmu zpracov\u00e1n\u00ed, asistovan\u00e9mu otev\u00edr\u00e1n\u00ed a kompaktn\u00ed konstrukci, kter\u00e1 kombinuje styl s v\u00fdkonem. Je ide\u00e1ln\u00ed pro ty, kte\u0159\u00ed hledaj\u00ed funk\u010dn\u00ed n\u016f\u017e, kter\u00fd je snadno pou\u017eiteln\u00fd, bezpe\u010dn\u00fd a p\u0159itom dostate\u010dn\u011b elegantn\u00ed na to, aby se stal nepostradateln\u00fdm n\u00e1strojem pro ka\u017edodenn\u00ed \u00fakoly i n\u00e1ro\u010dn\u011bj\u0161\u00ed situace.<\/strong><\/p>\n","protected":false},"featured_media":220765,"comment_status":"open","ping_status":"closed","template":"","meta":[],"pwb-brand":[209],"product_brand":[],"product_cat":[22,17],"product_tag":[3667],"class_list":{"0":"post-220764","1":"product","2":"type-product","3":"status-publish","4":"has-post-thumbnail","6":"pwb-brand-crkt","7":"product_cat-zaviraci-noze","8":"product_cat-noze","9":"product_tag-b2b","11":"first","12":"instock","13":"sale","14":"taxable","15":"shipping-taxable","16":"purchasable","17":"product-type-simple"},"brands":[{"id":209,"name":"CRKT","slug":"crkt"}],"_links":{"self":[{"href":"https:\/\/www.moskito.cz\/es\/wp-json\/wp\/v2\/product\/220764","targetHints":{"allow":["GET"]}}],"collection":[{"href":"https:\/\/www.moskito.cz\/es\/wp-json\/wp\/v2\/product"}],"about":[{"href":"https:\/\/www.moskito.cz\/es\/wp-json\/wp\/v2\/types\/product"}],"replies":[{"embeddable":true,"href":"https:\/\/www.moskito.cz\/es\/wp-json\/wp\/v2\/comments?post=220764"}],"wp:featuredmedia":[{"embeddable":true,"href":"https:\/\/www.moskito.cz\/es\/wp-json\/wp\/v2\/media\/220765"}],"wp:attachment":[{"href":"https:\/\/www.moskito.cz\/es\/wp-json\/wp\/v2\/media?parent=220764"}],"wp:term":[{"taxonomy":"pwb-brand","embeddable":true,"href":"https:\/\/www.moskito.cz\/es\/wp-json\/wp\/v2\/pwb-brand?post=220764"},{"taxonomy":"product_brand","embeddable":true,"href":"https:\/\/www.moskito.cz\/es\/wp-json\/wp\/v2\/product_brand?post=220764"},{"taxonomy":"product_cat","embeddable":true,"href":"https:\/\/www.moskito.cz\/es\/wp-json\/wp\/v2\/product_cat?post=220764"},{"taxonomy":"product_tag","embeddable":true,"href":"https:\/\/www.moskito.cz\/es\/wp-json\/wp\/v2\/product_tag?post=220764"}],"curies":[{"name":"wp","href":"https:\/\/api.w.org\/{rel}","templated":true}]}}