{"id":221370,"date":"2022-08-19T14:22:56","date_gmt":"2022-08-19T13:22:56","guid":{"rendered":"https:\/\/www.moskito.cz\/?post_type=product&#038;p=221370"},"modified":"2025-05-07T10:40:14","modified_gmt":"2025-05-07T09:40:14","slug":"vystrelovaci-nuz-microtech-ultratech-satin-blade-120-4bl","status":"publish","type":"product","link":"https:\/\/www.moskito.cz\/es\/produkt\/vystrelovaci-nuz-microtech-ultratech-satin-blade-120-4bl\/","title":{"rendered":"Vyst\u0159elovac\u00ed N\u016f\u017e Microtech Ultratech Satin Blade 120-4BL"},"content":{"rendered":"<p>Vyst\u0159elovac\u00ed N\u016f\u017e <strong>Microtech<\/strong> Ultratech Satin Blade 120-4BL.<\/p>\n<p>Popul\u00e1rn\u00ed Ultratech od Microtech je p\u0159edn\u00ed automatick\u00fd n\u016f\u017e, kter\u00fd nab\u00edz\u00ed du\u00e1ln\u00ed s\u00edlu a rychlost d\u00edky posuvn\u00e9mu tla\u010d\u00edtku na prav\u00e9 stran\u011b no\u017ee. Out-the-front akce na t\u011bchto Ultratech jsou v\u00fdjime\u010dn\u00e9 v kvalit\u011b a designu. Mysl\u00edme si, \u017ee \u0159ada Ultratech p\u0159edstavuje nejlep\u0161\u00ed z OTF.<\/p>\n<p>Tento Ultratech je vybaven \u010depel\u00ed bajonetov\u00e9ho stylu s dvojit\u00fdm ost\u0159\u00edm &#8211; horn\u00ed okraj je asi 2\/3 d\u00e9lky \u010depele. Sat\u00e9nov\u00e1 \u010depel je z nerezov\u00e9 oceli ELMAX. Modr\u00e1 eloxovan\u00e1 hlin\u00edkov\u00e1 rukoje\u0165 6061-T6 je vybavena kapesn\u00ed sponou, rozbit\u00edm skla a nerezov\u00fdm hardwarem. Tento model se vyzna\u010duje zv\u00fd\u0161en\u00fdmi trojk\u0159\u00eddl\u00fdmi \u0161rouby na rukojeti.<\/p>\n<p>Celkov\u00e1 d\u00e9lka: 20.92 cm<br \/>\nD\u00e9lka \u010depele: 8.42 cm<br \/>\n\u0158ezn\u00e1 hrana: 7.8 cm<br \/>\nTlou\u0161\u0165ka \u010depele: 0,32 cm<br \/>\nStyl blade: Bayonet<br \/>\nB\u0159itov\u00e9 desti\u010dky: Ploch\u00e9<br \/>\nTyp okraje: oby\u010dejn\u00fd<br \/>\nD\u00e9lka rukojeti: 12.5 cm<br \/>\nTlou\u0161\u0165ka rukojeti: 1.17 cm<br \/>\nMateri\u00e1l rukojeti: hlin\u00edk<br \/>\nHmotnost: 3,37 oz.<br \/>\nU\u017eivatel: Prav\u00e1 ruka<br \/>\nPocket Clip: Tip-Down<br \/>\nTyp no\u017ee: Double-Action OTF Automatic<br \/>\nOtv\u00edra\u010d: Thumb Slide<br \/>\nZna\u010dka: Microtech<br \/>\nModel: Ultratech<br \/>\nZem\u011b p\u016fvodu: USA<br \/>\nNejlep\u0161\u00ed pou\u017eit\u00ed: Ka\u017edodenn\u00ed<\/p>\n<p><iframe title=\"Microtech Combat Troodon Torture Test\" width=\"800\" height=\"450\" src=\"https:\/\/www.youtube.com\/embed\/xE9TeOFYEjg?feature=oembed\" frameborder=\"0\" allow=\"accelerometer; autoplay; clipboard-write; encrypted-media; gyroscope; picture-in-picture; web-share\" allowfullscreen><\/iframe><\/p>\n<p>&nbsp;<\/p>\n<p>&nbsp;<\/p>\n","protected":false},"excerpt":{"rendered":"<p>V pr\u016fb\u011bhu let <strong>Microtech\u00ae Knives<\/strong> naplnil v\u00e1\u0161n\u00ed a dovednost\u00ed v\u00fdrobu no\u017e\u016f, a\u017e z nich vytvo\u0159il t\u00e9m\u011b\u0159 um\u011bleck\u00e1 d\u00edla,kter\u00e9 jsou vrcholem funk\u010dnosti.V\u0161echny d\u00edly jsou vyrodeny v USA.<br \/>\n<strong>Na v\u0161echny no\u017ee Microtech je do\u017eivotn\u00ed z\u00e1ruka.<\/strong><\/p>\n","protected":false},"featured_media":221371,"comment_status":"open","ping_status":"closed","template":"","meta":[],"pwb-brand":[431],"product_brand":[],"product_cat":[2019,17],"product_tag":[3667],"class_list":{"0":"post-221370","1":"product","2":"type-product","3":"status-publish","4":"has-post-thumbnail","6":"pwb-brand-microtech","7":"product_cat-vystrelovaci-noze","8":"product_cat-noze","9":"product_tag-b2b","11":"first","12":"instock","13":"taxable","14":"shipping-taxable","15":"purchasable","16":"product-type-simple"},"brands":[{"id":431,"name":"Microtech","slug":"microtech"}],"_links":{"self":[{"href":"https:\/\/www.moskito.cz\/es\/wp-json\/wp\/v2\/product\/221370","targetHints":{"allow":["GET"]}}],"collection":[{"href":"https:\/\/www.moskito.cz\/es\/wp-json\/wp\/v2\/product"}],"about":[{"href":"https:\/\/www.moskito.cz\/es\/wp-json\/wp\/v2\/types\/product"}],"replies":[{"embeddable":true,"href":"https:\/\/www.moskito.cz\/es\/wp-json\/wp\/v2\/comments?post=221370"}],"wp:featuredmedia":[{"embeddable":true,"href":"https:\/\/www.moskito.cz\/es\/wp-json\/wp\/v2\/media\/221371"}],"wp:attachment":[{"href":"https:\/\/www.moskito.cz\/es\/wp-json\/wp\/v2\/media?parent=221370"}],"wp:term":[{"taxonomy":"pwb-brand","embeddable":true,"href":"https:\/\/www.moskito.cz\/es\/wp-json\/wp\/v2\/pwb-brand?post=221370"},{"taxonomy":"product_brand","embeddable":true,"href":"https:\/\/www.moskito.cz\/es\/wp-json\/wp\/v2\/product_brand?post=221370"},{"taxonomy":"product_cat","embeddable":true,"href":"https:\/\/www.moskito.cz\/es\/wp-json\/wp\/v2\/product_cat?post=221370"},{"taxonomy":"product_tag","embeddable":true,"href":"https:\/\/www.moskito.cz\/es\/wp-json\/wp\/v2\/product_tag?post=221370"}],"curies":[{"name":"wp","href":"https:\/\/api.w.org\/{rel}","templated":true}]}}