{"id":221583,"date":"2022-08-20T07:54:53","date_gmt":"2022-08-20T06:54:53","guid":{"rendered":"https:\/\/www.moskito.cz\/?post_type=product&#038;p=221583"},"modified":"2025-05-07T10:40:18","modified_gmt":"2025-05-07T09:40:18","slug":"propiska-crkt-techliner-super-shorty-pen-tpenbond2","status":"publish","type":"product","link":"https:\/\/www.moskito.cz\/es\/produkt\/propiska-crkt-techliner-super-shorty-pen-tpenbond2\/","title":{"rendered":"Propiska CRKT TECHLINER SUPER SHORTY PEN TPENBOND2"},"content":{"rendered":"<p><strong>Propiska CRKT TECHLINER SUPER SHORTY PEN TPENBOND2<\/strong> je skv\u011bl\u00fdm p\u0159\u00edkladem precizn\u00edho designu a prakti\u010dnosti v jednom. Navr\u017eena tak, aby vydr\u017eela extr\u00e9mn\u00ed podm\u00ednky, je to ide\u00e1ln\u00ed n\u00e1stroj pro ty, kte\u0159\u00ed pot\u0159ebuj\u00ed spolehliv\u00fd psac\u00ed n\u00e1stroj i v n\u00e1ro\u010dn\u00fdch pracovn\u00edch nebo outdoorov\u00fdch prost\u0159ed\u00edch. Tento model nab\u00edz\u00ed robustn\u00ed konstrukci, ale z\u00e1rove\u0148 zachov\u00e1v\u00e1 kompaktn\u00ed velikost pro snadn\u00e9 p\u0159en\u00e1\u0161en\u00ed a pou\u017eit\u00ed.<\/p>\n<h3><strong>Hlavn\u00ed vlastnosti:<\/strong><\/h3>\n<ol>\n<li><strong>Magnetick\u00e9 konce<\/strong>:\n<ul>\n<li><strong>Secure Cap<\/strong>: Magnetick\u00e9 konce nejen\u017ee zaji\u0161\u0165uj\u00ed bezpe\u010dn\u00e9 uzav\u0159en\u00ed krytu, ale umo\u017e\u0148uj\u00ed i snadn\u00e9 p\u0159ipevn\u011bn\u00ed k r\u016fzn\u00fdm povrch\u016fm, jako jsou pracovn\u00ed stoly, schr\u00e1nky nebo nohy stolu. Pero je v\u017edy na dosah ruky, kdy\u017e ho pot\u0159ebujete.<\/li>\n<\/ul>\n<\/li>\n<li><strong>Pevn\u00e1 a lehk\u00e1 konstrukce<\/strong>:\n<ul>\n<li><strong>Hlin\u00edkov\u00e1 rukoje\u0165<\/strong> (6061 Al): Kombinuje pevnost a odolnost s n\u00edzkou hmotnost\u00ed pro pohodln\u00e9 dlouhodob\u00e9 pou\u017e\u00edv\u00e1n\u00ed.<\/li>\n<\/ul>\n<\/li>\n<li><strong>Vizu\u00e1ln\u00ed p\u0159ita\u017elivost<\/strong>:\n<ul>\n<li><strong>Modr\u00e9 eloxovan\u00e9 t\u011blo<\/strong>: Elegantn\u00ed a modern\u00ed vzhled, kter\u00fd zaji\u0161\u0165uje vysokou odolnost proti po\u0161kr\u00e1b\u00e1n\u00ed a ztr\u00e1t\u011b barvy.<\/li>\n<\/ul>\n<\/li>\n<li><strong>Kompaktn\u00ed velikost<\/strong>:\n<ul>\n<li>Pero je snadno p\u0159enosn\u00e9, tak\u017ee je ide\u00e1ln\u00ed pro ka\u017edodenn\u00ed no\u0161en\u00ed v kapse nebo ta\u0161ce.<\/li>\n<\/ul>\n<\/li>\n<li><strong>Inkoustov\u00e1 kazeta pro extr\u00e9mn\u00ed podm\u00ednky<\/strong>:\n<ul>\n<li>Pero je vybaveno <strong>tlakovou inkoustovou kazetou<\/strong>, kter\u00e1 je navr\u017eena tak, aby psala i v n\u00e1ro\u010dn\u00fdch podm\u00ednk\u00e1ch, jako jsou extr\u00e9mn\u00ed teploty nebo vlhko.<\/li>\n<\/ul>\n<\/li>\n<\/ol>\n<h3><strong>Specifikace:<\/strong><\/h3>\n<ul>\n<li><strong>Hmotnost<\/strong>: 0,80 oz. (22,68 g)<\/li>\n<li><strong>Rukoje\u0165<\/strong>: Hlin\u00edk (6061 Al)<\/li>\n<li><strong>Styl<\/strong>: P\u0159\u00edslu\u0161enstv\u00ed<\/li>\n<li><strong>Pr\u016fm\u011br pera<\/strong>: 0,46&#8243; (11,73 mm)<\/li>\n<li><strong>N\u00e1pl\u0148 pera<\/strong>: Tlakov\u00e1 inkoustov\u00e1 kazeta<\/li>\n<\/ul>\n<p>Tato propiska je ide\u00e1ln\u00edm n\u00e1strojem pro profesion\u00e1ly, kte\u0159\u00ed pot\u0159ebuj\u00ed spolehliv\u00e9, trvanliv\u00e9 a stylov\u00e9 pero pro ka\u017edodenn\u00ed pou\u017eit\u00ed v n\u00e1ro\u010dn\u00fdch podm\u00ednk\u00e1ch.<\/p>\n","protected":false},"excerpt":{"rendered":"<p><strong>Tato propiska je ide\u00e1ln\u00edm n\u00e1strojem pro profesion\u00e1ly, kte\u0159\u00ed pot\u0159ebuj\u00ed spolehliv\u00e9, trvanliv\u00e9 a stylov\u00e9 pero pro ka\u017edodenn\u00ed pou\u017eit\u00ed v n\u00e1ro\u010dn\u00fdch podm\u00ednk\u00e1ch.<\/strong><\/p>\n","protected":false},"featured_media":221584,"comment_status":"open","ping_status":"closed","template":"","meta":[],"pwb-brand":[209],"product_brand":[],"product_cat":[22,17],"product_tag":[3667],"class_list":{"0":"post-221583","1":"product","2":"type-product","3":"status-publish","4":"has-post-thumbnail","6":"pwb-brand-crkt","7":"product_cat-zaviraci-noze","8":"product_cat-noze","9":"product_tag-b2b","11":"first","12":"instock","13":"taxable","14":"shipping-taxable","15":"purchasable","16":"product-type-simple"},"brands":[{"id":209,"name":"CRKT","slug":"crkt"}],"_links":{"self":[{"href":"https:\/\/www.moskito.cz\/es\/wp-json\/wp\/v2\/product\/221583","targetHints":{"allow":["GET"]}}],"collection":[{"href":"https:\/\/www.moskito.cz\/es\/wp-json\/wp\/v2\/product"}],"about":[{"href":"https:\/\/www.moskito.cz\/es\/wp-json\/wp\/v2\/types\/product"}],"replies":[{"embeddable":true,"href":"https:\/\/www.moskito.cz\/es\/wp-json\/wp\/v2\/comments?post=221583"}],"wp:featuredmedia":[{"embeddable":true,"href":"https:\/\/www.moskito.cz\/es\/wp-json\/wp\/v2\/media\/221584"}],"wp:attachment":[{"href":"https:\/\/www.moskito.cz\/es\/wp-json\/wp\/v2\/media?parent=221583"}],"wp:term":[{"taxonomy":"pwb-brand","embeddable":true,"href":"https:\/\/www.moskito.cz\/es\/wp-json\/wp\/v2\/pwb-brand?post=221583"},{"taxonomy":"product_brand","embeddable":true,"href":"https:\/\/www.moskito.cz\/es\/wp-json\/wp\/v2\/product_brand?post=221583"},{"taxonomy":"product_cat","embeddable":true,"href":"https:\/\/www.moskito.cz\/es\/wp-json\/wp\/v2\/product_cat?post=221583"},{"taxonomy":"product_tag","embeddable":true,"href":"https:\/\/www.moskito.cz\/es\/wp-json\/wp\/v2\/product_tag?post=221583"}],"curies":[{"name":"wp","href":"https:\/\/api.w.org\/{rel}","templated":true}]}}