{"id":221648,"date":"2022-08-20T13:12:10","date_gmt":"2022-08-20T12:12:10","guid":{"rendered":"https:\/\/www.moskito.cz\/?post_type=product&#038;p=221648"},"modified":"2025-05-07T10:40:19","modified_gmt":"2025-05-07T09:40:19","slug":"zaviraci-nuz-boker-plus-exskelibur-ii-cocobolo-01bo023","status":"publish","type":"product","link":"https:\/\/www.moskito.cz\/es\/produkt\/zaviraci-nuz-boker-plus-exskelibur-ii-cocobolo-01bo023\/","title":{"rendered":"Zav\u00edrac\u00ed N\u016f\u017e B\u00f6ker Plus Exskelibur II Cocobolo 01BO023"},"content":{"rendered":"<p>Zav\u00edrac\u00ed N\u016f\u017e <strong>B\u00f6ker<\/strong> Plus Exskelibur II Cocobolo 01BO023.<\/p>\n<p>M\u00e1lokter\u00fd jin\u00fd kapesn\u00ed n\u016f\u017e Boker Plus byl v posledn\u00edch letech tak \u017e\u00e1dan\u00fd a objevil se v tolika variant\u00e1ch jako Exskelibur od Mika Skellerna. No\u017e\u00ed\u0159 z Ji\u017en\u00ed Afriky vytvo\u0159il sv\u00fdm designem jednu z nej\u00fasp\u011b\u0161n\u011bj\u0161\u00edch a nejobl\u00edben\u011bj\u0161\u00edch s\u00e9ri\u00ed v \u0159ad\u011b Boker Plus. Tato verze obsahuje modr\u00e9 eloxovan\u00e9 titanov\u00e9 vlo\u017eky a klip a \u010depel 440C s kr\u00e1sn\u00fdm pod\u00e9ln\u00fdm sat\u00e9nov\u00fdm povrchem pro zaji\u0161t\u011bn\u00ed bezkonkuren\u010dn\u00ed elegance. N\u016f\u017e se zamyk\u00e1 klasick\u00fdm linerlockem. \u0160upiny d\u0159ev\u011bn\u00e9 rukojeti cocobol maj\u00ed silnou kresbu a podtrhuj\u00ed noblesn\u00ed charakter p\u00e1nsk\u00e9ho leporela. \u017div\u00e9 d\u0159evo dod\u00e1v\u00e1 Exskeliburu drsn\u011bj\u0161\u00ed kouzlo. S vysoce kvalitn\u00edm nylonov\u00fdm pouzdrem pro skladov\u00e1n\u00ed.<\/p>\n<p>Typ: Kapesn\u00ed n\u016f\u017e<br \/>\nCelkov\u00e1 d\u00e9lka: 16,50 cm<br \/>\nD\u00e9lka \u010depele: 7,00 cm<br \/>\nTlou\u0161\u0165ka \u010depele: 2,80 mm<br \/>\nHmotnost: 56,00 g<br \/>\nN\u00e1vrh\u00e1\u0159: Mike Skellern<br \/>\nMateri\u00e1l \u010depele: 440C<br \/>\nMateri\u00e1l rukojeti: D\u0159evo Cocobolo<br \/>\nOtv\u00edr\u00e1k: Nechat Nicka<br \/>\nOtev\u00edrac\u00ed: Manu\u00e1l<br \/>\nTyp z\u00e1mku: Linerlock<br \/>\nBarva: Hn\u011bd\u00fd<br \/>\n\u010c\u00edslo polo\u017eky: 01BO023<\/p>\n<p>&nbsp;<\/p>\n","protected":false},"excerpt":{"rendered":"<p>M\u00e1lokter\u00fd jin\u00fd kapesn\u00ed n\u016f\u017e Boker Plus byl v posledn\u00edch letech tak \u017e\u00e1dan\u00fd a objevil se v tolika variant\u00e1ch jako Exskelibur od Mika Skellerna.<\/p>\n","protected":false},"featured_media":221649,"comment_status":"open","ping_status":"closed","template":"","meta":[],"pwb-brand":[140],"product_brand":[],"product_cat":[22,17],"product_tag":[3667],"class_list":{"0":"post-221648","1":"product","2":"type-product","3":"status-publish","4":"has-post-thumbnail","6":"pwb-brand-boker","7":"product_cat-zaviraci-noze","8":"product_cat-noze","9":"product_tag-b2b","11":"first","12":"instock","13":"taxable","14":"shipping-taxable","15":"purchasable","16":"product-type-simple"},"brands":[{"id":140,"name":"Boker","slug":"boker"}],"_links":{"self":[{"href":"https:\/\/www.moskito.cz\/es\/wp-json\/wp\/v2\/product\/221648","targetHints":{"allow":["GET"]}}],"collection":[{"href":"https:\/\/www.moskito.cz\/es\/wp-json\/wp\/v2\/product"}],"about":[{"href":"https:\/\/www.moskito.cz\/es\/wp-json\/wp\/v2\/types\/product"}],"replies":[{"embeddable":true,"href":"https:\/\/www.moskito.cz\/es\/wp-json\/wp\/v2\/comments?post=221648"}],"wp:featuredmedia":[{"embeddable":true,"href":"https:\/\/www.moskito.cz\/es\/wp-json\/wp\/v2\/media\/221649"}],"wp:attachment":[{"href":"https:\/\/www.moskito.cz\/es\/wp-json\/wp\/v2\/media?parent=221648"}],"wp:term":[{"taxonomy":"pwb-brand","embeddable":true,"href":"https:\/\/www.moskito.cz\/es\/wp-json\/wp\/v2\/pwb-brand?post=221648"},{"taxonomy":"product_brand","embeddable":true,"href":"https:\/\/www.moskito.cz\/es\/wp-json\/wp\/v2\/product_brand?post=221648"},{"taxonomy":"product_cat","embeddable":true,"href":"https:\/\/www.moskito.cz\/es\/wp-json\/wp\/v2\/product_cat?post=221648"},{"taxonomy":"product_tag","embeddable":true,"href":"https:\/\/www.moskito.cz\/es\/wp-json\/wp\/v2\/product_tag?post=221648"}],"curies":[{"name":"wp","href":"https:\/\/api.w.org\/{rel}","templated":true}]}}