{"id":222342,"date":"2022-08-21T16:39:28","date_gmt":"2022-08-21T15:39:28","guid":{"rendered":"https:\/\/www.moskito.cz\/?post_type=product&#038;p=222342"},"modified":"2025-10-15T10:06:24","modified_gmt":"2025-10-15T09:06:24","slug":"zaviraci-nuz-crkt-clever-girl-folder-2640","status":"publish","type":"product","link":"https:\/\/www.moskito.cz\/es\/produkt\/zaviraci-nuz-crkt-clever-girl-folder-2640\/","title":{"rendered":"Zav\u00edrac\u00ed N\u016f\u017e CRKT CLEVER GIRL FOLDER 2640"},"content":{"rendered":"<div class=\"flex-1 overflow-hidden @container\/thread\">\n<div class=\"h-full\">\n<div class=\"react-scroll-to-bottom--css-vxybp-79elbk h-full\">\n<div class=\"react-scroll-to-bottom--css-vxybp-1n7m0yu\">\n<div class=\"flex flex-col text-sm\">\n<article class=\"w-full scroll-mb-[var(--thread-trailing-height,150px)] text-token-text-primary focus-visible:outline-2 focus-visible:outline-offset-[-4px]\" dir=\"auto\" data-testid=\"conversation-turn-261\" data-scroll-anchor=\"true\">\n<div class=\"m-auto text-base py-[18px] px-3 md:px-4 w-full md:px-5 lg:px-4 xl:px-5\">\n<div class=\"mx-auto flex flex-1 gap-4 text-base md:gap-5 lg:gap-6 md:max-w-3xl\">\n<div class=\"group\/conversation-turn relative flex w-full min-w-0 flex-col agent-turn\">\n<div class=\"flex-col gap-1 md:gap-3\">\n<div class=\"flex max-w-full flex-col flex-grow\">\n<div class=\"min-h-8 text-message flex w-full flex-col items-end gap-2 whitespace-normal break-words text-start [.text-message+&amp;]:mt-5\" dir=\"auto\" data-message-author-role=\"assistant\" data-message-id=\"25b2b5ff-77fd-4853-9363-e7e8f743eaf2\" data-message-model-slug=\"gpt-4o-mini\">\n<div class=\"flex w-full flex-col gap-1 empty:hidden first:pt-[3px]\">\n<div class=\"markdown prose w-full break-words dark:prose-invert light\">\n<p><strong>CRKT CLEVER GIRL FOLDER 2640<\/strong> je vysoce v\u00fdkonn\u00fd taktick\u00fd zav\u00edrac\u00ed n\u016f\u017e navr\u017een\u00fd pro ty, kte\u0159\u00ed pot\u0159ebuj\u00ed n\u00e1stroj schopn\u00fd zvl\u00e1dnout nejn\u00e1ro\u010dn\u011bj\u0161\u00ed situace. Tento n\u016f\u017e je sou\u010d\u00e1st\u00ed programu <strong>Forged By War\u00ae<\/strong>, kter\u00fd spolupracuje s vojensk\u00fdmi veter\u00e1ny na v\u00fdvoji n\u00e1stroj\u016f ur\u010den\u00fdch pro bojov\u00e9 a krizov\u00e9 sc\u00e9n\u00e1\u0159e.<\/p>\n<h3><strong>Hlavn\u00ed vlastnosti a specifikace:<\/strong><\/h3>\n<ol>\n<li><strong>D\u00e9lka \u010depele<\/strong>: 4,10&#8243; (104,14 mm)\n<ul>\n<li>S d\u00e9lkou \u010depele 4,10 palce je n\u016f\u017e vhodn\u00fd pro r\u016fzn\u00e9 \u00fakoly v taktick\u00fdch nebo krizov\u00fdch situac\u00edch, a\u0165 u\u017e jde o \u0159ez\u00e1n\u00ed, kr\u00e1jen\u00ed nebo defenzivn\u00ed pou\u017eit\u00ed.<\/li>\n<\/ul>\n<\/li>\n<li><strong>Materi\u00e1l \u010depele<\/strong>: <strong>D2 ocel<\/strong>\n<ul>\n<li>D2 je zn\u00e1m\u00e1 pro svou vynikaj\u00edc\u00ed tvrdost a odolnost v\u016f\u010di opot\u0159eben\u00ed, co\u017e je ide\u00e1ln\u00ed pro t\u011b\u017ek\u00e9 \u00fakoly, jako je \u0159ez\u00e1n\u00ed tvrd\u00fdch materi\u00e1l\u016f. Tento materi\u00e1l m\u00e1 tak\u00e9 slu\u0161nou odolnost proti korozi, co\u017e je kl\u00ed\u010dov\u00e9 pro pou\u017eit\u00ed v n\u00e1ro\u010dn\u00fdch podm\u00ednk\u00e1ch.<\/li>\n<\/ul>\n<\/li>\n<li><strong>Povrchov\u00e1 \u00faprava \u010depele<\/strong>: <strong>Nitrid titanu<\/strong>\n<ul>\n<li>Titanov\u00e1 nitridov\u00e1 \u00faprava p\u0159id\u00e1v\u00e1 extra ochranu proti opot\u0159eben\u00ed a zvy\u0161uje odolnost proti korozi. Tato \u00faprava tak\u00e9 minimalizuje odlesky, co\u017e je v\u00fdhodn\u00e9 pro taktick\u00e9 pou\u017eit\u00ed.<\/li>\n<\/ul>\n<\/li>\n<li><strong>Tlou\u0161\u0165ka \u010depele<\/strong>: 0,15&#8243; (3,81 mm)\n<ul>\n<li>\u010cepel m\u00e1 ide\u00e1ln\u00ed tlou\u0161\u0165ku pro vysoce efektivn\u00ed \u0159ez\u00e1n\u00ed a z\u00e1rove\u0148 dostate\u010dnou pevnost pro tvrd\u0161\u00ed \u00fakoly.<\/li>\n<\/ul>\n<\/li>\n<li><strong>Celkov\u00e1 d\u00e9lka<\/strong>: 9,50&#8243; (241,30 mm)\n<ul>\n<li>Tento n\u016f\u017e je dostate\u010dn\u011b velk\u00fd pro tvrd\u00e9 \u00fakoly a z\u00e1rove\u0148 st\u00e1le dost kompaktn\u00ed na to, aby se snadno nosil v kapse nebo na opasku.<\/li>\n<\/ul>\n<\/li>\n<li><strong>Uzav\u0159en\u00e1 d\u00e9lka<\/strong>: 5,43&#8243; (137,85 mm)\n<ul>\n<li>Po slo\u017een\u00ed je n\u016f\u017e kompaktn\u00ed, tak\u017ee jej lze pohodln\u011b nosit a schovat, kdy\u017e nen\u00ed pot\u0159eba.<\/li>\n<\/ul>\n<\/li>\n<li><strong>Hmotnost<\/strong>: 6,70 oz. (189,94 g)\n<ul>\n<li>Hmotnost je vy\u0161\u0161\u00ed d\u00edky robustn\u00ed konstrukci a kvalitn\u00edm materi\u00e1l\u016fm, co\u017e je p\u0159irozen\u00e9 pro taktick\u00fd n\u016f\u017e, kter\u00fd je ur\u010den k intenzivn\u00edmu pou\u017e\u00edv\u00e1n\u00ed.<\/li>\n<\/ul>\n<\/li>\n<li><strong>Rukoje\u0165<\/strong>: <strong>G10<\/strong>\n<ul>\n<li>Rukoje\u0165 z materi\u00e1lu G10 poskytuje vynikaj\u00edc\u00ed \u00fachop, zejm\u00e9na v n\u00e1ro\u010dn\u00fdch podm\u00ednk\u00e1ch. Tento materi\u00e1l je zn\u00e1m\u00fd svou odolnost\u00ed a texturou, kter\u00e1 zaji\u0161\u0165uje pevn\u00e9 uchopen\u00ed i v mokr\u00fdch nebo kluzk\u00fdch podm\u00ednk\u00e1ch.<\/li>\n<\/ul>\n<\/li>\n<li><strong>Z\u00e1mek<\/strong>: <strong>Deadbolt\u00ae<\/strong>\n<ul>\n<li><strong>Deadbolt\u00ae<\/strong> je jedine\u010dn\u00fd z\u00e1mkov\u00fd mechanismus, kter\u00fd zaji\u0161\u0165uje vysokou pevnost a stabilitu p\u0159i pou\u017eit\u00ed no\u017ee. Ocelov\u00e9 \u0161rouby v z\u00e1mku zaji\u0161\u0165uj\u00ed, \u017ee \u010depel z\u016fstane bezpe\u010dn\u011b uzam\u010den\u00e1 i p\u0159i siln\u00e9m pou\u017eit\u00ed. Pro jednoduch\u00e9 a intuitivn\u00ed odpojen\u00ed je na no\u017ei um\u00edst\u011bno v\u00fdrazn\u00e9 tla\u010d\u00edtko, kter\u00e9 umo\u017e\u0148uje snadn\u00e9 a bezpe\u010dn\u00e9 slo\u017een\u00ed no\u017ee.<\/li>\n<\/ul>\n<\/li>\n<\/ol>\n<h3><strong>Hlavn\u00ed funkce a v\u00fdhody:<\/strong><\/h3>\n<ol>\n<li><strong>Rychl\u00e9 a intuitivn\u00ed otev\u0159en\u00ed<\/strong>:\n<ul>\n<li>N\u016f\u017e je navr\u017een tak, aby se rychle otev\u00edral, co\u017e je kl\u00ed\u010dov\u00e9 v krizov\u00fdch situac\u00edch. Otev\u00edr\u00e1n\u00ed je snadn\u00e9 d\u00edky flipperu, kter\u00fd umo\u017e\u0148uje okam\u017eit\u00e9 nasazen\u00ed no\u017ee do pln\u011b otev\u0159en\u00e9 pozice.<\/li>\n<\/ul>\n<\/li>\n<li><strong>Psychologick\u00fd efekt<\/strong>:\n<ul>\n<li>Clever Girl\u2122 je v\u00edce ne\u017e jen n\u00e1stroj; je to psychologick\u00fd odstra\u0161uj\u00edc\u00ed prost\u0159edek. Kdy\u017e ho vyt\u00e1hnete v krizov\u00e9 situaci, m\u016f\u017ee to rychle d\u00e1t \u00fato\u010dn\u00edkovi najevo, \u017ee situaci berete v\u00e1\u017en\u011b.<\/li>\n<\/ul>\n<\/li>\n<li><strong>Deadbolt\u00ae z\u00e1mek pro maxim\u00e1ln\u00ed pevnost<\/strong>:\n<ul>\n<li>Tento inovativn\u00ed z\u00e1mek je unik\u00e1tn\u00ed svou silou a bezpe\u010dnost\u00ed. Je navr\u017een tak, aby zajistil, \u017ee \u010depel bude dr\u017eet pevn\u011b na m\u00edst\u011b i p\u0159i t\u011b\u017ek\u00e9m pou\u017eit\u00ed. Z\u00e1mek je tak\u00e9 snadno odpojiteln\u00fd, co\u017e umo\u017e\u0148uje rychl\u00e9 slo\u017een\u00ed no\u017ee, kdy\u017e to pot\u0159ebujete.<\/li>\n<\/ul>\n<\/li>\n<li><strong>Forged By War\u00ae program<\/strong>:\n<ul>\n<li>Tento n\u016f\u017e je sou\u010d\u00e1st\u00ed programu <strong>Forged By War\u00ae<\/strong>, co\u017e znamen\u00e1, \u017ee byl navr\u017een veter\u00e1ny pro veter\u00e1ny. V\u00fdt\u011b\u017eek z prodeje tohoto no\u017ee podporuje charitativn\u00ed organizace, kter\u00e9 pom\u00e1haj\u00ed v\u00e1le\u010dn\u00fdm veter\u00e1n\u016fm a zlep\u0161uj\u00ed jejich \u017eivoty. Austin McGlaun, kter\u00fd navrhl tento n\u016f\u017e, se rozhodl podpo\u0159it organizaci <strong>OATH<\/strong>, kter\u00e1 pom\u00e1h\u00e1 zdravotn\u011b posti\u017een\u00fdm veter\u00e1n\u016fm prost\u0159ednictv\u00edm outdoorov\u00fdch aktivit a k\u0159es\u0165ansk\u00fdch podp\u016frn\u00fdch skupin.<\/li>\n<\/ul>\n<\/li>\n<\/ol>\n<h3><strong>Vyu\u017eit\u00ed:<\/strong><\/h3>\n<ul>\n<li><strong>Taktick\u00e9 a sebeobrann\u00e9 situace<\/strong>: Tento n\u016f\u017e je navr\u017een p\u0159edev\u0161\u00edm pro taktick\u00fd a sebeobrann\u00fd pou\u017eit\u00ed v extr\u00e9mn\u00edch podm\u00ednk\u00e1ch, kde je t\u0159eba rychle reagovat a m\u00edt k dispozici spolehliv\u00fd n\u00e1stroj.<\/li>\n<li><strong>Ka\u017edodenn\u00ed no\u0161en\u00ed (EDC)<\/strong>: D\u00edky robustn\u00ed konstrukci a vynikaj\u00edc\u00ed odolnosti je vhodn\u00fd i pro ka\u017edodenn\u00ed no\u0161en\u00ed, pokud hled\u00e1te n\u00e1stroj, kter\u00fd je p\u0159ipraven na n\u00e1ro\u010dn\u00e9 \u00fakoly.<\/li>\n<li><strong>Speci\u00e1ln\u00ed operace a p\u0159e\u017eit\u00ed<\/strong>: N\u016f\u017e je ide\u00e1ln\u00ed pro vojensk\u00e9, policejn\u00ed a jin\u00e9 profesion\u00e1ly, kte\u0159\u00ed pot\u0159ebuj\u00ed odoln\u00fd n\u00e1stroj pro rychl\u00e9 \u0159e\u0161en\u00ed krizov\u00fdch situac\u00ed.<\/li>\n<\/ul>\n<h3><strong>Z\u00e1v\u011br:<\/strong><\/h3>\n<p><strong>CRKT CLEVER GIRL FOLDER 2640<\/strong> je vysoce kvalitn\u00ed, taktick\u00fd n\u016f\u017e navr\u017een\u00fd pro maxim\u00e1ln\u00ed spolehlivost a efektivitu v krizov\u00fdch situac\u00edch. D\u00edky siln\u00e9mu mechanismu Deadbolt\u00ae, odoln\u00e9 konstrukci a jedine\u010dn\u00e9mu designu je to ide\u00e1ln\u00ed volba pro profesion\u00e1ly, kte\u0159\u00ed pot\u0159ebuj\u00ed n\u00e1stroj, na kter\u00fd se mohou spolehnout v nejn\u00e1ro\u010dn\u011bj\u0161\u00edch podm\u00ednk\u00e1ch. Nav\u00edc podpo\u0159en\u00fd programem <strong>Forged By War\u00ae<\/strong>, m\u00e1 tento n\u016f\u017e nejen skv\u011blou funk\u010dnost, ale i siln\u00fd p\u0159\u00edb\u011bh a podporu veter\u00e1n\u016f.<\/p>\n<\/div>\n<\/div>\n<\/div>\n<\/div>\n<div class=\"mb-2 flex gap-3 empty:hidden -ml-2\">\n<div class=\"items-center justify-start rounded-xl p-1 flex\">\n<div class=\"flex items-center\"><\/div>\n<\/div>\n<\/div>\n<div class=\"pr-2 lg:pr-0\"><\/div>\n<\/div>\n<\/div>\n<\/div>\n<\/div>\n<\/article>\n<\/div>\n<\/div>\n<\/div>\n<\/div>\n<\/div>\n<p><iframe title=\"CRKT Deadbolt | How It Works\" width=\"800\" height=\"450\" src=\"https:\/\/www.youtube.com\/embed\/a9-QlFg2kE8?feature=oembed\" frameborder=\"0\" allow=\"accelerometer; autoplay; clipboard-write; encrypted-media; gyroscope; picture-in-picture; web-share\" referrerpolicy=\"strict-origin-when-cross-origin\" allowfullscreen><\/iframe><\/p>\n<p><iframe title=\"Ryan Johnson of RMJ Tactical  | Designer Vision\" width=\"800\" height=\"450\" src=\"https:\/\/www.youtube.com\/embed\/-ct3VOFRpRA?feature=oembed\" frameborder=\"0\" allow=\"accelerometer; autoplay; clipboard-write; encrypted-media; gyroscope; picture-in-picture; web-share\" referrerpolicy=\"strict-origin-when-cross-origin\" allowfullscreen><\/iframe><\/p>\n<p>&nbsp;<\/p>\n","protected":false},"excerpt":{"rendered":"<p><strong>CRKT CLEVER GIRL FOLDER 2640 je vysoce kvalitn\u00ed, taktick\u00fd n\u016f\u017e navr\u017een\u00fd pro maxim\u00e1ln\u00ed spolehlivost a efektivitu v krizov\u00fdch situac\u00edch. D\u00edky siln\u00e9mu mechanismu Deadbolt\u00ae, odoln\u00e9 konstrukci a jedine\u010dn\u00e9mu designu je to ide\u00e1ln\u00ed volba pro profesion\u00e1ly, kte\u0159\u00ed pot\u0159ebuj\u00ed n\u00e1stroj, na kter\u00fd se mohou spolehnout v nejn\u00e1ro\u010dn\u011bj\u0161\u00edch podm\u00ednk\u00e1ch. Nav\u00edc podpo\u0159en\u00fd programem Forged By War\u00ae, m\u00e1 tento n\u016f\u017e nejen skv\u011blou funk\u010dnost, ale i siln\u00fd p\u0159\u00edb\u011bh a podporu veter\u00e1n\u016f.<\/strong><\/p>\n<p><strong>Doprava zdarma.<\/strong><\/p>\n","protected":false},"featured_media":222343,"comment_status":"open","ping_status":"closed","template":"","meta":[],"pwb-brand":[209],"product_brand":[],"product_cat":[22,17],"product_tag":[3667],"class_list":{"0":"post-222342","1":"product","2":"type-product","3":"status-publish","4":"has-post-thumbnail","6":"pwb-brand-crkt","7":"product_cat-zaviraci-noze","8":"product_cat-noze","9":"product_tag-b2b","11":"first","12":"instock","13":"taxable","14":"shipping-taxable","15":"purchasable","16":"product-type-simple"},"brands":[{"id":209,"name":"CRKT","slug":"crkt"}],"_links":{"self":[{"href":"https:\/\/www.moskito.cz\/es\/wp-json\/wp\/v2\/product\/222342","targetHints":{"allow":["GET"]}}],"collection":[{"href":"https:\/\/www.moskito.cz\/es\/wp-json\/wp\/v2\/product"}],"about":[{"href":"https:\/\/www.moskito.cz\/es\/wp-json\/wp\/v2\/types\/product"}],"replies":[{"embeddable":true,"href":"https:\/\/www.moskito.cz\/es\/wp-json\/wp\/v2\/comments?post=222342"}],"wp:featuredmedia":[{"embeddable":true,"href":"https:\/\/www.moskito.cz\/es\/wp-json\/wp\/v2\/media\/222343"}],"wp:attachment":[{"href":"https:\/\/www.moskito.cz\/es\/wp-json\/wp\/v2\/media?parent=222342"}],"wp:term":[{"taxonomy":"pwb-brand","embeddable":true,"href":"https:\/\/www.moskito.cz\/es\/wp-json\/wp\/v2\/pwb-brand?post=222342"},{"taxonomy":"product_brand","embeddable":true,"href":"https:\/\/www.moskito.cz\/es\/wp-json\/wp\/v2\/product_brand?post=222342"},{"taxonomy":"product_cat","embeddable":true,"href":"https:\/\/www.moskito.cz\/es\/wp-json\/wp\/v2\/product_cat?post=222342"},{"taxonomy":"product_tag","embeddable":true,"href":"https:\/\/www.moskito.cz\/es\/wp-json\/wp\/v2\/product_tag?post=222342"}],"curies":[{"name":"wp","href":"https:\/\/api.w.org\/{rel}","templated":true}]}}